{"id":999,"date":"2025-06-06T10:01:05","date_gmt":"2025-06-06T08:01:05","guid":{"rendered":"https:\/\/rrunning.tribalt.agency\/?post_type=product&#038;p=999"},"modified":"2025-06-06T10:01:05","modified_gmt":"2025-06-06T08:01:05","slug":"barre-energetique-mangue-goji","status":"publish","type":"product","link":"https:\/\/rrunning.tribalt.agency\/?product=barre-energetique-mangue-goji","title":{"rendered":"BARRE ENERGETIQUE MANGUE\/GOJI"},"content":{"rendered":"<p><strong>Mangue\/Goji\u00a0<\/strong>(Simple, fruit\u00e9) : P\u00e2te de datte, morceaux de mangue s\u00e9ch\u00e9es 22%, p\u00e2te d'amandes sucr\u00e9e (amandes, miel, eau), amandes d\u00e9cortiqu\u00e9es 14%, baies de goji 4,5%, flocons d'avoine larges, graines de chia, sel de Gu\u00e9rande.<\/p>\n<h3 class=\"mb-4 size--default sm-size--default\">Barre bio made in France<\/h3>\n<div class=\"rte rte--no-max size--default sm-size--default\">\n<p>Si vous recherchez une source d'\u00e9nergie naturelle ou une collation saine pour accompagner vos activit\u00e9s physiques ou votre quotidien, nos barres \u00e9nerg\u00e9tiques sont la solution id\u00e9ale !<\/p>\n<p>Fabriqu\u00e9es en France \u00e0 partir d'ingr\u00e9dients 100% biologiques et naturels, nos barres sont con\u00e7ues pour vous offrir efficacit\u00e9, qualit\u00e9, plaisir et gourmandise. Disponibles en 4 saveurs (choco-noisette, ananas-coco, abricot-cajou, mangue-goji), leur caract\u00e8re naturel offre un apport riche en nutriments, parfait pour les personnes soucieuses de leur sant\u00e9.<\/p>\n<\/div>\n","protected":false},"excerpt":{"rendered":"<p>Mangue\/Goji\u00a0(Simple, fruit\u00e9) : P\u00e2te de datte, morceaux de mangue s\u00e9ch\u00e9es 22%, p\u00e2te d'amandes sucr\u00e9e (amandes, miel, eau), amandes d\u00e9cortiqu\u00e9es 14%, baies de goji 4,5%, flocons d'avoine larges, graines de chia, sel de Gu\u00e9rande. Barre bio made in France Si vous recherchez une source d'\u00e9nergie naturelle ou une collation saine pour accompagner vos activit\u00e9s physiques ou [&hellip;]<\/p>\n","protected":false},"featured_media":1000,"template":"","meta":[],"pwb-brand":[128],"product_brand":[],"product_cat":[84],"product_tag":[],"class_list":{"0":"post-999","1":"product","2":"type-product","3":"status-publish","4":"has-post-thumbnail","6":"pwb-brand-ta-energie","7":"product_cat-nutrition","9":"first","10":"instock","11":"shipping-taxable","12":"purchasable","13":"product-type-simple"},"brands":[{"id":128,"name":"TA ENERGIE","slug":"ta-energie"}],"_links":{"self":[{"href":"https:\/\/rrunning.tribalt.agency\/index.php?rest_route=\/wp\/v2\/product\/999","targetHints":{"allow":["GET"]}}],"collection":[{"href":"https:\/\/rrunning.tribalt.agency\/index.php?rest_route=\/wp\/v2\/product"}],"about":[{"href":"https:\/\/rrunning.tribalt.agency\/index.php?rest_route=\/wp\/v2\/types\/product"}],"wp:featuredmedia":[{"embeddable":true,"href":"https:\/\/rrunning.tribalt.agency\/index.php?rest_route=\/wp\/v2\/media\/1000"}],"wp:attachment":[{"href":"https:\/\/rrunning.tribalt.agency\/index.php?rest_route=%2Fwp%2Fv2%2Fmedia&parent=999"}],"wp:term":[{"taxonomy":"pwb-brand","embeddable":true,"href":"https:\/\/rrunning.tribalt.agency\/index.php?rest_route=%2Fwp%2Fv2%2Fpwb-brand&post=999"},{"taxonomy":"product_brand","embeddable":true,"href":"https:\/\/rrunning.tribalt.agency\/index.php?rest_route=%2Fwp%2Fv2%2Fproduct_brand&post=999"},{"taxonomy":"product_cat","embeddable":true,"href":"https:\/\/rrunning.tribalt.agency\/index.php?rest_route=%2Fwp%2Fv2%2Fproduct_cat&post=999"},{"taxonomy":"product_tag","embeddable":true,"href":"https:\/\/rrunning.tribalt.agency\/index.php?rest_route=%2Fwp%2Fv2%2Fproduct_tag&post=999"}],"curies":[{"name":"wp","href":"https:\/\/api.w.org\/{rel}","templated":true}]}}