{"id":992,"date":"2025-06-06T09:48:56","date_gmt":"2025-06-06T07:48:56","guid":{"rendered":"https:\/\/rrunning.tribalt.agency\/?post_type=product&#038;p=992"},"modified":"2025-06-06T09:48:57","modified_gmt":"2025-06-06T07:48:57","slug":"pate-a-tartiner-proteinee-cacao-200g","status":"publish","type":"product","link":"https:\/\/rrunning.tribalt.agency\/?product=pate-a-tartiner-proteinee-cacao-200g","title":{"rendered":"PATE A TARTINER PROTEINEE CACAO 200G"},"content":{"rendered":"<p><span><strong>Ultra Gourmande, Ultra Prot\u00e9in\u00e9e, Ultra Saine !<\/strong><\/span><\/p>\n<ul>\n<li><span><strong>68% moins sucr\u00e9e<\/strong>\u00a0que la majorit\u00e9 des p\u00e2tes \u00e0 tartiner<\/span><\/li>\n<\/ul>\n<ul>\n<li><span><strong>18% de prot\u00e9ines v\u00e9g\u00e9tales<\/strong><\/span><\/li>\n<li><span><strong>70% de noisettes &amp; noix de cajou<\/strong><\/span><\/li>\n<li><strong>1440mg\u00a0<\/strong>de BCAA<\/li>\n<li><span><strong>Sans huile de palme<\/strong><\/span><\/li>\n<li><span>Cuisin\u00e9e en France<\/span><\/li>\n<li><span><strong>Sans lait et sans gluten<\/strong>\u00a0pour une digestion optimale<\/span><\/li>\n<\/ul>\n<p><strong>\u00c0 consommer en encas sain pour ta r\u00e9cup\u00e9ration.<\/strong><\/p>\n","protected":false},"excerpt":{"rendered":"<p>Ultra Gourmande, Ultra Prot\u00e9in\u00e9e, Ultra Saine ! 68% moins sucr\u00e9e\u00a0que la majorit\u00e9 des p\u00e2tes \u00e0 tartiner 18% de prot\u00e9ines v\u00e9g\u00e9tales 70% de noisettes &amp; noix de cajou 1440mg\u00a0de BCAA Sans huile de palme Cuisin\u00e9e en France Sans lait et sans gluten\u00a0pour une digestion optimale \u00c0 consommer en encas sain pour ta r\u00e9cup\u00e9ration.<\/p>\n","protected":false},"featured_media":993,"template":"","meta":[],"pwb-brand":[90],"product_brand":[],"product_cat":[84],"product_tag":[],"class_list":{"0":"post-992","1":"product","2":"type-product","3":"status-publish","4":"has-post-thumbnail","6":"pwb-brand-baouw-organic","7":"product_cat-nutrition","9":"first","10":"instock","11":"shipping-taxable","12":"purchasable","13":"product-type-simple"},"brands":[{"id":90,"name":"BAOUW ORGANIC","slug":"baouw-organic"}],"_links":{"self":[{"href":"https:\/\/rrunning.tribalt.agency\/index.php?rest_route=\/wp\/v2\/product\/992","targetHints":{"allow":["GET"]}}],"collection":[{"href":"https:\/\/rrunning.tribalt.agency\/index.php?rest_route=\/wp\/v2\/product"}],"about":[{"href":"https:\/\/rrunning.tribalt.agency\/index.php?rest_route=\/wp\/v2\/types\/product"}],"wp:featuredmedia":[{"embeddable":true,"href":"https:\/\/rrunning.tribalt.agency\/index.php?rest_route=\/wp\/v2\/media\/993"}],"wp:attachment":[{"href":"https:\/\/rrunning.tribalt.agency\/index.php?rest_route=%2Fwp%2Fv2%2Fmedia&parent=992"}],"wp:term":[{"taxonomy":"pwb-brand","embeddable":true,"href":"https:\/\/rrunning.tribalt.agency\/index.php?rest_route=%2Fwp%2Fv2%2Fpwb-brand&post=992"},{"taxonomy":"product_brand","embeddable":true,"href":"https:\/\/rrunning.tribalt.agency\/index.php?rest_route=%2Fwp%2Fv2%2Fproduct_brand&post=992"},{"taxonomy":"product_cat","embeddable":true,"href":"https:\/\/rrunning.tribalt.agency\/index.php?rest_route=%2Fwp%2Fv2%2Fproduct_cat&post=992"},{"taxonomy":"product_tag","embeddable":true,"href":"https:\/\/rrunning.tribalt.agency\/index.php?rest_route=%2Fwp%2Fv2%2Fproduct_tag&post=992"}],"curies":[{"name":"wp","href":"https:\/\/api.w.org\/{rel}","templated":true}]}}