{"id":978,"date":"2025-06-06T09:40:25","date_gmt":"2025-06-06T07:40:25","guid":{"rendered":"https:\/\/rrunning.tribalt.agency\/?post_type=product&#038;p=978"},"modified":"2025-06-06T09:40:25","modified_gmt":"2025-06-06T07:40:25","slug":"flasque-trail-puree-200ml","status":"publish","type":"product","link":"https:\/\/rrunning.tribalt.agency\/?product=flasque-trail-puree-200ml","title":{"rendered":"FLASQUE TRAIL PUREE 200ML"},"content":{"rendered":"<p><span><strong>La flasque\u00a0tant attendue par les amateurs de pur\u00e9e !<\/strong><\/span><\/p>\n<p><span>Une flasque aux couleurs Baouw, adapt\u00e9 pour la recharge de vos pur\u00e9es Eco-Recharges XXL 330g. Tu pourras l'emmener partout lors de tes sorties que ce soit dans le sac ou \u00e0 la main. Baouw a pens\u00e9 \u00e0 tout !<\/span><\/p>\n","protected":false},"excerpt":{"rendered":"<p>La flasque\u00a0tant attendue par les amateurs de pur\u00e9e ! Une flasque aux couleurs Baouw, adapt\u00e9 pour la recharge de vos pur\u00e9es Eco-Recharges XXL 330g. Tu pourras l'emmener partout lors de tes sorties que ce soit dans le sac ou \u00e0 la main. Baouw a pens\u00e9 \u00e0 tout !<\/p>\n","protected":false},"featured_media":979,"template":"","meta":[],"pwb-brand":[90],"product_brand":[],"product_cat":[84],"product_tag":[],"class_list":{"0":"post-978","1":"product","2":"type-product","3":"status-publish","4":"has-post-thumbnail","6":"pwb-brand-baouw-organic","7":"product_cat-nutrition","9":"first","10":"instock","11":"shipping-taxable","12":"purchasable","13":"product-type-simple"},"brands":[{"id":90,"name":"BAOUW ORGANIC","slug":"baouw-organic"}],"_links":{"self":[{"href":"https:\/\/rrunning.tribalt.agency\/index.php?rest_route=\/wp\/v2\/product\/978","targetHints":{"allow":["GET"]}}],"collection":[{"href":"https:\/\/rrunning.tribalt.agency\/index.php?rest_route=\/wp\/v2\/product"}],"about":[{"href":"https:\/\/rrunning.tribalt.agency\/index.php?rest_route=\/wp\/v2\/types\/product"}],"wp:featuredmedia":[{"embeddable":true,"href":"https:\/\/rrunning.tribalt.agency\/index.php?rest_route=\/wp\/v2\/media\/979"}],"wp:attachment":[{"href":"https:\/\/rrunning.tribalt.agency\/index.php?rest_route=%2Fwp%2Fv2%2Fmedia&parent=978"}],"wp:term":[{"taxonomy":"pwb-brand","embeddable":true,"href":"https:\/\/rrunning.tribalt.agency\/index.php?rest_route=%2Fwp%2Fv2%2Fpwb-brand&post=978"},{"taxonomy":"product_brand","embeddable":true,"href":"https:\/\/rrunning.tribalt.agency\/index.php?rest_route=%2Fwp%2Fv2%2Fproduct_brand&post=978"},{"taxonomy":"product_cat","embeddable":true,"href":"https:\/\/rrunning.tribalt.agency\/index.php?rest_route=%2Fwp%2Fv2%2Fproduct_cat&post=978"},{"taxonomy":"product_tag","embeddable":true,"href":"https:\/\/rrunning.tribalt.agency\/index.php?rest_route=%2Fwp%2Fv2%2Fproduct_tag&post=978"}],"curies":[{"name":"wp","href":"https:\/\/api.w.org\/{rel}","templated":true}]}}