{"id":974,"date":"2025-06-06T09:38:21","date_gmt":"2025-06-06T07:38:21","guid":{"rendered":"https:\/\/rrunning.tribalt.agency\/?post_type=product&#038;p=974"},"modified":"2025-06-06T09:54:23","modified_gmt":"2025-06-06T07:54:23","slug":"electrolytes-mure","status":"publish","type":"product","link":"https:\/\/rrunning.tribalt.agency\/?product=electrolytes-mure","title":{"rendered":"ELECTROLYTES MURE"},"content":{"rendered":"<p><strong>Les pastilles d\u2019hydratation les plus compl\u00e8tes jamais cr\u00e9\u00e9es !<\/strong><\/p>\n<ul>\n<li><strong>Les plus concentr\u00e9es<\/strong>\u00a0: 706 mg d\u2019\u00e9lectrolytes par pastille, soit +60% par rapport aux concurrents*.<\/li>\n<li><strong>Les plus compl\u00e8tes\u00a0<\/strong>: 4 min\u00e9raux + 4 vitamines B + antioxydants.<\/li>\n<li><strong>Les plus assimilables\u00a0<\/strong>:\u00a0Formule naturelle, des ingr\u00e9dients soigneusement s\u00e9lectionn\u00e9s pour leur haute assimilation.<\/li>\n<li><strong>Les plus propres<\/strong>\u00a0: Sans \u00e9dulcorants artificiels, sans sorbitol, sans colorants, sans conservateurs.<\/li>\n<\/ul>\n<p><strong>\u00c0 dissoudre dans 500ml d'eau pour un dosage optimal. Adaptable en fonction de l'effort.<\/strong><\/p>\n<p>DDM (date de durabilit\u00e9 minimale) : 12 mois garantis<\/p>\n<p><strong>Tube de 10 pastilles\u00a0<\/strong>\u00e0 emmener partout avec toi.<\/p>\n","protected":false},"excerpt":{"rendered":"<p>Les pastilles d\u2019hydratation les plus compl\u00e8tes jamais cr\u00e9\u00e9es ! Les plus concentr\u00e9es\u00a0: 706 mg d\u2019\u00e9lectrolytes par pastille, soit +60% par rapport aux concurrents*. Les plus compl\u00e8tes\u00a0: 4 min\u00e9raux + 4 vitamines B + antioxydants. Les plus assimilables\u00a0:\u00a0Formule naturelle, des ingr\u00e9dients soigneusement s\u00e9lectionn\u00e9s pour leur haute assimilation. Les plus propres\u00a0: Sans \u00e9dulcorants artificiels, sans sorbitol, sans [&hellip;]<\/p>\n","protected":false},"featured_media":996,"template":"","meta":[],"pwb-brand":[90],"product_brand":[],"product_cat":[84],"product_tag":[],"class_list":{"0":"post-974","1":"product","2":"type-product","3":"status-publish","4":"has-post-thumbnail","6":"pwb-brand-baouw-organic","7":"product_cat-nutrition","9":"first","10":"instock","11":"shipping-taxable","12":"purchasable","13":"product-type-simple"},"brands":[{"id":90,"name":"BAOUW ORGANIC","slug":"baouw-organic"}],"_links":{"self":[{"href":"https:\/\/rrunning.tribalt.agency\/index.php?rest_route=\/wp\/v2\/product\/974","targetHints":{"allow":["GET"]}}],"collection":[{"href":"https:\/\/rrunning.tribalt.agency\/index.php?rest_route=\/wp\/v2\/product"}],"about":[{"href":"https:\/\/rrunning.tribalt.agency\/index.php?rest_route=\/wp\/v2\/types\/product"}],"wp:featuredmedia":[{"embeddable":true,"href":"https:\/\/rrunning.tribalt.agency\/index.php?rest_route=\/wp\/v2\/media\/996"}],"wp:attachment":[{"href":"https:\/\/rrunning.tribalt.agency\/index.php?rest_route=%2Fwp%2Fv2%2Fmedia&parent=974"}],"wp:term":[{"taxonomy":"pwb-brand","embeddable":true,"href":"https:\/\/rrunning.tribalt.agency\/index.php?rest_route=%2Fwp%2Fv2%2Fpwb-brand&post=974"},{"taxonomy":"product_brand","embeddable":true,"href":"https:\/\/rrunning.tribalt.agency\/index.php?rest_route=%2Fwp%2Fv2%2Fproduct_brand&post=974"},{"taxonomy":"product_cat","embeddable":true,"href":"https:\/\/rrunning.tribalt.agency\/index.php?rest_route=%2Fwp%2Fv2%2Fproduct_cat&post=974"},{"taxonomy":"product_tag","embeddable":true,"href":"https:\/\/rrunning.tribalt.agency\/index.php?rest_route=%2Fwp%2Fv2%2Fproduct_tag&post=974"}],"curies":[{"name":"wp","href":"https:\/\/api.w.org\/{rel}","templated":true}]}}