{"id":966,"date":"2025-06-06T09:33:41","date_gmt":"2025-06-06T07:33:41","guid":{"rendered":"https:\/\/rrunning.tribalt.agency\/?post_type=product&#038;p=966"},"modified":"2025-06-06T09:33:41","modified_gmt":"2025-06-06T07:33:41","slug":"compote-patate-douce-carotte-poivre-timut-90g","status":"publish","type":"product","link":"https:\/\/rrunning.tribalt.agency\/?product=compote-patate-douce-carotte-poivre-timut-90g","title":{"rendered":"COMPOTE PATATE DOUCE CAROTTE POIVRE TIMUT 90G"},"content":{"rendered":"<p>Une compote\u00a0<strong>sal\u00e9e 100% BIO &amp; d'origine naturelle\u00a0:<\/strong><\/p>\n<ul>\n<li>Plaisir du\u00a0<b>go\u00fbt in\u00e9gal\u00e9<\/b>\u00a0(concoct\u00e9 par notre chef \u00e9toil\u00e9)<\/li>\n<li><strong>Permet d'alterner<\/strong>\u00a0entre du fruit\u00e9 et du sal\u00e9<b><\/b><\/li>\n<li><b>114 kcal<\/b>\u00a0par pur\u00e9e<\/li>\n<\/ul>\n<p><strong>Une pur\u00e9e toutes les 30 minutes environ, selon l'intensit\u00e9 de l'effort.<\/strong><\/p>\n","protected":false},"excerpt":{"rendered":"<p>Une compote\u00a0sal\u00e9e 100% BIO &amp; d'origine naturelle\u00a0: Plaisir du\u00a0go\u00fbt in\u00e9gal\u00e9\u00a0(concoct\u00e9 par notre chef \u00e9toil\u00e9) Permet d'alterner\u00a0entre du fruit\u00e9 et du sal\u00e9 114 kcal\u00a0par pur\u00e9e Une pur\u00e9e toutes les 30 minutes environ, selon l'intensit\u00e9 de l'effort.<\/p>\n","protected":false},"featured_media":967,"template":"","meta":[],"pwb-brand":[90],"product_brand":[],"product_cat":[84],"product_tag":[],"class_list":{"0":"post-966","1":"product","2":"type-product","3":"status-publish","4":"has-post-thumbnail","6":"pwb-brand-baouw-organic","7":"product_cat-nutrition","9":"first","10":"instock","11":"shipping-taxable","12":"purchasable","13":"product-type-simple"},"brands":[{"id":90,"name":"BAOUW ORGANIC","slug":"baouw-organic"}],"_links":{"self":[{"href":"https:\/\/rrunning.tribalt.agency\/index.php?rest_route=\/wp\/v2\/product\/966","targetHints":{"allow":["GET"]}}],"collection":[{"href":"https:\/\/rrunning.tribalt.agency\/index.php?rest_route=\/wp\/v2\/product"}],"about":[{"href":"https:\/\/rrunning.tribalt.agency\/index.php?rest_route=\/wp\/v2\/types\/product"}],"wp:featuredmedia":[{"embeddable":true,"href":"https:\/\/rrunning.tribalt.agency\/index.php?rest_route=\/wp\/v2\/media\/967"}],"wp:attachment":[{"href":"https:\/\/rrunning.tribalt.agency\/index.php?rest_route=%2Fwp%2Fv2%2Fmedia&parent=966"}],"wp:term":[{"taxonomy":"pwb-brand","embeddable":true,"href":"https:\/\/rrunning.tribalt.agency\/index.php?rest_route=%2Fwp%2Fv2%2Fpwb-brand&post=966"},{"taxonomy":"product_brand","embeddable":true,"href":"https:\/\/rrunning.tribalt.agency\/index.php?rest_route=%2Fwp%2Fv2%2Fproduct_brand&post=966"},{"taxonomy":"product_cat","embeddable":true,"href":"https:\/\/rrunning.tribalt.agency\/index.php?rest_route=%2Fwp%2Fv2%2Fproduct_cat&post=966"},{"taxonomy":"product_tag","embeddable":true,"href":"https:\/\/rrunning.tribalt.agency\/index.php?rest_route=%2Fwp%2Fv2%2Fproduct_tag&post=966"}],"curies":[{"name":"wp","href":"https:\/\/api.w.org\/{rel}","templated":true}]}}