{"id":964,"date":"2025-06-06T09:32:51","date_gmt":"2025-06-06T07:32:51","guid":{"rendered":"https:\/\/rrunning.tribalt.agency\/?post_type=product&#038;p=964"},"modified":"2025-06-06T09:32:51","modified_gmt":"2025-06-06T07:32:51","slug":"compote-mangue-passion-gingembre-90g","status":"publish","type":"product","link":"https:\/\/rrunning.tribalt.agency\/?product=compote-mangue-passion-gingembre-90g","title":{"rendered":"COMPOTE MANGUE-PASSION-GINGEMBRE 90G"},"content":{"rendered":"<p><strong>Ton alternative saine &amp; BIO aux produits ultra-transform\u00e9s :<\/strong><\/p>\n<ul>\n<li><b>Ultra digeste<\/b><\/li>\n<li><b>Plaisir du go\u00fbt in\u00e9gal\u00e9<\/b>\u00a0(concoct\u00e9 par notre chef \u00e9toil\u00e9)<\/li>\n<li>Id\u00e9al pour un effort mod\u00e9r\u00e9,\u00a0long ou en entrainement<\/li>\n<li>Permet une\u00a0<b>alternative liquide<\/b>\u00a0\u00e0 ta nutrition lorsque la mastication devient difficile<\/li>\n<\/ul>\n<p><strong>Une pur\u00e9e toutes les 30 minutes environ, selon l'intensit\u00e9 de l'effort.<\/strong><\/p>\n","protected":false},"excerpt":{"rendered":"<p>Ton alternative saine &amp; BIO aux produits ultra-transform\u00e9s : Ultra digeste Plaisir du go\u00fbt in\u00e9gal\u00e9\u00a0(concoct\u00e9 par notre chef \u00e9toil\u00e9) Id\u00e9al pour un effort mod\u00e9r\u00e9,\u00a0long ou en entrainement Permet une\u00a0alternative liquide\u00a0\u00e0 ta nutrition lorsque la mastication devient difficile Une pur\u00e9e toutes les 30 minutes environ, selon l'intensit\u00e9 de l'effort.<\/p>\n","protected":false},"featured_media":965,"template":"","meta":[],"pwb-brand":[90],"product_brand":[],"product_cat":[84],"product_tag":[],"class_list":{"0":"post-964","1":"product","2":"type-product","3":"status-publish","4":"has-post-thumbnail","6":"pwb-brand-baouw-organic","7":"product_cat-nutrition","9":"first","10":"instock","11":"shipping-taxable","12":"purchasable","13":"product-type-simple"},"brands":[{"id":90,"name":"BAOUW ORGANIC","slug":"baouw-organic"}],"_links":{"self":[{"href":"https:\/\/rrunning.tribalt.agency\/index.php?rest_route=\/wp\/v2\/product\/964","targetHints":{"allow":["GET"]}}],"collection":[{"href":"https:\/\/rrunning.tribalt.agency\/index.php?rest_route=\/wp\/v2\/product"}],"about":[{"href":"https:\/\/rrunning.tribalt.agency\/index.php?rest_route=\/wp\/v2\/types\/product"}],"wp:featuredmedia":[{"embeddable":true,"href":"https:\/\/rrunning.tribalt.agency\/index.php?rest_route=\/wp\/v2\/media\/965"}],"wp:attachment":[{"href":"https:\/\/rrunning.tribalt.agency\/index.php?rest_route=%2Fwp%2Fv2%2Fmedia&parent=964"}],"wp:term":[{"taxonomy":"pwb-brand","embeddable":true,"href":"https:\/\/rrunning.tribalt.agency\/index.php?rest_route=%2Fwp%2Fv2%2Fpwb-brand&post=964"},{"taxonomy":"product_brand","embeddable":true,"href":"https:\/\/rrunning.tribalt.agency\/index.php?rest_route=%2Fwp%2Fv2%2Fproduct_brand&post=964"},{"taxonomy":"product_cat","embeddable":true,"href":"https:\/\/rrunning.tribalt.agency\/index.php?rest_route=%2Fwp%2Fv2%2Fproduct_cat&post=964"},{"taxonomy":"product_tag","embeddable":true,"href":"https:\/\/rrunning.tribalt.agency\/index.php?rest_route=%2Fwp%2Fv2%2Fproduct_tag&post=964"}],"curies":[{"name":"wp","href":"https:\/\/api.w.org\/{rel}","templated":true}]}}