{"id":948,"date":"2025-06-06T09:22:08","date_gmt":"2025-06-06T07:22:08","guid":{"rendered":"https:\/\/rrunning.tribalt.agency\/?post_type=product&#038;p=948"},"modified":"2025-06-06T09:22:08","modified_gmt":"2025-06-06T07:22:08","slug":"barres-chocolat-50g","status":"publish","type":"product","link":"https:\/\/rrunning.tribalt.agency\/?product=barres-chocolat-50g","title":{"rendered":"BARRES CHOCOLAT 50G"},"content":{"rendered":"<p><strong>100% v\u00e9g\u00e9tale et saine !<\/strong><\/p>\n<ul>\n<li><strong>12g de prot\u00e9ines<\/strong>\u00a0par barre (l'\u00e9quivalent en prot\u00e9ines de 2 \u0153ufs)<\/li>\n<li><strong>1275mg de BCAA<\/strong>\u00a0contribuant \u00e0 diminuer ta fatigue musculaire<\/li>\n<li><strong>Electrolytes\u00a0<\/strong>naturellement pr\u00e9sent<\/li>\n<li>Des recettes \u00e0 base de\u00a0<strong>prot\u00e9ine v\u00e9g\u00e9tale naturelle\u00a0<\/strong>d'origine UE !<\/li>\n<\/ul>\n<p><strong>\u00c0 consommer pendant ou apr\u00e8s l'effort en r\u00e9cup\u00e9ration.<\/strong><\/p>\n","protected":false},"excerpt":{"rendered":"<p>100% v\u00e9g\u00e9tale et saine ! 12g de prot\u00e9ines\u00a0par barre (l'\u00e9quivalent en prot\u00e9ines de 2 \u0153ufs) 1275mg de BCAA\u00a0contribuant \u00e0 diminuer ta fatigue musculaire Electrolytes\u00a0naturellement pr\u00e9sent Des recettes \u00e0 base de\u00a0prot\u00e9ine v\u00e9g\u00e9tale naturelle\u00a0d'origine UE ! \u00c0 consommer pendant ou apr\u00e8s l'effort en r\u00e9cup\u00e9ration.<\/p>\n","protected":false},"featured_media":949,"template":"","meta":[],"pwb-brand":[90],"product_brand":[],"product_cat":[84],"product_tag":[],"class_list":{"0":"post-948","1":"product","2":"type-product","3":"status-publish","4":"has-post-thumbnail","6":"pwb-brand-baouw-organic","7":"product_cat-nutrition","9":"first","10":"instock","11":"shipping-taxable","12":"purchasable","13":"product-type-simple"},"brands":[{"id":90,"name":"BAOUW ORGANIC","slug":"baouw-organic"}],"_links":{"self":[{"href":"https:\/\/rrunning.tribalt.agency\/index.php?rest_route=\/wp\/v2\/product\/948","targetHints":{"allow":["GET"]}}],"collection":[{"href":"https:\/\/rrunning.tribalt.agency\/index.php?rest_route=\/wp\/v2\/product"}],"about":[{"href":"https:\/\/rrunning.tribalt.agency\/index.php?rest_route=\/wp\/v2\/types\/product"}],"wp:featuredmedia":[{"embeddable":true,"href":"https:\/\/rrunning.tribalt.agency\/index.php?rest_route=\/wp\/v2\/media\/949"}],"wp:attachment":[{"href":"https:\/\/rrunning.tribalt.agency\/index.php?rest_route=%2Fwp%2Fv2%2Fmedia&parent=948"}],"wp:term":[{"taxonomy":"pwb-brand","embeddable":true,"href":"https:\/\/rrunning.tribalt.agency\/index.php?rest_route=%2Fwp%2Fv2%2Fpwb-brand&post=948"},{"taxonomy":"product_brand","embeddable":true,"href":"https:\/\/rrunning.tribalt.agency\/index.php?rest_route=%2Fwp%2Fv2%2Fproduct_brand&post=948"},{"taxonomy":"product_cat","embeddable":true,"href":"https:\/\/rrunning.tribalt.agency\/index.php?rest_route=%2Fwp%2Fv2%2Fproduct_cat&post=948"},{"taxonomy":"product_tag","embeddable":true,"href":"https:\/\/rrunning.tribalt.agency\/index.php?rest_route=%2Fwp%2Fv2%2Fproduct_tag&post=948"}],"curies":[{"name":"wp","href":"https:\/\/api.w.org\/{rel}","templated":true}]}}