{"id":931,"date":"2025-05-07T10:52:49","date_gmt":"2025-05-07T08:52:49","guid":{"rendered":"https:\/\/rrunning.tribalt.agency\/?post_type=product&#038;p=931"},"modified":"2025-08-28T18:08:05","modified_gmt":"2025-08-28T16:08:05","slug":"ride-tr2","status":"publish","type":"product","link":"https:\/\/rrunning.tribalt.agency\/?product=ride-tr2","title":{"rendered":"Ride TR2"},"content":{"rendered":"<p>Con\u00e7ue sans limites. Vous permettra d'atteindre toutes vos destinations que ce soit sur route ou en trail.<\/p>\n<div id=\"pdp-drawer-description-content\" class=\"row pdp-drawer-content\" aria-hidden=\"false\">\n<div class=\"bfx-product-desc col-xs-12 col-md-6\">\n<div class=\"description\">\n<pre id=\"tw-target-text\" class=\"tw-data-text tw-text-large tw-ta\" dir=\"ltr\" data-placeholder=\"Traduction\" data-ved=\"2ahUKEwjFkZLh-JCNAxVEVUEAHbrmKpgQ3ewLegQICBAV\" aria-label=\"Texte traduit\u00a0: Pourquoi vous allez l'adorer L'amorti PWRRUN+ extr\u00eamement confortable assure des atterrissages en douceur, quelle que soit la surface. Les crampons l\u00e9gers de 3,5 mm sont parfaits pour les allers-retours de la route au sentier. Semelle ext\u00e9rieure PWRTRAC pour une adh\u00e9rence et une traction optimales sur toutes les surfaces. Tige en mesh r\u00e9sistant pour une protection optimale sur les sentiers. Caract\u00e9ristiques techniques Id\u00e9ale pour\u00a0: Randonn\u00e9es quotidiennes\/Randonn\u00e9es occasionnelles Hauteur des crampons\u00a0: 3,5 mm D\u00e9calage talon-pointe\u00a0: 8 mm (talon\u00a0: 35 mm \/ avant-pied\u00a0: 27 mm) Poids\u00a0: 254 g Durabilit\u00e9\u00a0: Ce mod\u00e8le est v\u00e9gan et contient des mat\u00e9riaux recycl\u00e9s.\"><span class=\"Y2IQFc\" lang=\"fr\">Pourquoi vous allez l'adorer\r\nL'amorti PWRRUN+ extr\u00eamement confortable assure des atterrissages en douceur, quelle que soit la surface.\r\nLes crampons l\u00e9gers de 3,5 mm sont parfaits pour les allers-retours de la route au sentier.\r\nSemelle ext\u00e9rieure PWRTRAC pour une adh\u00e9rence et une traction optimales sur toutes les surfaces.\r\nTige en mesh r\u00e9sistant pour une protection optimale sur les sentiers.\r\nCaract\u00e9ristiques techniques\r\nId\u00e9ale pour\u00a0: Randonn\u00e9es quotidiennes\/Randonn\u00e9es occasionnelles\r\nHauteur des crampons\u00a0: 3,5 mm\r\nD\u00e9calage talon-pointe\u00a0: 8 mm (talon\u00a0: 35 mm \/ avant-pied\u00a0: 27 mm)\r\nPoids\u00a0: 254 g\r\nDurabilit\u00e9\u00a0: Ce mod\u00e8le est v\u00e9gan et contient des mat\u00e9riaux recycl\u00e9s.<\/span><\/pre>\n<\/div>\n<\/div>\n<\/div>\n","protected":false},"excerpt":{"rendered":"<p>Con\u00e7ue sans limites. Vous permettra d'atteindre toutes vos destinations que ce soit sur route ou en trail. Pourquoi vous allez l'adorer L'amorti PWRRUN+ extr\u00eamement confortable assure des atterrissages en douceur, quelle que soit la surface. Les crampons l\u00e9gers de 3,5 mm sont parfaits pour les allers-retours de la route au sentier. Semelle ext\u00e9rieure PWRTRAC pour [&hellip;]<\/p>\n","protected":false},"featured_media":934,"template":"","meta":[],"pwb-brand":[120],"product_brand":[],"product_cat":[36,39],"product_tag":[],"class_list":{"0":"post-931","1":"product","2":"type-product","3":"status-publish","4":"has-post-thumbnail","6":"pwb-brand-saucony","7":"product_cat-chaussures-femmes","8":"product_cat-trail","10":"first","11":"instock","12":"shipping-taxable","13":"purchasable","14":"product-type-simple"},"brands":[{"id":120,"name":"SAUCONY","slug":"saucony"}],"_links":{"self":[{"href":"https:\/\/rrunning.tribalt.agency\/index.php?rest_route=\/wp\/v2\/product\/931","targetHints":{"allow":["GET"]}}],"collection":[{"href":"https:\/\/rrunning.tribalt.agency\/index.php?rest_route=\/wp\/v2\/product"}],"about":[{"href":"https:\/\/rrunning.tribalt.agency\/index.php?rest_route=\/wp\/v2\/types\/product"}],"wp:featuredmedia":[{"embeddable":true,"href":"https:\/\/rrunning.tribalt.agency\/index.php?rest_route=\/wp\/v2\/media\/934"}],"wp:attachment":[{"href":"https:\/\/rrunning.tribalt.agency\/index.php?rest_route=%2Fwp%2Fv2%2Fmedia&parent=931"}],"wp:term":[{"taxonomy":"pwb-brand","embeddable":true,"href":"https:\/\/rrunning.tribalt.agency\/index.php?rest_route=%2Fwp%2Fv2%2Fpwb-brand&post=931"},{"taxonomy":"product_brand","embeddable":true,"href":"https:\/\/rrunning.tribalt.agency\/index.php?rest_route=%2Fwp%2Fv2%2Fproduct_brand&post=931"},{"taxonomy":"product_cat","embeddable":true,"href":"https:\/\/rrunning.tribalt.agency\/index.php?rest_route=%2Fwp%2Fv2%2Fproduct_cat&post=931"},{"taxonomy":"product_tag","embeddable":true,"href":"https:\/\/rrunning.tribalt.agency\/index.php?rest_route=%2Fwp%2Fv2%2Fproduct_tag&post=931"}],"curies":[{"name":"wp","href":"https:\/\/api.w.org\/{rel}","templated":true}]}}