{"id":926,"date":"2025-08-07T10:44:14","date_gmt":"2025-08-07T08:44:14","guid":{"rendered":"https:\/\/rrunning.tribalt.agency\/?post_type=product&#038;p=926"},"modified":"2025-08-28T18:05:32","modified_gmt":"2025-08-28T16:05:32","slug":"peregrine-15","status":"publish","type":"product","link":"https:\/\/rrunning.tribalt.agency\/?product=peregrine-15","title":{"rendered":"PEREGRINE 15"},"content":{"rendered":"<p>L<span class=\"Y2IQFc\" lang=\"fr\">e Peregrine 15 est votre compagnon de trail ultime, con\u00e7u pour conqu\u00e9rir facilement les terrains les plus difficiles. Dot\u00e9e d'une semelle ext\u00e9rieure PWRTRAC reformul\u00e9e pour une durabilit\u00e9 et une adh\u00e9rence exceptionnelles, cette chaussure vous garantit de rester en confiance sur les sentiers mouill\u00e9s et secs. La tige haute technologie, fabriqu\u00e9e \u00e0 partir de maille respirante haute r\u00e9sistance, offre un soutien s\u00fbr dans les zones \u00e0 forte abrasion. Avec la mousse PWRRUN am\u00e9lior\u00e9e, profitez d'une sensation plus douce et d'une meilleure absorption des chocs, rendant chaque course confortable et prot\u00e9g\u00e9e. Le Peregrine 15 est con\u00e7u pour affronter n'importe quel sentier, vous donnant la puissance d'aller plus loin. Un nouveau m\u00e9lange de mousse PWRRUN offre plus d'amorti, de confort et de souplesse, comme jamais auparavant. La nouvelle version de la semelle ext\u00e9rieure en caoutchouc PWRTRAC, qui offre une couvrance compl\u00e8te, apporte une durabilit\u00e9 et une adh\u00e9rence maximales. Plaque de protection \u00e0 l\u2019avant du pied pour plus de protection. Tige en mesh \u00e0 haute r\u00e9sistance avec une protection suppl\u00e9mentaire sur les zones d'abrasion sur\u00e9lev\u00e9es et anneau en D pour \u00eatre compatible avec les gu\u00eatres. Technique du sentier.<\/span><\/p>\n<div id=\"tw-container\" class=\"nev7se\" data-cp=\"1\" data-nnttsvi=\"1\" data-ntl-fpwrite=\"true\" data-sletp=\"false\" data-sm=\"1\" data-ssbp=\"false\" data-sugg-time=\"500\" data-sugg-url=\"https:\/\/clients1.google.com\/complete\/search\" data-uilc=\"fr\" data-vil=\",af,af-ZA,am,am-ET,ar-EG,ar-AE,ar-KW,ar-QA,ar,ar-IL,ar-JO,ar-LB,ar-PS,az,az-AZ,bg,bg-BG,bn,bn-BD,bn-IN,ca,ca-es,cs,cs-CZ,de,de-DE,de-CH,de-AT,de-LI,en,en-US,en-CA,en-AU,en-NZ,en-GB,en-IN,en-KE,en-TZ,en-NG,en-GH,en-PH,en-ZA,es,es-ES,es-AR,es-UY,es-419,es-BO,es-CL,es-CR,es-CO,es-DO,es-EC,es-GT,es-HN,es-NI,es-PA,es-PE,es-PR,es-PY,es-SV,es-VE,es-MX,es-US,eu,eu-ES,fi,fi-FI,fr,fr-FR,fr-CH,fr-BE,gl,gl-ES,gu,gu-IN,he,he-IL,iw,iw-IL,hu,hu-HU,hy,hy-AM,id,id-ID,is,is-IS,it,it-IT,it-CH,ja,ja-JP,jv,jv-ID,ka,ka-GE,km,km-KH,kn,kn-IN,ko,ko-KR,la,lo,lo-LA,lv,lv-LV,ml,ml-IN,mr,mr-IN,ms,ms-MY,nl,nl-NL,nb,nb-NO,ne,ne-NP,pl,pl-PL,pt,pt-BR,pt-PT,ro,ro-RO,ru,ru-RU,si-LK,sk,sk-SK,sr,sr-RS,su,su-ID,sv,sv-SE,sw,sw-TZ,sw-KE,ta,ta-IN,ta-SG,ta-LK,ta-MY,te,te-IN,tr,tr-TR,ur,ur-PK,ur-IN,yue,yue-HK,yue-Hant-HK,zh-HK,zh,zh-CN,zh-cmn,zh-cmn-CN,zh-Hans,zh-Hans-CN,zh-cmn-Hans,zh-cmn-Hans-CN,cmn-CN,cmn-Hans,cmn-Hans-CN,zh-TW,zh-Hant-TW,cmn-TW,cmn-Hant-TW,zh-cmn-TW,zh-cmn-Hant-TW,zu,zu-ZA\">\n<div id=\"tw-ob\" class=\"tw-src-ltr\">\n<div class=\"oSioSc\">\n<div id=\"tw-target\">\n<div id=\"kAz1tf\" class=\"g9WsWb PZPZlf\" data-attrid=\"tw-targetArea\" data-entityname=\"Google Translate\">\n<div id=\"tw-target-text-container\" class=\"tw-ta-container tw-nfl\" tabindex=\"0\" role=\"text\">\n<pre id=\"tw-target-text\" class=\"tw-data-text tw-text-large tw-ta\" dir=\"ltr\" data-placeholder=\"Traduction\" data-ved=\"2ahUKEwjFkZLh-JCNAxVEVUEAHbrmKpgQ3ewLegQICBAV\" aria-label=\"Texte traduit\u00a0: Le Peregrine 15 est votre compagnon de trail ultime, con\u00e7u pour conqu\u00e9rir facilement les terrains les plus difficiles. Dot\u00e9e d'une semelle ext\u00e9rieure PWRTRAC reformul\u00e9e pour une durabilit\u00e9 et une adh\u00e9rence exceptionnelles, cette chaussure vous garantit de rester en confiance sur les sentiers mouill\u00e9s et secs. La tige haute technologie, fabriqu\u00e9e \u00e0 partir de maille respirante haute r\u00e9sistance, offre un soutien s\u00fbr dans les zones \u00e0 forte abrasion. Avec la mousse PWRRUN am\u00e9lior\u00e9e, profitez d'une sensation plus douce et d'une meilleure absorption des chocs, rendant chaque course confortable et prot\u00e9g\u00e9e. Le Peregrine 15 est con\u00e7u pour affronter n'importe quel sentier, vous donnant la puissance d'aller plus loin. Un nouveau m\u00e9lange de mousse PWRRUN offre plus d'amorti, de confort et de souplesse, comme jamais auparavant. La nouvelle version de la semelle ext\u00e9rieure en caoutchouc PWRTRAC, qui offre une couvrance compl\u00e8te, apporte une durabilit\u00e9 et une adh\u00e9rence maximales. Plaque de protection \u00e0 l\u2019avant du pied pour plus de protection. Tige en mesh \u00e0 haute r\u00e9sistance avec une protection suppl\u00e9mentaire sur les zones d'abrasion sur\u00e9lev\u00e9es et anneau en D pour \u00eatre compatible avec les gu\u00eatres. Technique du sentier. Caract\u00e9ristiques Id\u00e9ale pour\u00a0: Trail technique D\u00e9calage talon-orteils\u00a0: 4\u00a0mm (talon 28\u00a0mm \/ avant-pied 24\u00a0mm) Poids\u00a0: 246\u00a0g Durabilit\u00e9\u00a0: Ce mod\u00e8le est v\u00e9gan et contient des mat\u00e9riaux recycl\u00e9s Recommandations\"><span class=\"Y2IQFc\" lang=\"fr\">Caract\u00e9ristiques\r\nId\u00e9ale pour\u00a0: Trail technique\r\nD\u00e9calage talon-orteils\u00a0: 4\u00a0mm (talon 28\u00a0mm \/ avant-pied 24\u00a0mm)\r\nPoids\u00a0: 246\u00a0g\r\nDurabilit\u00e9\u00a0: Ce mod\u00e8le est v\u00e9gan et contient des mat\u00e9riaux recycl\u00e9s\r\n\r\n<\/span><\/pre>\n<\/div>\n<div id=\"tw-target-rmn-container\" class=\"tw-target-rmn tw-ta-container tw-nfl\" tabindex=\"0\" role=\"text\">\n<pre id=\"tw-target-rmn\" class=\"tw-data-placeholder tw-text-small tw-ta\" dir=\"ltr\" data-placeholder=\"\"><\/pre>\n<\/div>\n<div class=\"iYB33c\">\n<div id=\"tw-tmenu\" class=\"tw-menu\"><\/div>\n<\/div>\n<\/div>\n<\/div>\n<\/div>\n<\/div>\n<div id=\"tw-images\"><\/div>\n<div class=\"dURPtb\"><\/div>\n<div>\n<div><\/div>\n<\/div>\n<\/div>\n<div class=\"KFFQ0c xKf9F\"><\/div>\n","protected":false},"excerpt":{"rendered":"<p>Le Peregrine 15 est votre compagnon de trail ultime, con\u00e7u pour conqu\u00e9rir facilement les terrains les plus difficiles. Dot\u00e9e d'une semelle ext\u00e9rieure PWRTRAC reformul\u00e9e pour une durabilit\u00e9 et une adh\u00e9rence exceptionnelles, cette chaussure vous garantit de rester en confiance sur les sentiers mouill\u00e9s et secs. La tige haute technologie, fabriqu\u00e9e \u00e0 partir de maille respirante [&hellip;]<\/p>\n","protected":false},"featured_media":927,"template":"","meta":[],"pwb-brand":[120],"product_brand":[],"product_cat":[36,39],"product_tag":[],"class_list":{"0":"post-926","1":"product","2":"type-product","3":"status-publish","4":"has-post-thumbnail","6":"pwb-brand-saucony","7":"product_cat-chaussures-femmes","8":"product_cat-trail","10":"first","11":"instock","12":"shipping-taxable","13":"purchasable","14":"product-type-simple"},"brands":[{"id":120,"name":"SAUCONY","slug":"saucony"}],"_links":{"self":[{"href":"https:\/\/rrunning.tribalt.agency\/index.php?rest_route=\/wp\/v2\/product\/926","targetHints":{"allow":["GET"]}}],"collection":[{"href":"https:\/\/rrunning.tribalt.agency\/index.php?rest_route=\/wp\/v2\/product"}],"about":[{"href":"https:\/\/rrunning.tribalt.agency\/index.php?rest_route=\/wp\/v2\/types\/product"}],"wp:featuredmedia":[{"embeddable":true,"href":"https:\/\/rrunning.tribalt.agency\/index.php?rest_route=\/wp\/v2\/media\/927"}],"wp:attachment":[{"href":"https:\/\/rrunning.tribalt.agency\/index.php?rest_route=%2Fwp%2Fv2%2Fmedia&parent=926"}],"wp:term":[{"taxonomy":"pwb-brand","embeddable":true,"href":"https:\/\/rrunning.tribalt.agency\/index.php?rest_route=%2Fwp%2Fv2%2Fpwb-brand&post=926"},{"taxonomy":"product_brand","embeddable":true,"href":"https:\/\/rrunning.tribalt.agency\/index.php?rest_route=%2Fwp%2Fv2%2Fproduct_brand&post=926"},{"taxonomy":"product_cat","embeddable":true,"href":"https:\/\/rrunning.tribalt.agency\/index.php?rest_route=%2Fwp%2Fv2%2Fproduct_cat&post=926"},{"taxonomy":"product_tag","embeddable":true,"href":"https:\/\/rrunning.tribalt.agency\/index.php?rest_route=%2Fwp%2Fv2%2Fproduct_tag&post=926"}],"curies":[{"name":"wp","href":"https:\/\/api.w.org\/{rel}","templated":true}]}}