{"id":869,"date":"2025-04-17T12:07:34","date_gmt":"2025-04-17T10:07:34","guid":{"rendered":"https:\/\/rrunning.tribalt.agency\/?post_type=product&#038;p=869"},"modified":"2025-09-02T10:31:07","modified_gmt":"2025-09-02T08:31:07","slug":"glycerin-22-2","status":"publish","type":"product","link":"https:\/\/rrunning.tribalt.agency\/?product=glycerin-22-2","title":{"rendered":"GLYCERIN 22"},"content":{"rendered":"<p>La douceur n\u2019a jamais \u00e9t\u00e9 aussi puissante avec notre nouvelle chaussure de running pour femmes. D\u00e9couvre DNA Tuned, notre nouvel amorti avec nitro-injection dans la semelle interm\u00e9diaire qui offre des contacts au sol en douceur et des propulsions r\u00e9actives \u00e0 chaque pas.<\/p>\n<p>&nbsp;<\/p>\n<h3 class=\"a-type-h6--big m-long-description__label u-spacing-x-small--bottom\">Parfaite pour\u2026<\/h3>\n<ul class=\"m-long-description__best-for\">\n<li class=\"m-long-description__best-for-item\">\n<div class=\"m-long-description__best-for-text\">Running sur route<\/div>\n<\/li>\n<li class=\"m-long-description__best-for-item\">\n<div class=\"m-long-description__best-for-text\">Sorties longues<\/div>\n<\/li>\n<\/ul>\n<h3 class=\"a-type-h6--big m-long-description__label u-spacing-x-small--bottom\">Caract\u00e9ristiques<\/h3>\n<ul class=\"m-long-description__features\">\n<li class=\"m-long-description__feature\">\n<div class=\"m-long-description__feature-text\">Un amorti optimis\u00e9<\/div>\n<\/li>\n<li class=\"m-long-description__feature\">\n<div class=\"m-long-description__feature-text\">Chaussant accommodant<\/div>\n<\/li>\n<li class=\"m-long-description__feature\">\n<div class=\"m-long-description__feature-text\">Des transitions stables en douceur<\/div>\n<\/li>\n<\/ul>\n<p>Drop : 10mm<\/p>\n","protected":false},"excerpt":{"rendered":"<p>La douceur n\u2019a jamais \u00e9t\u00e9 aussi puissante avec notre nouvelle chaussure de running pour femmes. D\u00e9couvre DNA Tuned, notre nouvel amorti avec nitro-injection dans la semelle interm\u00e9diaire qui offre des contacts au sol en douceur et des propulsions r\u00e9actives \u00e0 chaque pas. &nbsp; Parfaite pour\u2026 Running sur route Sorties longues Caract\u00e9ristiques Un amorti optimis\u00e9 Chaussant [&hellip;]<\/p>\n","protected":false},"featured_media":2575,"template":"","meta":[],"pwb-brand":[92],"product_brand":[],"product_cat":[36,38],"product_tag":[],"class_list":{"0":"post-869","1":"product","2":"type-product","3":"status-publish","4":"has-post-thumbnail","6":"pwb-brand-brooks","7":"product_cat-chaussures-femmes","8":"product_cat-route","10":"first","11":"instock","12":"sale","13":"shipping-taxable","14":"purchasable","15":"product-type-simple"},"brands":[{"id":92,"name":"BROOKS","slug":"brooks"}],"_links":{"self":[{"href":"https:\/\/rrunning.tribalt.agency\/index.php?rest_route=\/wp\/v2\/product\/869","targetHints":{"allow":["GET"]}}],"collection":[{"href":"https:\/\/rrunning.tribalt.agency\/index.php?rest_route=\/wp\/v2\/product"}],"about":[{"href":"https:\/\/rrunning.tribalt.agency\/index.php?rest_route=\/wp\/v2\/types\/product"}],"wp:featuredmedia":[{"embeddable":true,"href":"https:\/\/rrunning.tribalt.agency\/index.php?rest_route=\/wp\/v2\/media\/2575"}],"wp:attachment":[{"href":"https:\/\/rrunning.tribalt.agency\/index.php?rest_route=%2Fwp%2Fv2%2Fmedia&parent=869"}],"wp:term":[{"taxonomy":"pwb-brand","embeddable":true,"href":"https:\/\/rrunning.tribalt.agency\/index.php?rest_route=%2Fwp%2Fv2%2Fpwb-brand&post=869"},{"taxonomy":"product_brand","embeddable":true,"href":"https:\/\/rrunning.tribalt.agency\/index.php?rest_route=%2Fwp%2Fv2%2Fproduct_brand&post=869"},{"taxonomy":"product_cat","embeddable":true,"href":"https:\/\/rrunning.tribalt.agency\/index.php?rest_route=%2Fwp%2Fv2%2Fproduct_cat&post=869"},{"taxonomy":"product_tag","embeddable":true,"href":"https:\/\/rrunning.tribalt.agency\/index.php?rest_route=%2Fwp%2Fv2%2Fproduct_tag&post=869"}],"curies":[{"name":"wp","href":"https:\/\/api.w.org\/{rel}","templated":true}]}}