{"id":832,"date":"2025-04-17T10:24:16","date_gmt":"2025-04-17T08:24:16","guid":{"rendered":"https:\/\/rrunning.tribalt.agency\/?post_type=product&#038;p=832"},"modified":"2025-09-02T10:37:45","modified_gmt":"2025-09-02T08:37:45","slug":"endorphin-speed-4-2","status":"publish","type":"product","link":"https:\/\/rrunning.tribalt.agency\/?product=endorphin-speed-4-2","title":{"rendered":"ENDORPHIN SPEED 4"},"content":{"rendered":"<h3 class=\"ep\">Caract\u00e9ristiques<\/h3>\n<ul>\n<li>Technologie SPEEDROLL douce pour une vitesse sans effort, une foul\u00e9e fluide et une propulsion naturelle.<\/li>\n<li>La mousse PWRRUN PB est une perle rare qui offre la meilleure association entre amorti et retour d\u2019\u00e9nergie parmi toutes les mousses sur le march\u00e9.<\/li>\n<li>Plaque de protection ail\u00e9e en nylon repens\u00e9e qui est renforc\u00e9e tout en conservant de la flexibilit\u00e9.<\/li>\n<\/ul>\n<p>&nbsp;<\/p>\n<div class=\"rebound\">\n<p>Performances maximales\/au quotidien<\/p>\n<\/div>\n<div class=\"rebound\">\n<p>Plus de rebond<\/p>\n<\/div>\n<div class=\"speedroll\">\n<p>Technologie SPEEDROLL<\/p>\n<p><em>Drop<\/em>: 8mm<\/p>\n<\/div>\n","protected":false},"excerpt":{"rendered":"<p>Caract\u00e9ristiques Technologie SPEEDROLL douce pour une vitesse sans effort, une foul\u00e9e fluide et une propulsion naturelle. La mousse PWRRUN PB est une perle rare qui offre la meilleure association entre amorti et retour d\u2019\u00e9nergie parmi toutes les mousses sur le march\u00e9. Plaque de protection ail\u00e9e en nylon repens\u00e9e qui est renforc\u00e9e tout en conservant de [&hellip;]<\/p>\n","protected":false},"featured_media":835,"template":"","meta":[],"pwb-brand":[120],"product_brand":[],"product_cat":[36,38],"product_tag":[],"class_list":{"0":"post-832","1":"product","2":"type-product","3":"status-publish","4":"has-post-thumbnail","6":"pwb-brand-saucony","7":"product_cat-chaussures-femmes","8":"product_cat-route","10":"first","11":"instock","12":"sale","13":"shipping-taxable","14":"purchasable","15":"product-type-simple"},"brands":[{"id":120,"name":"SAUCONY","slug":"saucony"}],"_links":{"self":[{"href":"https:\/\/rrunning.tribalt.agency\/index.php?rest_route=\/wp\/v2\/product\/832","targetHints":{"allow":["GET"]}}],"collection":[{"href":"https:\/\/rrunning.tribalt.agency\/index.php?rest_route=\/wp\/v2\/product"}],"about":[{"href":"https:\/\/rrunning.tribalt.agency\/index.php?rest_route=\/wp\/v2\/types\/product"}],"wp:featuredmedia":[{"embeddable":true,"href":"https:\/\/rrunning.tribalt.agency\/index.php?rest_route=\/wp\/v2\/media\/835"}],"wp:attachment":[{"href":"https:\/\/rrunning.tribalt.agency\/index.php?rest_route=%2Fwp%2Fv2%2Fmedia&parent=832"}],"wp:term":[{"taxonomy":"pwb-brand","embeddable":true,"href":"https:\/\/rrunning.tribalt.agency\/index.php?rest_route=%2Fwp%2Fv2%2Fpwb-brand&post=832"},{"taxonomy":"product_brand","embeddable":true,"href":"https:\/\/rrunning.tribalt.agency\/index.php?rest_route=%2Fwp%2Fv2%2Fproduct_brand&post=832"},{"taxonomy":"product_cat","embeddable":true,"href":"https:\/\/rrunning.tribalt.agency\/index.php?rest_route=%2Fwp%2Fv2%2Fproduct_cat&post=832"},{"taxonomy":"product_tag","embeddable":true,"href":"https:\/\/rrunning.tribalt.agency\/index.php?rest_route=%2Fwp%2Fv2%2Fproduct_tag&post=832"}],"curies":[{"name":"wp","href":"https:\/\/api.w.org\/{rel}","templated":true}]}}