{"id":824,"date":"2025-04-17T10:13:56","date_gmt":"2025-04-17T08:13:56","guid":{"rendered":"https:\/\/rrunning.tribalt.agency\/?post_type=product&#038;p=824"},"modified":"2025-05-06T11:32:24","modified_gmt":"2025-05-06T09:32:24","slug":"ride-18","status":"publish","type":"product","link":"https:\/\/rrunning.tribalt.agency\/?product=ride-18","title":{"rendered":"RIDE 18"},"content":{"rendered":"<h3 class=\"ep\">Caract\u00e9ristiques:<\/h3>\n<div class=\"highlight\">\n<h4>Mousse Am\u00e9lior\u00e9e<\/h4>\n<ul>\n<li>D\u00e9couvrez la mousse PWRRUN+ reformul\u00e9e, maintenant plus l\u00e9g\u00e8re, plus douce et plus r\u00e9active<\/li>\n<li>Plus de retour d'\u00e9nergie \u00e0 chaque pas, gr\u00e2ce \u00e0 une teneur en mousse accrue et un poids de chaussure r\u00e9duit<\/li>\n<\/ul>\n<\/div>\n<div class=\"highlight\">\n<h4>Durabilit\u00e9 et Traction Am\u00e9lior\u00e9es<\/h4>\n<ul>\n<li>Durabilit\u00e9 et adh\u00e9rence am\u00e9lior\u00e9es avec du caoutchouc renforc\u00e9 \u00e0 l'avant<\/li>\n<li>Rainures de flexion, assurant un mouvement fluide et stable<\/li>\n<\/ul>\n<\/div>\n<div class=\"highlight\">\n<h4>Tige Adaptable<\/h4>\n<ul>\n<li>La nouvelle tige en mesh technique offre une respirabilit\u00e9 et une \u00e9lasticit\u00e9 am\u00e9lior\u00e9es<\/li>\n<li>Le rembourrage suppl\u00e9mentaire du col du talon offre un confort de niveau sup\u00e9rieur<\/li>\n<\/ul>\n<\/div>\n<div class=\"rebound\">\n<p>Tige Respirante<\/p>\n<\/div>\n<div class=\"rebound\">\n<p>Design Polyvalent<\/p>\n<\/div>\n<div class=\"speedroll\">\n<p>Confort Toute la Journ\u00e9e<\/p>\n<p><em>Drop : 8 mm<\/em><\/p>\n<\/div>\n","protected":false},"excerpt":{"rendered":"<p>Caract\u00e9ristiques: Mousse Am\u00e9lior\u00e9e D\u00e9couvrez la mousse PWRRUN+ reformul\u00e9e, maintenant plus l\u00e9g\u00e8re, plus douce et plus r\u00e9active Plus de retour d'\u00e9nergie \u00e0 chaque pas, gr\u00e2ce \u00e0 une teneur en mousse accrue et un poids de chaussure r\u00e9duit Durabilit\u00e9 et Traction Am\u00e9lior\u00e9es Durabilit\u00e9 et adh\u00e9rence am\u00e9lior\u00e9es avec du caoutchouc renforc\u00e9 \u00e0 l'avant Rainures de flexion, assurant un [&hellip;]<\/p>\n","protected":false},"featured_media":826,"template":"","meta":[],"pwb-brand":[120],"product_brand":[],"product_cat":[36,38],"product_tag":[],"class_list":{"0":"post-824","1":"product","2":"type-product","3":"status-publish","4":"has-post-thumbnail","6":"pwb-brand-saucony","7":"product_cat-chaussures-femmes","8":"product_cat-route","10":"first","11":"instock","12":"shipping-taxable","13":"purchasable","14":"product-type-simple"},"brands":[{"id":120,"name":"SAUCONY","slug":"saucony"}],"_links":{"self":[{"href":"https:\/\/rrunning.tribalt.agency\/index.php?rest_route=\/wp\/v2\/product\/824","targetHints":{"allow":["GET"]}}],"collection":[{"href":"https:\/\/rrunning.tribalt.agency\/index.php?rest_route=\/wp\/v2\/product"}],"about":[{"href":"https:\/\/rrunning.tribalt.agency\/index.php?rest_route=\/wp\/v2\/types\/product"}],"wp:featuredmedia":[{"embeddable":true,"href":"https:\/\/rrunning.tribalt.agency\/index.php?rest_route=\/wp\/v2\/media\/826"}],"wp:attachment":[{"href":"https:\/\/rrunning.tribalt.agency\/index.php?rest_route=%2Fwp%2Fv2%2Fmedia&parent=824"}],"wp:term":[{"taxonomy":"pwb-brand","embeddable":true,"href":"https:\/\/rrunning.tribalt.agency\/index.php?rest_route=%2Fwp%2Fv2%2Fpwb-brand&post=824"},{"taxonomy":"product_brand","embeddable":true,"href":"https:\/\/rrunning.tribalt.agency\/index.php?rest_route=%2Fwp%2Fv2%2Fproduct_brand&post=824"},{"taxonomy":"product_cat","embeddable":true,"href":"https:\/\/rrunning.tribalt.agency\/index.php?rest_route=%2Fwp%2Fv2%2Fproduct_cat&post=824"},{"taxonomy":"product_tag","embeddable":true,"href":"https:\/\/rrunning.tribalt.agency\/index.php?rest_route=%2Fwp%2Fv2%2Fproduct_tag&post=824"}],"curies":[{"name":"wp","href":"https:\/\/api.w.org\/{rel}","templated":true}]}}