{"id":820,"date":"2025-04-17T10:06:37","date_gmt":"2025-04-17T08:06:37","guid":{"rendered":"https:\/\/rrunning.tribalt.agency\/?post_type=product&#038;p=820"},"modified":"2025-09-01T11:50:26","modified_gmt":"2025-09-01T09:50:26","slug":"endorphin-pro-4","status":"publish","type":"product","link":"https:\/\/rrunning.tribalt.agency\/?product=endorphin-pro-4","title":{"rendered":"ENDORPHIN PRO 4"},"content":{"rendered":"<h3 class=\"ep\">Caract\u00e9ristiques<\/h3>\n<ul>\n<li>La plaque de carbone est con\u00e7ue pour une rigidit\u00e9 longitudinale et une efficacit\u00e9 m\u00e9tabolique maximale.<\/li>\n<li>Technologie SPEEDROLL qui offre du rebond - vitesse sans effort et propulsion naturelle.<\/li>\n<li>Chaussant con\u00e7u pour la course - Doublure du talon soyeuse et languette int\u00e9gr\u00e9e pour un contact confortable.\n<div class=\"rebound\">\n<p>&nbsp;<\/p>\n<p>Jours de course\/performances maximales<\/p>\n<\/div>\n<div class=\"rebound\">\n<p>Rebond et r\u00e9activit\u00e9<\/p>\n<\/div>\n<div class=\"speedroll\">\n<p>Technologie SPEEDROLL<\/p>\n<p><em>Drop : 8 mm<\/em><\/p>\n<\/div>\n<\/li>\n<\/ul>\n","protected":false},"excerpt":{"rendered":"<p>Caract\u00e9ristiques La plaque de carbone est con\u00e7ue pour une rigidit\u00e9 longitudinale et une efficacit\u00e9 m\u00e9tabolique maximale. Technologie SPEEDROLL qui offre du rebond - vitesse sans effort et propulsion naturelle. Chaussant con\u00e7u pour la course - Doublure du talon soyeuse et languette int\u00e9gr\u00e9e pour un contact confortable. &nbsp; Jours de course\/performances maximales Rebond et r\u00e9activit\u00e9 Technologie [&hellip;]<\/p>\n","protected":false},"featured_media":821,"template":"","meta":[],"pwb-brand":[120],"product_brand":[],"product_cat":[36,38],"product_tag":[],"class_list":{"0":"post-820","1":"product","2":"type-product","3":"status-publish","4":"has-post-thumbnail","6":"pwb-brand-saucony","7":"product_cat-chaussures-femmes","8":"product_cat-route","10":"first","11":"instock","12":"shipping-taxable","13":"purchasable","14":"product-type-simple"},"brands":[{"id":120,"name":"SAUCONY","slug":"saucony"}],"_links":{"self":[{"href":"https:\/\/rrunning.tribalt.agency\/index.php?rest_route=\/wp\/v2\/product\/820","targetHints":{"allow":["GET"]}}],"collection":[{"href":"https:\/\/rrunning.tribalt.agency\/index.php?rest_route=\/wp\/v2\/product"}],"about":[{"href":"https:\/\/rrunning.tribalt.agency\/index.php?rest_route=\/wp\/v2\/types\/product"}],"wp:featuredmedia":[{"embeddable":true,"href":"https:\/\/rrunning.tribalt.agency\/index.php?rest_route=\/wp\/v2\/media\/821"}],"wp:attachment":[{"href":"https:\/\/rrunning.tribalt.agency\/index.php?rest_route=%2Fwp%2Fv2%2Fmedia&parent=820"}],"wp:term":[{"taxonomy":"pwb-brand","embeddable":true,"href":"https:\/\/rrunning.tribalt.agency\/index.php?rest_route=%2Fwp%2Fv2%2Fpwb-brand&post=820"},{"taxonomy":"product_brand","embeddable":true,"href":"https:\/\/rrunning.tribalt.agency\/index.php?rest_route=%2Fwp%2Fv2%2Fproduct_brand&post=820"},{"taxonomy":"product_cat","embeddable":true,"href":"https:\/\/rrunning.tribalt.agency\/index.php?rest_route=%2Fwp%2Fv2%2Fproduct_cat&post=820"},{"taxonomy":"product_tag","embeddable":true,"href":"https:\/\/rrunning.tribalt.agency\/index.php?rest_route=%2Fwp%2Fv2%2Fproduct_tag&post=820"}],"curies":[{"name":"wp","href":"https:\/\/api.w.org\/{rel}","templated":true}]}}