{"id":815,"date":"2025-04-17T09:58:53","date_gmt":"2025-04-17T07:58:53","guid":{"rendered":"https:\/\/rrunning.tribalt.agency\/?post_type=product&#038;p=815"},"modified":"2025-09-02T10:32:26","modified_gmt":"2025-09-02T08:32:26","slug":"wave-rider-28","status":"publish","type":"product","link":"https:\/\/rrunning.tribalt.agency\/?product=wave-rider-28","title":{"rendered":"WAVE RIDER 28"},"content":{"rendered":"<p>B\u00e9n\u00e9ficiez d'un retour d'\u00e9nergie exceptionnel \u00e0 chaque foul\u00e9e avec cette chaussure technique dot\u00e9e des technologies embl\u00e9matiques Mizuno. La technologie innovante MIZUNO ENERZY NXT au niveau du renfort talon permet un incroyable retour d'\u00e9nergie tout en pr\u00e9servant un niveau de l\u00e9g\u00e8ret\u00e9 et de souplesse incroyable. La technologie MIZUNO ENERZY FOAM int\u00e9gr\u00e9e dans la partie sup\u00e9rieure de la semelle interm\u00e9diaire am\u00e9liore le retour d'\u00e9nergie tout en offrant un excellent amorti. La MIZUNO WAVE PLATE am\u00e9liore la propulsion avant tout en permettant un transfert de poids en douceur. \u30fbMIZUNO ENERZY NXT La nouvelle g\u00e9n\u00e9ration de mat\u00e9riaux Mizuno utilisent des ressources respectueuses de l'environnement garantissant douceur, retour d'\u00e9nergie exceptionnel et l\u00e9g\u00e8ret\u00e9. Cela est le cas du renfort talon qui est fortement sollicit\u00e9 \u00e0 chaque foul\u00e9e. \u30fbMOUSSE MIZUNO ENERZY La technologie MIZUNO ENERZY, qui offre un amorti et un retour d'\u00e9nergie exceptionnels, est ins\u00e9r\u00e9e dans la semelle interm\u00e9diaire sup\u00e9rieure. \u30fbMIZUNO WAVE En plus d'offrir amorti et stabilit\u00e9, la WAVE PLATE favorise la propulsion vers l'avant et le transfert de poids en douceur.<\/p>\n<p><em>Drop : 12 mm<\/em><\/p>\n<p>&nbsp;<\/p>\n<p>&nbsp;<\/p>\n","protected":false},"excerpt":{"rendered":"<p>B\u00e9n\u00e9ficiez d'un retour d'\u00e9nergie exceptionnel \u00e0 chaque foul\u00e9e avec cette chaussure technique dot\u00e9e des technologies embl\u00e9matiques Mizuno. La technologie innovante MIZUNO ENERZY NXT au niveau du renfort talon permet un incroyable retour d'\u00e9nergie tout en pr\u00e9servant un niveau de l\u00e9g\u00e8ret\u00e9 et de souplesse incroyable. La technologie MIZUNO ENERZY FOAM int\u00e9gr\u00e9e dans la partie sup\u00e9rieure de [&hellip;]<\/p>\n","protected":false},"featured_media":816,"template":"","meta":[],"pwb-brand":[17],"product_brand":[],"product_cat":[36,38],"product_tag":[],"class_list":{"0":"post-815","1":"product","2":"type-product","3":"status-publish","4":"has-post-thumbnail","6":"pwb-brand-mizuno","7":"product_cat-chaussures-femmes","8":"product_cat-route","10":"first","11":"instock","12":"sale","13":"shipping-taxable","14":"purchasable","15":"product-type-simple"},"brands":[{"id":17,"name":"MIZUNO","slug":"mizuno"}],"_links":{"self":[{"href":"https:\/\/rrunning.tribalt.agency\/index.php?rest_route=\/wp\/v2\/product\/815","targetHints":{"allow":["GET"]}}],"collection":[{"href":"https:\/\/rrunning.tribalt.agency\/index.php?rest_route=\/wp\/v2\/product"}],"about":[{"href":"https:\/\/rrunning.tribalt.agency\/index.php?rest_route=\/wp\/v2\/types\/product"}],"wp:featuredmedia":[{"embeddable":true,"href":"https:\/\/rrunning.tribalt.agency\/index.php?rest_route=\/wp\/v2\/media\/816"}],"wp:attachment":[{"href":"https:\/\/rrunning.tribalt.agency\/index.php?rest_route=%2Fwp%2Fv2%2Fmedia&parent=815"}],"wp:term":[{"taxonomy":"pwb-brand","embeddable":true,"href":"https:\/\/rrunning.tribalt.agency\/index.php?rest_route=%2Fwp%2Fv2%2Fpwb-brand&post=815"},{"taxonomy":"product_brand","embeddable":true,"href":"https:\/\/rrunning.tribalt.agency\/index.php?rest_route=%2Fwp%2Fv2%2Fproduct_brand&post=815"},{"taxonomy":"product_cat","embeddable":true,"href":"https:\/\/rrunning.tribalt.agency\/index.php?rest_route=%2Fwp%2Fv2%2Fproduct_cat&post=815"},{"taxonomy":"product_tag","embeddable":true,"href":"https:\/\/rrunning.tribalt.agency\/index.php?rest_route=%2Fwp%2Fv2%2Fproduct_tag&post=815"}],"curies":[{"name":"wp","href":"https:\/\/api.w.org\/{rel}","templated":true}]}}