{"id":810,"date":"2025-04-17T09:54:41","date_gmt":"2025-04-17T07:54:41","guid":{"rendered":"https:\/\/rrunning.tribalt.agency\/?post_type=product&#038;p=810"},"modified":"2025-05-06T11:32:47","modified_gmt":"2025-05-06T09:32:47","slug":"neo-zen","status":"publish","type":"product","link":"https:\/\/rrunning.tribalt.agency\/?product=neo-zen","title":{"rendered":"NEO ZEN"},"content":{"rendered":"<p>Les coureurs exp\u00e9riment\u00e9s qui poss\u00e8dent de nombreuses paires de chaussures pour leurs s\u00e9ances habituelles vont adorer ce mod\u00e8le, optimis\u00e9 pour offrir une sensation de course naturelle. La technologie SMOOTH SPEED ASSIST a \u00e9t\u00e9 d\u00e9velopp\u00e9e pour les chaussures de course pour vous aider \u00e0 courir de la fa\u00e7on la plus efficace qui soit. La MIZUNO ENERZY NXT (VERSION ENRICHIE EN AZOTE) est la mati\u00e8re innovante de Mizuno, qui offre une souplesse et un retour d'\u00e9nergie d'exception, le tout avec l\u00e9g\u00e8ret\u00e9.<\/p>\n<div class=\"detail-content\">La chaussure offre une exp\u00e9rience de running naturelle dans diff\u00e9rentes situations, au quotidien, lors de courses longues ou pour les s\u00e9ances d'entra\u00eenements visant \u00e0 accro\u00eetre votre vitesse. Bien qu'il existe d'autres mod\u00e8les proposant une exp\u00e9rience similaire gr\u00e2ce \u00e0 des mati\u00e8res souples dans la semelle interm\u00e9diaire avec un bon retour d'\u00e9nergie, la Mizuno Neo Zen int\u00e8gre la technologie SMOOTH SPEED ASSIST, qui accompagne efficacement votre course pour une \"exp\u00e9rience de running naturelle\", m\u00eame \u00e0 un niveau plus \u00e9lev\u00e9. Pour les coureurs exp\u00e9riment\u00e9s pour qui le running constitue un \u00e9l\u00e9ment important de leur vie et qui poss\u00e8dent diff\u00e9rentes paires de chaussures qu'ils portent en alternance. 1) SMOOTH SPEED ASSIST Ce mod\u00e8le destin\u00e9 aux entra\u00eenements quotidiens est dot\u00e9 de caract\u00e9ristiques sp\u00e9cifiques aux chaussures de course. Pour une foul\u00e9e efficace lors de vos sorties quotidiennes et entra\u00eenements. 2) MIZUNO ENERZY NXT (VERSION ENRICHIE EN AZOTE) La mati\u00e8re nouvelle g\u00e9n\u00e9ration de Mizuno, garantissant douceur, retour d'\u00e9nergie exceptionnel et grande l\u00e9g\u00e8ret\u00e9.<\/div>\n<div><\/div>\n<div>Drop : 6mm<\/div>\n","protected":false},"excerpt":{"rendered":"<p>Les coureurs exp\u00e9riment\u00e9s qui poss\u00e8dent de nombreuses paires de chaussures pour leurs s\u00e9ances habituelles vont adorer ce mod\u00e8le, optimis\u00e9 pour offrir une sensation de course naturelle. La technologie SMOOTH SPEED ASSIST a \u00e9t\u00e9 d\u00e9velopp\u00e9e pour les chaussures de course pour vous aider \u00e0 courir de la fa\u00e7on la plus efficace qui soit. La MIZUNO ENERZY [&hellip;]<\/p>\n","protected":false},"featured_media":813,"template":"","meta":[],"pwb-brand":[17],"product_brand":[],"product_cat":[36,38],"product_tag":[],"class_list":{"0":"post-810","1":"product","2":"type-product","3":"status-publish","4":"has-post-thumbnail","6":"pwb-brand-mizuno","7":"product_cat-chaussures-femmes","8":"product_cat-route","10":"first","11":"instock","12":"shipping-taxable","13":"purchasable","14":"product-type-simple"},"brands":[{"id":17,"name":"MIZUNO","slug":"mizuno"}],"_links":{"self":[{"href":"https:\/\/rrunning.tribalt.agency\/index.php?rest_route=\/wp\/v2\/product\/810","targetHints":{"allow":["GET"]}}],"collection":[{"href":"https:\/\/rrunning.tribalt.agency\/index.php?rest_route=\/wp\/v2\/product"}],"about":[{"href":"https:\/\/rrunning.tribalt.agency\/index.php?rest_route=\/wp\/v2\/types\/product"}],"wp:featuredmedia":[{"embeddable":true,"href":"https:\/\/rrunning.tribalt.agency\/index.php?rest_route=\/wp\/v2\/media\/813"}],"wp:attachment":[{"href":"https:\/\/rrunning.tribalt.agency\/index.php?rest_route=%2Fwp%2Fv2%2Fmedia&parent=810"}],"wp:term":[{"taxonomy":"pwb-brand","embeddable":true,"href":"https:\/\/rrunning.tribalt.agency\/index.php?rest_route=%2Fwp%2Fv2%2Fpwb-brand&post=810"},{"taxonomy":"product_brand","embeddable":true,"href":"https:\/\/rrunning.tribalt.agency\/index.php?rest_route=%2Fwp%2Fv2%2Fproduct_brand&post=810"},{"taxonomy":"product_cat","embeddable":true,"href":"https:\/\/rrunning.tribalt.agency\/index.php?rest_route=%2Fwp%2Fv2%2Fproduct_cat&post=810"},{"taxonomy":"product_tag","embeddable":true,"href":"https:\/\/rrunning.tribalt.agency\/index.php?rest_route=%2Fwp%2Fv2%2Fproduct_tag&post=810"}],"curies":[{"name":"wp","href":"https:\/\/api.w.org\/{rel}","templated":true}]}}