{"id":806,"date":"2025-04-17T09:50:15","date_gmt":"2025-04-17T07:50:15","guid":{"rendered":"https:\/\/rrunning.tribalt.agency\/?post_type=product&#038;p=806"},"modified":"2025-09-02T10:33:03","modified_gmt":"2025-09-02T08:33:03","slug":"wave-skyrise-6","status":"publish","type":"product","link":"https:\/\/rrunning.tribalt.agency\/?product=wave-skyrise-6","title":{"rendered":"WAVE SKYRISE 6"},"content":{"rendered":"<p>Am\u00e9liorez vos s\u00e9ances quotidiennes de running avec cette chaussure r\u00e9volutionnaire, offrant une sensation de flottement gr\u00e2ce \u00e0 la technologie Mizuno. La mati\u00e8re l\u00e9g\u00e8re MIZUNO ENERZY NXT dans la semelle interm\u00e9diaire sup\u00e9rieure et la mati\u00e8re MIZUNO ENERZY dans la semelle interm\u00e9diaire inf\u00e9rieure s'associent pour offrir une souplesse, un retour d'\u00e9nergie et un amorti d'exception. La technologie MIZUNO WAVE am\u00e9liore la stabilit\u00e9 sans perdre la sensation de flottement, tandis que notre technologie Smooth Stretch Woven maintient d\u00e9licatement votre pied dans la bonne position.<\/p>\n<div class=\"d-flex flex-row justify-content-between mr-3 js-product-tab\">\n<p class=\"detail-title\">Caract\u00e9ristiques<\/p>\n<\/div>\n<div class=\"detail-content\">Offre une exp\u00e9rience de course tout en l\u00e9g\u00e8ret\u00e9 (douceur et rebond) parmi les chaussures de la m\u00eame gamme de prix. Pour les coureurs quotidiens qui recherchent une exp\u00e9rience de running a\u00e9rienne 1) MIZUNO ENERZY NXT : Une mati\u00e8re l\u00e9g\u00e8re, offrant une souplesse et un retour d'\u00e9nergie incroyables. Int\u00e9gr\u00e9e dans le haut de la semelle interm\u00e9diaire et associ\u00e9e \u00e0 la technologie MIZUNO ENERZY pour le bas de la semelle interm\u00e9diaire, cette technologie vous assure un amorti encore plus souple et un meilleur retour d'\u00e9nergie. 2) MIZUNO WAVE : Am\u00e9liore la stabilit\u00e9 tout en conservant la sensation de flottement. 3) Smooth Stretch Woven : Maintient la position correcte du pied pendant la course tout en \u00e9pousant sa forme.<\/div>\n<div><\/div>\n<div><em>Drop : 8 mm<\/em><\/div>\n<div><\/div>\n","protected":false},"excerpt":{"rendered":"<p>Am\u00e9liorez vos s\u00e9ances quotidiennes de running avec cette chaussure r\u00e9volutionnaire, offrant une sensation de flottement gr\u00e2ce \u00e0 la technologie Mizuno. La mati\u00e8re l\u00e9g\u00e8re MIZUNO ENERZY NXT dans la semelle interm\u00e9diaire sup\u00e9rieure et la mati\u00e8re MIZUNO ENERZY dans la semelle interm\u00e9diaire inf\u00e9rieure s'associent pour offrir une souplesse, un retour d'\u00e9nergie et un amorti d'exception. La technologie [&hellip;]<\/p>\n","protected":false},"featured_media":808,"template":"","meta":[],"pwb-brand":[17],"product_brand":[],"product_cat":[36,38],"product_tag":[],"class_list":{"0":"post-806","1":"product","2":"type-product","3":"status-publish","4":"has-post-thumbnail","6":"pwb-brand-mizuno","7":"product_cat-chaussures-femmes","8":"product_cat-route","10":"first","11":"instock","12":"sale","13":"shipping-taxable","14":"purchasable","15":"product-type-simple"},"brands":[{"id":17,"name":"MIZUNO","slug":"mizuno"}],"_links":{"self":[{"href":"https:\/\/rrunning.tribalt.agency\/index.php?rest_route=\/wp\/v2\/product\/806","targetHints":{"allow":["GET"]}}],"collection":[{"href":"https:\/\/rrunning.tribalt.agency\/index.php?rest_route=\/wp\/v2\/product"}],"about":[{"href":"https:\/\/rrunning.tribalt.agency\/index.php?rest_route=\/wp\/v2\/types\/product"}],"wp:featuredmedia":[{"embeddable":true,"href":"https:\/\/rrunning.tribalt.agency\/index.php?rest_route=\/wp\/v2\/media\/808"}],"wp:attachment":[{"href":"https:\/\/rrunning.tribalt.agency\/index.php?rest_route=%2Fwp%2Fv2%2Fmedia&parent=806"}],"wp:term":[{"taxonomy":"pwb-brand","embeddable":true,"href":"https:\/\/rrunning.tribalt.agency\/index.php?rest_route=%2Fwp%2Fv2%2Fpwb-brand&post=806"},{"taxonomy":"product_brand","embeddable":true,"href":"https:\/\/rrunning.tribalt.agency\/index.php?rest_route=%2Fwp%2Fv2%2Fproduct_brand&post=806"},{"taxonomy":"product_cat","embeddable":true,"href":"https:\/\/rrunning.tribalt.agency\/index.php?rest_route=%2Fwp%2Fv2%2Fproduct_cat&post=806"},{"taxonomy":"product_tag","embeddable":true,"href":"https:\/\/rrunning.tribalt.agency\/index.php?rest_route=%2Fwp%2Fv2%2Fproduct_tag&post=806"}],"curies":[{"name":"wp","href":"https:\/\/api.w.org\/{rel}","templated":true}]}}