{"id":801,"date":"2025-04-17T09:44:06","date_gmt":"2025-04-17T07:44:06","guid":{"rendered":"https:\/\/rrunning.tribalt.agency\/?post_type=product&#038;p=801"},"modified":"2025-09-02T10:33:49","modified_gmt":"2025-09-02T08:33:49","slug":"wave-sky-8","status":"publish","type":"product","link":"https:\/\/rrunning.tribalt.agency\/?product=wave-sky-8","title":{"rendered":"WAVE SKY 8"},"content":{"rendered":"<p>Profitez d'une incroyable sensation de course avec cette chaussure. Le mat\u00e9riau innovant de la MIZUNO ENERZY NXT int\u00e9gr\u00e9 dans la partie sup\u00e9rieure de la semelle interm\u00e9diaire offre un confort souple et un retour d'\u00e9nergie optimal pour un mod\u00e8le l\u00e9ger. La technologie MIZUNO ENERZY FOAM int\u00e9gr\u00e9e dans la partie inf\u00e9rieure de la semelle interm\u00e9diaire am\u00e9liore le retour d'\u00e9nergie tout en offrant un excellent amorti. La tige Smooth Stretch Woven enveloppe parfaitement le pied tout en offrant une respirabilit\u00e9 optimale. - MIZUNO ENERZY NXT La nouvelle g\u00e9n\u00e9ration de mat\u00e9riaux Mizuno utilisent des ressources respectueuses de l'environnement garantissant douceur, retour d'\u00e9nergie exceptionnel et l\u00e9g\u00e8ret\u00e9. Technologie int\u00e9gr\u00e9e dans la partie sup\u00e9rieure de la semelle interm\u00e9diaire. - MOUSSE MIZUNO ENERZY La technologie MIZUNO ENERZY, qui offre un amorti et un retour d'\u00e9nergie exceptionnels, est ins\u00e9r\u00e9e dans la partie inf\u00e9rieure de la semelle interm\u00e9diaire. - MIZUNO WAVE Am\u00e9liore la stabilit\u00e9 \u00e0 chaque foul\u00e9e sans perte de souplesse. 4) Smooth Stretch Woven Offre un chaussant enveloppant doux qui s'\u00e9tire progressivement \u00e0 l'horizontal sans se d\u00e9former verticalement. La technique de tissage am\u00e9lior\u00e9e renforce la respirabilit\u00e9 sur l'ensemble du cou-de-pied pour un confort optimal.<\/p>\n<p><em>Drop : 8 mm<\/em><\/p>\n","protected":false},"excerpt":{"rendered":"<p>Profitez d'une incroyable sensation de course avec cette chaussure. Le mat\u00e9riau innovant de la MIZUNO ENERZY NXT int\u00e9gr\u00e9 dans la partie sup\u00e9rieure de la semelle interm\u00e9diaire offre un confort souple et un retour d'\u00e9nergie optimal pour un mod\u00e8le l\u00e9ger. La technologie MIZUNO ENERZY FOAM int\u00e9gr\u00e9e dans la partie inf\u00e9rieure de la semelle interm\u00e9diaire am\u00e9liore le [&hellip;]<\/p>\n","protected":false},"featured_media":802,"template":"","meta":[],"pwb-brand":[17],"product_brand":[],"product_cat":[36,38],"product_tag":[],"class_list":{"0":"post-801","1":"product","2":"type-product","3":"status-publish","4":"has-post-thumbnail","6":"pwb-brand-mizuno","7":"product_cat-chaussures-femmes","8":"product_cat-route","10":"first","11":"instock","12":"sale","13":"shipping-taxable","14":"purchasable","15":"product-type-simple"},"brands":[{"id":17,"name":"MIZUNO","slug":"mizuno"}],"_links":{"self":[{"href":"https:\/\/rrunning.tribalt.agency\/index.php?rest_route=\/wp\/v2\/product\/801","targetHints":{"allow":["GET"]}}],"collection":[{"href":"https:\/\/rrunning.tribalt.agency\/index.php?rest_route=\/wp\/v2\/product"}],"about":[{"href":"https:\/\/rrunning.tribalt.agency\/index.php?rest_route=\/wp\/v2\/types\/product"}],"wp:featuredmedia":[{"embeddable":true,"href":"https:\/\/rrunning.tribalt.agency\/index.php?rest_route=\/wp\/v2\/media\/802"}],"wp:attachment":[{"href":"https:\/\/rrunning.tribalt.agency\/index.php?rest_route=%2Fwp%2Fv2%2Fmedia&parent=801"}],"wp:term":[{"taxonomy":"pwb-brand","embeddable":true,"href":"https:\/\/rrunning.tribalt.agency\/index.php?rest_route=%2Fwp%2Fv2%2Fpwb-brand&post=801"},{"taxonomy":"product_brand","embeddable":true,"href":"https:\/\/rrunning.tribalt.agency\/index.php?rest_route=%2Fwp%2Fv2%2Fproduct_brand&post=801"},{"taxonomy":"product_cat","embeddable":true,"href":"https:\/\/rrunning.tribalt.agency\/index.php?rest_route=%2Fwp%2Fv2%2Fproduct_cat&post=801"},{"taxonomy":"product_tag","embeddable":true,"href":"https:\/\/rrunning.tribalt.agency\/index.php?rest_route=%2Fwp%2Fv2%2Fproduct_tag&post=801"}],"curies":[{"name":"wp","href":"https:\/\/api.w.org\/{rel}","templated":true}]}}