{"id":796,"date":"2025-04-16T20:54:37","date_gmt":"2025-04-16T18:54:37","guid":{"rendered":"https:\/\/rrunning.tribalt.agency\/?post_type=product&#038;p=796"},"modified":"2025-09-02T10:34:57","modified_gmt":"2025-09-02T08:34:57","slug":"mizuno-neo-vista","status":"publish","type":"product","link":"https:\/\/rrunning.tribalt.agency\/?product=mizuno-neo-vista","title":{"rendered":"MIZUNO NEO VISTA"},"content":{"rendered":"<p>PLEIN AIR\/RIVER BLUE\/MUGEN BLUE<\/p>\n<p>Utilisez cette chaussure de course pour vos sorties quotidiennes et \u00e9conomisez de l'\u00e9nergie. Les caract\u00e9ristiques de ce mod\u00e8le conviennent parfaitement aux coureurs s\u00e9rieux aussi bien pour les entra\u00eenements quotidiens que de vitesse. La technologie exclusive SMOOTH SPEED ASSIST de Mizuno vous aidera \u00e0 am\u00e9liorer vos performances, tandis que la MIZUNO ENERZY NXT apporte une douceur et un retour d'\u00e9nergie in\u00e9gal\u00e9s pour un poids aussi l\u00e9ger. De plus, ce mod\u00e8le est confectionn\u00e9 \u00e0 partir de mat\u00e9riaux \u00e9coresponsables afin de pr\u00e9server l'environnement pour les futures g\u00e9n\u00e9rations de coureurs. - SMOOTH SPEED ASSIST Ce mod\u00e8le destin\u00e9 aux entra\u00eenements quotidiens est dot\u00e9 de caract\u00e9ristiques sp\u00e9cifiques aux chaussures de course. Pour une foul\u00e9e efficace lors de vos sorties quotidiennes et entra\u00eenements. - MIZUNO ENERZY NXT La nouvelle g\u00e9n\u00e9ration de mat\u00e9riaux Mizuno utilisent des ressources respectueuses de l'environnement garantissant douceur, retour d'\u00e9nergie exceptionnel et l\u00e9g\u00e8ret\u00e9. - MIZUNO WAVE Am\u00e9liore la stabilit\u00e9 \u00e0 chaque foul\u00e9e sans perte de souplesse. 4) Mat\u00e9riaux \u00e9coresponsables repr\u00e9sentant XX % du poids total de la chaussure.<\/p>\n<p><em>Drop : 8 mm<\/em><\/p>\n","protected":false},"excerpt":{"rendered":"<p>PLEIN AIR\/RIVER BLUE\/MUGEN BLUE Utilisez cette chaussure de course pour vos sorties quotidiennes et \u00e9conomisez de l'\u00e9nergie. Les caract\u00e9ristiques de ce mod\u00e8le conviennent parfaitement aux coureurs s\u00e9rieux aussi bien pour les entra\u00eenements quotidiens que de vitesse. La technologie exclusive SMOOTH SPEED ASSIST de Mizuno vous aidera \u00e0 am\u00e9liorer vos performances, tandis que la MIZUNO ENERZY [&hellip;]<\/p>\n","protected":false},"featured_media":797,"template":"","meta":[],"pwb-brand":[17],"product_brand":[],"product_cat":[38],"product_tag":[],"class_list":{"0":"post-796","1":"product","2":"type-product","3":"status-publish","4":"has-post-thumbnail","6":"pwb-brand-mizuno","7":"product_cat-route","9":"first","10":"instock","11":"sale","12":"shipping-taxable","13":"purchasable","14":"product-type-simple"},"brands":[{"id":17,"name":"MIZUNO","slug":"mizuno"}],"_links":{"self":[{"href":"https:\/\/rrunning.tribalt.agency\/index.php?rest_route=\/wp\/v2\/product\/796","targetHints":{"allow":["GET"]}}],"collection":[{"href":"https:\/\/rrunning.tribalt.agency\/index.php?rest_route=\/wp\/v2\/product"}],"about":[{"href":"https:\/\/rrunning.tribalt.agency\/index.php?rest_route=\/wp\/v2\/types\/product"}],"wp:featuredmedia":[{"embeddable":true,"href":"https:\/\/rrunning.tribalt.agency\/index.php?rest_route=\/wp\/v2\/media\/797"}],"wp:attachment":[{"href":"https:\/\/rrunning.tribalt.agency\/index.php?rest_route=%2Fwp%2Fv2%2Fmedia&parent=796"}],"wp:term":[{"taxonomy":"pwb-brand","embeddable":true,"href":"https:\/\/rrunning.tribalt.agency\/index.php?rest_route=%2Fwp%2Fv2%2Fpwb-brand&post=796"},{"taxonomy":"product_brand","embeddable":true,"href":"https:\/\/rrunning.tribalt.agency\/index.php?rest_route=%2Fwp%2Fv2%2Fproduct_brand&post=796"},{"taxonomy":"product_cat","embeddable":true,"href":"https:\/\/rrunning.tribalt.agency\/index.php?rest_route=%2Fwp%2Fv2%2Fproduct_cat&post=796"},{"taxonomy":"product_tag","embeddable":true,"href":"https:\/\/rrunning.tribalt.agency\/index.php?rest_route=%2Fwp%2Fv2%2Fproduct_tag&post=796"}],"curies":[{"name":"wp","href":"https:\/\/api.w.org\/{rel}","templated":true}]}}