{"id":4427,"date":"2025-10-22T18:21:05","date_gmt":"2025-10-22T16:21:05","guid":{"rendered":"https:\/\/rrunning.tribalt.agency\/?post_type=product&#038;p=4427"},"modified":"2025-10-22T18:21:06","modified_gmt":"2025-10-22T16:21:06","slug":"oriente-2-1","status":"publish","type":"product","link":"https:\/\/rrunning.tribalt.agency\/?product=oriente-2-1","title":{"rendered":"ORIENTE 2.1"},"content":{"rendered":"<p data-end=\"373\" data-start=\"63\"><em>Free Movement Project<\/em>\u00a0: d\u00e9couvrez ce que libert\u00e9 de mouvement veut dire !<\/p>\n<p data-end=\"373\" data-start=\"63\">Ceinture en fibre de bambou ultra soft touch hypoallerg\u00e9nique<\/p>\n<p data-end=\"373\" data-start=\"63\">Ultra light, ventil\u00e9, r\u00e9sistant<\/p>\n<p data-end=\"373\" data-start=\"63\">2 poches filets gel\/barre devant + zip \u00e9tanche \u00e0 l'arri\u00e8re<\/p>\n<p data-end=\"643\" data-start=\"375\">Pens\u00e9 pour les coureurs en qu\u00eate de performance et de confort absolu, le short Oriente allie une conception ultra-technique \u00e0 des mat\u00e9riaux de pointe. Son syst\u00e8me Free Movement Project offre une libert\u00e9 de mouvement totale, id\u00e9ale pour repousser vos limites.<\/p>\n<p data-end=\"930\" data-start=\"645\">Avec sa ceinture en fibre de bambou, il garantit un contact doux, hypoallerg\u00e9nique et respirant, m\u00eame sur les sorties longues. Son tissu technique, \u00e0 la fois ultra-l\u00e9ger, ventil\u00e9 et r\u00e9sistant, assure une \u00e9vacuation rapide de l\u2019humidit\u00e9 et une durabilit\u00e9 maximale.<\/p>\n<p data-end=\"1119\" data-start=\"932\"><em>Et pour les plus exigeants, les versions Superlight et Supercorsa, directement issues de notre Devlab, repoussent encore les limites du minimalisme et de la performance.<\/em><\/p>\n<p>90 g<\/p>\n","protected":false},"excerpt":{"rendered":"<p>Free Movement Project\u00a0: d\u00e9couvrez ce que libert\u00e9 de mouvement veut dire ! Ceinture en fibre de bambou ultra soft touch hypoallerg\u00e9nique Ultra light, ventil\u00e9, r\u00e9sistant 2 poches filets gel\/barre devant + zip \u00e9tanche \u00e0 l'arri\u00e8re Pens\u00e9 pour les coureurs en qu\u00eate de performance et de confort absolu, le short Oriente allie une conception ultra-technique \u00e0 [&hellip;]<\/p>\n","protected":false},"featured_media":4428,"template":"","meta":[],"pwb-brand":[166],"product_brand":[],"product_cat":[49],"product_tag":[],"class_list":{"0":"post-4427","1":"product","2":"type-product","3":"status-publish","4":"has-post-thumbnail","6":"pwb-brand-altore","7":"product_cat-bas","9":"first","10":"instock","11":"shipping-taxable","12":"purchasable","13":"product-type-simple"},"brands":[{"id":166,"name":"ALTORE","slug":"altore"}],"_links":{"self":[{"href":"https:\/\/rrunning.tribalt.agency\/index.php?rest_route=\/wp\/v2\/product\/4427","targetHints":{"allow":["GET"]}}],"collection":[{"href":"https:\/\/rrunning.tribalt.agency\/index.php?rest_route=\/wp\/v2\/product"}],"about":[{"href":"https:\/\/rrunning.tribalt.agency\/index.php?rest_route=\/wp\/v2\/types\/product"}],"wp:featuredmedia":[{"embeddable":true,"href":"https:\/\/rrunning.tribalt.agency\/index.php?rest_route=\/wp\/v2\/media\/4428"}],"wp:attachment":[{"href":"https:\/\/rrunning.tribalt.agency\/index.php?rest_route=%2Fwp%2Fv2%2Fmedia&parent=4427"}],"wp:term":[{"taxonomy":"pwb-brand","embeddable":true,"href":"https:\/\/rrunning.tribalt.agency\/index.php?rest_route=%2Fwp%2Fv2%2Fpwb-brand&post=4427"},{"taxonomy":"product_brand","embeddable":true,"href":"https:\/\/rrunning.tribalt.agency\/index.php?rest_route=%2Fwp%2Fv2%2Fproduct_brand&post=4427"},{"taxonomy":"product_cat","embeddable":true,"href":"https:\/\/rrunning.tribalt.agency\/index.php?rest_route=%2Fwp%2Fv2%2Fproduct_cat&post=4427"},{"taxonomy":"product_tag","embeddable":true,"href":"https:\/\/rrunning.tribalt.agency\/index.php?rest_route=%2Fwp%2Fv2%2Fproduct_tag&post=4427"}],"curies":[{"name":"wp","href":"https:\/\/api.w.org\/{rel}","templated":true}]}}