{"id":4422,"date":"2025-10-22T18:10:45","date_gmt":"2025-10-22T16:10:45","guid":{"rendered":"https:\/\/rrunning.tribalt.agency\/?post_type=product&#038;p=4422"},"modified":"2025-10-22T18:22:33","modified_gmt":"2025-10-22T16:22:33","slug":"oriente-2-1-x-lenght","status":"publish","type":"product","link":"https:\/\/rrunning.tribalt.agency\/?product=oriente-2-1-x-lenght","title":{"rendered":"ORIENTE 2.1 X-Lenght"},"content":{"rendered":"<p data-end=\"373\" data-start=\"63\"><em>\ud83d\udc49\ud83c\udffb Free Movement Project<\/em>\u00a0: d\u00e9couvrez ce que libert\u00e9 de mouvement veut dire !<\/p>\n<p data-end=\"373\" data-start=\"63\"><strong data-end=\"232\" data-start=\"156\">\ud83d\udc49\ud83c\udffb\u00a0<\/strong>Ceinture et slip en fibre de bambou ultra soft touch hypoallerg\u00e9nique<\/p>\n<p data-end=\"373\" data-start=\"63\"><strong data-end=\"273\" data-start=\"235\">\ud83d\udc49\ud83c\udffb\u00a0<\/strong>Ultra light, ventil\u00e9, r\u00e9sistant<\/p>\n<p data-end=\"373\" data-start=\"63\"><strong data-end=\"273\" data-start=\"235\">\ud83d\udc49\ud83c\udffb<\/strong>\u00a02 poches filets gel\/barre devant + zip \u00e9tanche \u00e0 l'arri\u00e8re<\/p>\n<p data-end=\"373\" data-start=\"63\"><strong data-end=\"273\" data-start=\"235\">\ud83d\udc49\ud83c\udffb\u00a0<\/strong>La version longue : + 4 cm<\/p>\n<p data-end=\"643\" data-start=\"375\">Pens\u00e9 pour les coureurs en qu\u00eate de performance et de confort absolu, le short Oriente allie une conception ultra-technique \u00e0 des mat\u00e9riaux de pointe. Son syst\u00e8me Free Movement Project offre une libert\u00e9 de mouvement totale, id\u00e9ale pour repousser vos limites.<\/p>\n<p data-end=\"930\" data-start=\"645\">Avec une ceinture et un slip int\u00e9gr\u00e9 en fibre de bambou, il garantit un contact doux, hypoallerg\u00e9nique et respirant, m\u00eame sur les sorties longues. Son tissu technique, \u00e0 la fois ultra-l\u00e9ger, ventil\u00e9 et r\u00e9sistant, assure une \u00e9vacuation rapide de l\u2019humidit\u00e9 et une durabilit\u00e9 maximale.<\/p>\n<p>135 g<\/p>\n","protected":false},"excerpt":{"rendered":"<p>\ud83d\udc49\ud83c\udffb Free Movement Project\u00a0: d\u00e9couvrez ce que libert\u00e9 de mouvement veut dire ! \ud83d\udc49\ud83c\udffb\u00a0Ceinture et slip en fibre de bambou ultra soft touch hypoallerg\u00e9nique \ud83d\udc49\ud83c\udffb\u00a0Ultra light, ventil\u00e9, r\u00e9sistant \ud83d\udc49\ud83c\udffb\u00a02 poches filets gel\/barre devant + zip \u00e9tanche \u00e0 l'arri\u00e8re \ud83d\udc49\ud83c\udffb\u00a0La version longue : + 4 cm Pens\u00e9 pour les coureurs en qu\u00eate de performance et de [&hellip;]<\/p>\n","protected":false},"featured_media":4423,"template":"","meta":[],"pwb-brand":[166],"product_brand":[],"product_cat":[57],"product_tag":[],"class_list":{"0":"post-4422","1":"product","2":"type-product","3":"status-publish","4":"has-post-thumbnail","6":"pwb-brand-altore","7":"product_cat-bas-textile-homme","9":"first","10":"instock","11":"shipping-taxable","12":"purchasable","13":"product-type-simple"},"brands":[{"id":166,"name":"ALTORE","slug":"altore"}],"_links":{"self":[{"href":"https:\/\/rrunning.tribalt.agency\/index.php?rest_route=\/wp\/v2\/product\/4422","targetHints":{"allow":["GET"]}}],"collection":[{"href":"https:\/\/rrunning.tribalt.agency\/index.php?rest_route=\/wp\/v2\/product"}],"about":[{"href":"https:\/\/rrunning.tribalt.agency\/index.php?rest_route=\/wp\/v2\/types\/product"}],"wp:featuredmedia":[{"embeddable":true,"href":"https:\/\/rrunning.tribalt.agency\/index.php?rest_route=\/wp\/v2\/media\/4423"}],"wp:attachment":[{"href":"https:\/\/rrunning.tribalt.agency\/index.php?rest_route=%2Fwp%2Fv2%2Fmedia&parent=4422"}],"wp:term":[{"taxonomy":"pwb-brand","embeddable":true,"href":"https:\/\/rrunning.tribalt.agency\/index.php?rest_route=%2Fwp%2Fv2%2Fpwb-brand&post=4422"},{"taxonomy":"product_brand","embeddable":true,"href":"https:\/\/rrunning.tribalt.agency\/index.php?rest_route=%2Fwp%2Fv2%2Fproduct_brand&post=4422"},{"taxonomy":"product_cat","embeddable":true,"href":"https:\/\/rrunning.tribalt.agency\/index.php?rest_route=%2Fwp%2Fv2%2Fproduct_cat&post=4422"},{"taxonomy":"product_tag","embeddable":true,"href":"https:\/\/rrunning.tribalt.agency\/index.php?rest_route=%2Fwp%2Fv2%2Fproduct_tag&post=4422"}],"curies":[{"name":"wp","href":"https:\/\/api.w.org\/{rel}","templated":true}]}}