{"id":4411,"date":"2025-10-22T17:49:23","date_gmt":"2025-10-22T15:49:23","guid":{"rendered":"https:\/\/rrunning.tribalt.agency\/?post_type=product&#038;p=4411"},"modified":"2025-10-22T18:05:28","modified_gmt":"2025-10-22T16:05:28","slug":"bavella-2-1","status":"publish","type":"product","link":"https:\/\/rrunning.tribalt.agency\/?product=bavella-2-1","title":{"rendered":"BAVELLA 2.1"},"content":{"rendered":"<p>L'innovation textile au service de votre performance<\/p>\n<p>l\u00e9g\u00e8ret\u00e9 extr\u00eame et confort absolu<\/p>\n<p>Notre Bavella 2.1 repousse les limites du textile technique : La fibre naturelle de bambou en tissage ultra fin et ultra soft touch procure une sensation de bien-\u00eatre imm\u00e9diat, une r\u00e9gulation thermique optimale et un s\u00e9chage rapide.<\/p>\n<p>Tout \u00e0 \u00e9t\u00e9 pens\u00e9 pour que vous puissiez l'oublier...<\/p>\n<p>&nbsp;<\/p>\n<p>Coupe flottante wave design<\/p>\n<p>Perfomesh lat\u00e9raux<\/p>\n<p>Insert r\u00e9fl\u00e9chissant au dos<\/p>\n<p>60 g<\/p>\n","protected":false},"excerpt":{"rendered":"<p>L'innovation textile au service de votre performance l\u00e9g\u00e8ret\u00e9 extr\u00eame et confort absolu Notre Bavella 2.1 repousse les limites du textile technique : La fibre naturelle de bambou en tissage ultra fin et ultra soft touch procure une sensation de bien-\u00eatre imm\u00e9diat, une r\u00e9gulation thermique optimale et un s\u00e9chage rapide. Tout \u00e0 \u00e9t\u00e9 pens\u00e9 pour que [&hellip;]<\/p>\n","protected":false},"featured_media":4417,"template":"","meta":[],"pwb-brand":[166],"product_brand":[],"product_cat":[46],"product_tag":[],"class_list":{"0":"post-4411","1":"product","2":"type-product","3":"status-publish","4":"has-post-thumbnail","6":"pwb-brand-altore","7":"product_cat-haut","9":"first","10":"instock","11":"shipping-taxable","12":"purchasable","13":"product-type-simple"},"brands":[{"id":166,"name":"ALTORE","slug":"altore"}],"_links":{"self":[{"href":"https:\/\/rrunning.tribalt.agency\/index.php?rest_route=\/wp\/v2\/product\/4411","targetHints":{"allow":["GET"]}}],"collection":[{"href":"https:\/\/rrunning.tribalt.agency\/index.php?rest_route=\/wp\/v2\/product"}],"about":[{"href":"https:\/\/rrunning.tribalt.agency\/index.php?rest_route=\/wp\/v2\/types\/product"}],"wp:featuredmedia":[{"embeddable":true,"href":"https:\/\/rrunning.tribalt.agency\/index.php?rest_route=\/wp\/v2\/media\/4417"}],"wp:attachment":[{"href":"https:\/\/rrunning.tribalt.agency\/index.php?rest_route=%2Fwp%2Fv2%2Fmedia&parent=4411"}],"wp:term":[{"taxonomy":"pwb-brand","embeddable":true,"href":"https:\/\/rrunning.tribalt.agency\/index.php?rest_route=%2Fwp%2Fv2%2Fpwb-brand&post=4411"},{"taxonomy":"product_brand","embeddable":true,"href":"https:\/\/rrunning.tribalt.agency\/index.php?rest_route=%2Fwp%2Fv2%2Fproduct_brand&post=4411"},{"taxonomy":"product_cat","embeddable":true,"href":"https:\/\/rrunning.tribalt.agency\/index.php?rest_route=%2Fwp%2Fv2%2Fproduct_cat&post=4411"},{"taxonomy":"product_tag","embeddable":true,"href":"https:\/\/rrunning.tribalt.agency\/index.php?rest_route=%2Fwp%2Fv2%2Fproduct_tag&post=4411"}],"curies":[{"name":"wp","href":"https:\/\/api.w.org\/{rel}","templated":true}]}}