{"id":4398,"date":"2025-10-22T16:31:33","date_gmt":"2025-10-22T14:31:33","guid":{"rendered":"https:\/\/rrunning.tribalt.agency\/?post_type=product&#038;p=4398"},"modified":"2025-10-22T16:42:10","modified_gmt":"2025-10-22T14:42:10","slug":"matalza-2-0-ml","status":"publish","type":"product","link":"https:\/\/rrunning.tribalt.agency\/?product=matalza-2-0-ml","title":{"rendered":"MATALZA 2.0 ML"},"content":{"rendered":"<p>Le T-shirt \u00e9co-technique qui vous emm\u00e8ne plus loin, en version manches longues<\/p>\n<p>L\u00e9ger, respirant, engag\u00e9 : Moins d'impact, plus de kilom\u00e8tres !<\/p>\n<p>Concentr\u00e9 de performance et d'\u00e9coresponsabilit\u00e9, notre mod\u00e8le\u00a0<strong>Matalza<\/strong>\u00a0associe fibre naturelle de bambou et polyester recycl\u00e9 pour une respirabilit\u00e9 et un confort incomparables. L\u00e9ger, ultra respirant, s\u00e9chage express et avec un soft touch renforc\u00e9 sur nos versions Heather, il t'accompagne sur toutes les distances.<br \/>\n<strong>Made in France<\/strong>, il prouve que l'on peut allier performance, design, \u00e9thique et prix ma\u00eetris\u00e9.<\/p>\n<p>&nbsp;<\/p>\n<p>Coupe droite flottante<\/p>\n<p>Larges fentes d\u2019aisance<\/p>\n<p>Insert r\u00e9fl\u00e9chissant au dos<\/p>\n<p>100 g<\/p>\n","protected":false},"excerpt":{"rendered":"<p>Le T-shirt \u00e9co-technique qui vous emm\u00e8ne plus loin, en version manches longues L\u00e9ger, respirant, engag\u00e9 : Moins d'impact, plus de kilom\u00e8tres ! Concentr\u00e9 de performance et d'\u00e9coresponsabilit\u00e9, notre mod\u00e8le\u00a0Matalza\u00a0associe fibre naturelle de bambou et polyester recycl\u00e9 pour une respirabilit\u00e9 et un confort incomparables. L\u00e9ger, ultra respirant, s\u00e9chage express et avec un soft touch renforc\u00e9 sur [&hellip;]<\/p>\n","protected":false},"featured_media":4402,"template":"","meta":[],"pwb-brand":[166],"product_brand":[],"product_cat":[55],"product_tag":[],"class_list":{"0":"post-4398","1":"product","2":"type-product","3":"status-publish","4":"has-post-thumbnail","6":"pwb-brand-altore","7":"product_cat-haut-textile-homme","9":"first","10":"instock","11":"shipping-taxable","12":"purchasable","13":"product-type-simple"},"brands":[{"id":166,"name":"ALTORE","slug":"altore"}],"_links":{"self":[{"href":"https:\/\/rrunning.tribalt.agency\/index.php?rest_route=\/wp\/v2\/product\/4398","targetHints":{"allow":["GET"]}}],"collection":[{"href":"https:\/\/rrunning.tribalt.agency\/index.php?rest_route=\/wp\/v2\/product"}],"about":[{"href":"https:\/\/rrunning.tribalt.agency\/index.php?rest_route=\/wp\/v2\/types\/product"}],"wp:featuredmedia":[{"embeddable":true,"href":"https:\/\/rrunning.tribalt.agency\/index.php?rest_route=\/wp\/v2\/media\/4402"}],"wp:attachment":[{"href":"https:\/\/rrunning.tribalt.agency\/index.php?rest_route=%2Fwp%2Fv2%2Fmedia&parent=4398"}],"wp:term":[{"taxonomy":"pwb-brand","embeddable":true,"href":"https:\/\/rrunning.tribalt.agency\/index.php?rest_route=%2Fwp%2Fv2%2Fpwb-brand&post=4398"},{"taxonomy":"product_brand","embeddable":true,"href":"https:\/\/rrunning.tribalt.agency\/index.php?rest_route=%2Fwp%2Fv2%2Fproduct_brand&post=4398"},{"taxonomy":"product_cat","embeddable":true,"href":"https:\/\/rrunning.tribalt.agency\/index.php?rest_route=%2Fwp%2Fv2%2Fproduct_cat&post=4398"},{"taxonomy":"product_tag","embeddable":true,"href":"https:\/\/rrunning.tribalt.agency\/index.php?rest_route=%2Fwp%2Fv2%2Fproduct_tag&post=4398"}],"curies":[{"name":"wp","href":"https:\/\/api.w.org\/{rel}","templated":true}]}}