{"id":4274,"date":"2025-10-16T19:23:23","date_gmt":"2025-10-16T17:23:23","guid":{"rendered":"https:\/\/rrunning.tribalt.agency\/?post_type=product&#038;p=4274"},"modified":"2025-10-16T19:23:23","modified_gmt":"2025-10-16T17:23:23","slug":"nucleo-2","status":"publish","type":"product","link":"https:\/\/rrunning.tribalt.agency\/?product=nucleo-2","title":{"rendered":"NUCLEO 2"},"content":{"rendered":"<p><strong>Nucleo 2 : l\u00e9g\u00e8re et fluide, c\u2019est l\u2019outil d\u2019entra\u00eenement pour ceux qui comprennent vraiment le parcours.<\/strong><\/p>\n<p>Cette version a \u00e9t\u00e9 enti\u00e8rement revisit\u00e9e en vue d\u2019am\u00e9liorer significativement le maintien global, tout en conservant les qualit\u00e9s qui ont fait d\u2019elle une chaussure de running\u00a0<strong>neutre indispensable pour des courses longues et fluides<\/strong>.<\/p>\n<p>Nucleo 2 offre un ensemble de caract\u00e9ristiques uniques, ce qui en fait la chaussure de course essentielle pour chaque coureur, qu\u2019il soit expert ou d\u00e9butant. Pesant seulement 9,7 oz et dot\u00e9e d\u2019une semelle interm\u00e9diaire Anima qui offre 30 % de r\u00e9activit\u00e9 suppl\u00e9mentaire tout en r\u00e9duisant le poids de 20 %, Nucleo 2 assure une course douce et fluide pour les runneurs de tous les niveaux.<\/p>\n<p>Notre \u00e9quipe de conception a travaill\u00e9 sur un nouveau design asym\u00e9trique de la semelle interm\u00e9diaire. Les deux zones creuses \u00e0 l\u2019ext\u00e9rieur et le design aplati \u00e0 l\u2019int\u00e9rieur contribuent \u00e0 am\u00e9liorer la stabilit\u00e9 et le contr\u00f4le de la rotation, compl\u00e9t\u00e9s par une zone int\u00e9rieure moins concave, s\u2019\u00e9tendant du talon au c\u00f4t\u00e9 m\u00e9dian. Le drop bas, de 5 mm, et le design raffin\u00e9 de l\u2019empeigne font de Nucleo la compagne parfaite des footings de longue distance et des entra\u00eenements quotidiens. La languette sup\u00e9rieure pr\u00e9sente un design revisit\u00e9 et est fix\u00e9e lat\u00e9ralement avec un mesh \u00e9lastique, int\u00e9gr\u00e9 \u00e0 la construction de la doublure, afin d\u2019\u00e9viter les torsions et<strong>\u00a0d\u2019assurer un ajustement confortable sans renoncer \u00e0 la flexibilit\u00e9<\/strong>. La largeur du talon a \u00e9t\u00e9 augment\u00e9e de 9 mm, celle du m\u00e9dio-pied de 13 mm et celle de l\u2019avant-pied de 5 mm. La longueur<\/p>\n","protected":false},"excerpt":{"rendered":"<p>Nucleo 2 : l\u00e9g\u00e8re et fluide, c\u2019est l\u2019outil d\u2019entra\u00eenement pour ceux qui comprennent vraiment le parcours. Cette version a \u00e9t\u00e9 enti\u00e8rement revisit\u00e9e en vue d\u2019am\u00e9liorer significativement le maintien global, tout en conservant les qualit\u00e9s qui ont fait d\u2019elle une chaussure de running\u00a0neutre indispensable pour des courses longues et fluides. Nucleo 2 offre un ensemble de [&hellip;]<\/p>\n","protected":false},"featured_media":4277,"template":"","meta":[],"pwb-brand":[160],"product_brand":[],"product_cat":[38],"product_tag":[],"class_list":{"0":"post-4274","1":"product","2":"type-product","3":"status-publish","4":"has-post-thumbnail","6":"pwb-brand-diadora","7":"product_cat-route","9":"first","10":"instock","11":"shipping-taxable","12":"purchasable","13":"product-type-simple"},"brands":[{"id":160,"name":"DIADORA","slug":"diadora"}],"_links":{"self":[{"href":"https:\/\/rrunning.tribalt.agency\/index.php?rest_route=\/wp\/v2\/product\/4274","targetHints":{"allow":["GET"]}}],"collection":[{"href":"https:\/\/rrunning.tribalt.agency\/index.php?rest_route=\/wp\/v2\/product"}],"about":[{"href":"https:\/\/rrunning.tribalt.agency\/index.php?rest_route=\/wp\/v2\/types\/product"}],"wp:featuredmedia":[{"embeddable":true,"href":"https:\/\/rrunning.tribalt.agency\/index.php?rest_route=\/wp\/v2\/media\/4277"}],"wp:attachment":[{"href":"https:\/\/rrunning.tribalt.agency\/index.php?rest_route=%2Fwp%2Fv2%2Fmedia&parent=4274"}],"wp:term":[{"taxonomy":"pwb-brand","embeddable":true,"href":"https:\/\/rrunning.tribalt.agency\/index.php?rest_route=%2Fwp%2Fv2%2Fpwb-brand&post=4274"},{"taxonomy":"product_brand","embeddable":true,"href":"https:\/\/rrunning.tribalt.agency\/index.php?rest_route=%2Fwp%2Fv2%2Fproduct_brand&post=4274"},{"taxonomy":"product_cat","embeddable":true,"href":"https:\/\/rrunning.tribalt.agency\/index.php?rest_route=%2Fwp%2Fv2%2Fproduct_cat&post=4274"},{"taxonomy":"product_tag","embeddable":true,"href":"https:\/\/rrunning.tribalt.agency\/index.php?rest_route=%2Fwp%2Fv2%2Fproduct_tag&post=4274"}],"curies":[{"name":"wp","href":"https:\/\/api.w.org\/{rel}","templated":true}]}}