{"id":4269,"date":"2025-10-16T19:17:16","date_gmt":"2025-10-16T17:17:16","guid":{"rendered":"https:\/\/rrunning.tribalt.agency\/?post_type=product&#038;p=4269"},"modified":"2025-10-16T19:19:52","modified_gmt":"2025-10-16T17:19:52","slug":"l-ss-t-shirt-stratouno-2","status":"publish","type":"product","link":"https:\/\/rrunning.tribalt.agency\/?product=l-ss-t-shirt-stratouno-2","title":{"rendered":"L. SS T-SHIRT STRATOUNO"},"content":{"rendered":"<p>Avec le t-shirt technique de STRATOUNO, fini les distractions ou les poids excessifs. Le\u00a0<strong>L. SS T-shirt STRATOUNO<\/strong>\u00a0agit comme une<strong>\u00a0couche unique<\/strong>\u00a0: appr\u00e9ciez son action protectrice pendant les minutes d\u2019\u00e9chauffement et son efficacit\u00e9 thermor\u00e9gulatrice lorsque les kilom\u00e8tres s\u2019accumulent. Le tissage des fils cr\u00e9e un motif ajour\u00e9 \u00e0 rayures, pour un look confortable.<\/p>\n","protected":false},"excerpt":{"rendered":"<p>Avec le t-shirt technique de STRATOUNO, fini les distractions ou les poids excessifs. Le\u00a0L. SS T-shirt STRATOUNO\u00a0agit comme une\u00a0couche unique\u00a0: appr\u00e9ciez son action protectrice pendant les minutes d\u2019\u00e9chauffement et son efficacit\u00e9 thermor\u00e9gulatrice lorsque les kilom\u00e8tres s\u2019accumulent. Le tissage des fils cr\u00e9e un motif ajour\u00e9 \u00e0 rayures, pour un look confortable.<\/p>\n","protected":false},"featured_media":4273,"template":"","meta":[],"pwb-brand":[160],"product_brand":[],"product_cat":[46],"product_tag":[],"class_list":{"0":"post-4269","1":"product","2":"type-product","3":"status-publish","4":"has-post-thumbnail","6":"pwb-brand-diadora","7":"product_cat-haut","9":"first","10":"instock","11":"shipping-taxable","12":"purchasable","13":"product-type-simple"},"brands":[{"id":160,"name":"DIADORA","slug":"diadora"}],"_links":{"self":[{"href":"https:\/\/rrunning.tribalt.agency\/index.php?rest_route=\/wp\/v2\/product\/4269","targetHints":{"allow":["GET"]}}],"collection":[{"href":"https:\/\/rrunning.tribalt.agency\/index.php?rest_route=\/wp\/v2\/product"}],"about":[{"href":"https:\/\/rrunning.tribalt.agency\/index.php?rest_route=\/wp\/v2\/types\/product"}],"wp:featuredmedia":[{"embeddable":true,"href":"https:\/\/rrunning.tribalt.agency\/index.php?rest_route=\/wp\/v2\/media\/4273"}],"wp:attachment":[{"href":"https:\/\/rrunning.tribalt.agency\/index.php?rest_route=%2Fwp%2Fv2%2Fmedia&parent=4269"}],"wp:term":[{"taxonomy":"pwb-brand","embeddable":true,"href":"https:\/\/rrunning.tribalt.agency\/index.php?rest_route=%2Fwp%2Fv2%2Fpwb-brand&post=4269"},{"taxonomy":"product_brand","embeddable":true,"href":"https:\/\/rrunning.tribalt.agency\/index.php?rest_route=%2Fwp%2Fv2%2Fproduct_brand&post=4269"},{"taxonomy":"product_cat","embeddable":true,"href":"https:\/\/rrunning.tribalt.agency\/index.php?rest_route=%2Fwp%2Fv2%2Fproduct_cat&post=4269"},{"taxonomy":"product_tag","embeddable":true,"href":"https:\/\/rrunning.tribalt.agency\/index.php?rest_route=%2Fwp%2Fv2%2Fproduct_tag&post=4269"}],"curies":[{"name":"wp","href":"https:\/\/api.w.org\/{rel}","templated":true}]}}