{"id":4265,"date":"2025-10-16T19:15:09","date_gmt":"2025-10-16T17:15:09","guid":{"rendered":"https:\/\/rrunning.tribalt.agency\/?post_type=product&#038;p=4265"},"modified":"2025-10-16T19:16:28","modified_gmt":"2025-10-16T17:16:28","slug":"l-ss-t-shirt-stratouno","status":"publish","type":"product","link":"https:\/\/rrunning.tribalt.agency\/?product=l-ss-t-shirt-stratouno","title":{"rendered":"L. SS T-SHIRT STRATOUNO"},"content":{"rendered":"<p><strong>STRATOUNO<\/strong>. Et rien d\u2019autre.<\/p>\n<p>Fruit de notre travail de recherche, cette ligne de tennis technique propose des pi\u00e8ces\u00a0<strong>enti\u00e8rement sans coutures<\/strong>\u00a0et\u00a0<strong>ultral\u00e9g\u00e8res<\/strong>, un\u00a0<strong>layer unique\u00a0<\/strong>qui s\u2019occupe de tout.\u00a0<strong>Made in Italy<\/strong>\u00a0: enfilez-le et vous ressentirez toute l\u2019innovation de cette confection directement sur votre peau.<\/p>\n<p><strong>Tout ce que vous recherchez dans une couche de base, mais avec plus de l\u00e9g\u00e8ret\u00e9.<\/strong><\/p>\n<p>Avec le t-shirt technique de STRATOUNO, fini les distractions ou les poids excessifs. Le\u00a0<strong>L. SS T-shirt STRATOUNO<\/strong>\u00a0agit comme une<strong>\u00a0couche unique<\/strong>\u00a0: appr\u00e9ciez son action protectrice pendant les minutes d\u2019\u00e9chauffement et son efficacit\u00e9 thermor\u00e9gulatrice lorsque les kilom\u00e8tres s\u2019accumulent. Le tissage des fils cr\u00e9e un motif ajour\u00e9 \u00e0 rayures, pour un look confortable.<\/p>\n","protected":false},"excerpt":{"rendered":"<p>STRATOUNO. Et rien d\u2019autre. Fruit de notre travail de recherche, cette ligne de tennis technique propose des pi\u00e8ces\u00a0enti\u00e8rement sans coutures\u00a0et\u00a0ultral\u00e9g\u00e8res, un\u00a0layer unique\u00a0qui s\u2019occupe de tout.\u00a0Made in Italy\u00a0: enfilez-le et vous ressentirez toute l\u2019innovation de cette confection directement sur votre peau. Tout ce que vous recherchez dans une couche de base, mais avec plus de l\u00e9g\u00e8ret\u00e9. [&hellip;]<\/p>\n","protected":false},"featured_media":4266,"template":"","meta":[],"pwb-brand":[160],"product_brand":[],"product_cat":[46],"product_tag":[],"class_list":{"0":"post-4265","1":"product","2":"type-product","3":"status-publish","4":"has-post-thumbnail","6":"pwb-brand-diadora","7":"product_cat-haut","9":"first","10":"instock","11":"shipping-taxable","12":"purchasable","13":"product-type-simple"},"brands":[{"id":160,"name":"DIADORA","slug":"diadora"}],"_links":{"self":[{"href":"https:\/\/rrunning.tribalt.agency\/index.php?rest_route=\/wp\/v2\/product\/4265","targetHints":{"allow":["GET"]}}],"collection":[{"href":"https:\/\/rrunning.tribalt.agency\/index.php?rest_route=\/wp\/v2\/product"}],"about":[{"href":"https:\/\/rrunning.tribalt.agency\/index.php?rest_route=\/wp\/v2\/types\/product"}],"wp:featuredmedia":[{"embeddable":true,"href":"https:\/\/rrunning.tribalt.agency\/index.php?rest_route=\/wp\/v2\/media\/4266"}],"wp:attachment":[{"href":"https:\/\/rrunning.tribalt.agency\/index.php?rest_route=%2Fwp%2Fv2%2Fmedia&parent=4265"}],"wp:term":[{"taxonomy":"pwb-brand","embeddable":true,"href":"https:\/\/rrunning.tribalt.agency\/index.php?rest_route=%2Fwp%2Fv2%2Fpwb-brand&post=4265"},{"taxonomy":"product_brand","embeddable":true,"href":"https:\/\/rrunning.tribalt.agency\/index.php?rest_route=%2Fwp%2Fv2%2Fproduct_brand&post=4265"},{"taxonomy":"product_cat","embeddable":true,"href":"https:\/\/rrunning.tribalt.agency\/index.php?rest_route=%2Fwp%2Fv2%2Fproduct_cat&post=4265"},{"taxonomy":"product_tag","embeddable":true,"href":"https:\/\/rrunning.tribalt.agency\/index.php?rest_route=%2Fwp%2Fv2%2Fproduct_tag&post=4265"}],"curies":[{"name":"wp","href":"https:\/\/api.w.org\/{rel}","templated":true}]}}