{"id":4257,"date":"2025-10-16T19:08:51","date_gmt":"2025-10-16T17:08:51","guid":{"rendered":"https:\/\/rrunning.tribalt.agency\/?post_type=product&#038;p=4257"},"modified":"2025-10-16T19:10:38","modified_gmt":"2025-10-16T17:10:38","slug":"short-tights","status":"publish","type":"product","link":"https:\/\/rrunning.tribalt.agency\/?product=short-tights","title":{"rendered":"SHORT TIGHTS"},"content":{"rendered":"<p><strong>Enfilez le Short Tights et partez courir<\/strong>.<\/p>\n<p>Con\u00e7u pour soutenir votre corps, ce short de running\u00a0<strong>suit votre morphologie sans contraindre<\/strong>, aussi gr\u00e2ce \u00e0 sa taille \u00e9lastique et ajustable. La poche pour t\u00e9l\u00e9phone portable sur la hanche est parfaite pour sauvegarder vos progr\u00e8s.<\/p>\n","protected":false},"excerpt":{"rendered":"<p>Enfilez le Short Tights et partez courir. Con\u00e7u pour soutenir votre corps, ce short de running\u00a0suit votre morphologie sans contraindre, aussi gr\u00e2ce \u00e0 sa taille \u00e9lastique et ajustable. La poche pour t\u00e9l\u00e9phone portable sur la hanche est parfaite pour sauvegarder vos progr\u00e8s.<\/p>\n","protected":false},"featured_media":4260,"template":"","meta":[],"pwb-brand":[160],"product_brand":[],"product_cat":[57],"product_tag":[],"class_list":{"0":"post-4257","1":"product","2":"type-product","3":"status-publish","4":"has-post-thumbnail","6":"pwb-brand-diadora","7":"product_cat-bas-textile-homme","9":"first","10":"instock","11":"shipping-taxable","12":"purchasable","13":"product-type-simple"},"brands":[{"id":160,"name":"DIADORA","slug":"diadora"}],"_links":{"self":[{"href":"https:\/\/rrunning.tribalt.agency\/index.php?rest_route=\/wp\/v2\/product\/4257","targetHints":{"allow":["GET"]}}],"collection":[{"href":"https:\/\/rrunning.tribalt.agency\/index.php?rest_route=\/wp\/v2\/product"}],"about":[{"href":"https:\/\/rrunning.tribalt.agency\/index.php?rest_route=\/wp\/v2\/types\/product"}],"wp:featuredmedia":[{"embeddable":true,"href":"https:\/\/rrunning.tribalt.agency\/index.php?rest_route=\/wp\/v2\/media\/4260"}],"wp:attachment":[{"href":"https:\/\/rrunning.tribalt.agency\/index.php?rest_route=%2Fwp%2Fv2%2Fmedia&parent=4257"}],"wp:term":[{"taxonomy":"pwb-brand","embeddable":true,"href":"https:\/\/rrunning.tribalt.agency\/index.php?rest_route=%2Fwp%2Fv2%2Fpwb-brand&post=4257"},{"taxonomy":"product_brand","embeddable":true,"href":"https:\/\/rrunning.tribalt.agency\/index.php?rest_route=%2Fwp%2Fv2%2Fproduct_brand&post=4257"},{"taxonomy":"product_cat","embeddable":true,"href":"https:\/\/rrunning.tribalt.agency\/index.php?rest_route=%2Fwp%2Fv2%2Fproduct_cat&post=4257"},{"taxonomy":"product_tag","embeddable":true,"href":"https:\/\/rrunning.tribalt.agency\/index.php?rest_route=%2Fwp%2Fv2%2Fproduct_tag&post=4257"}],"curies":[{"name":"wp","href":"https:\/\/api.w.org\/{rel}","templated":true}]}}