{"id":4253,"date":"2025-10-16T19:06:08","date_gmt":"2025-10-16T17:06:08","guid":{"rendered":"https:\/\/rrunning.tribalt.agency\/?post_type=product&#038;p=4253"},"modified":"2025-10-16T19:08:18","modified_gmt":"2025-10-16T17:08:18","slug":"l-shorter-stratouno","status":"publish","type":"product","link":"https:\/\/rrunning.tribalt.agency\/?product=l-shorter-stratouno","title":{"rendered":"L. SHORTER STRATOUNO"},"content":{"rendered":"<p><strong>STRATOUNO<\/strong>. Tout est dit.<\/p>\n<p>Fruit de notre travail de recherche, cette ligne de running technique propose des pi\u00e8ces\u00a0<strong>enti\u00e8rement seamless<\/strong>\u00a0et\u00a0<strong>ultral\u00e9g\u00e8res<\/strong>, un\u00a0<strong>layer unique\u00a0<\/strong>qui s\u2019occupe de tout.\u00a0<strong>Made in Italy<\/strong>\u00a0: enfilez-le et vous ressentirez toute l\u2019innovation de cette technique directement sur votre peau.<\/p>\n<p>Le short sans coutures STRATOUNO s\u2019adapte parfaitement aux formes f\u00e9minines. Les zones \u00e0 pression diff\u00e9renci\u00e9e rendent agr\u00e9able la sensation de la peau au contact du v\u00eatement et\u00a0<strong>\u00e9vitent toute compression inutile dans les zones chaudes<\/strong>.<\/p>\n<p>Le\u00a0<strong>L. Shorter STRATOUNO<\/strong>\u00a0agit comme une<strong>\u00a0seule couche<\/strong>. L\u2019action thermor\u00e9gulatrice des fibres creuses de polypropyl\u00e8ne cr\u00e9e un\u00a0<strong>environnement isolant<\/strong>\u00a0et protecteur, qui garde le corps frais en \u00e9t\u00e9 et chaud en hiver. Ainsi, lorsque le mercure chute, vous\u00a0<strong>all\u00e9gez le poids de vos v\u00eatements\u00a0<\/strong>et\u00a0<strong>am\u00e9liorez vos performances<\/strong>.<\/p>\n","protected":false},"excerpt":{"rendered":"<p>STRATOUNO. Tout est dit. Fruit de notre travail de recherche, cette ligne de running technique propose des pi\u00e8ces\u00a0enti\u00e8rement seamless\u00a0et\u00a0ultral\u00e9g\u00e8res, un\u00a0layer unique\u00a0qui s\u2019occupe de tout.\u00a0Made in Italy\u00a0: enfilez-le et vous ressentirez toute l\u2019innovation de cette technique directement sur votre peau. Le short sans coutures STRATOUNO s\u2019adapte parfaitement aux formes f\u00e9minines. Les zones \u00e0 pression diff\u00e9renci\u00e9e rendent [&hellip;]<\/p>\n","protected":false},"featured_media":4254,"template":"","meta":[],"pwb-brand":[160],"product_brand":[],"product_cat":[49],"product_tag":[],"class_list":{"0":"post-4253","1":"product","2":"type-product","3":"status-publish","4":"has-post-thumbnail","6":"pwb-brand-diadora","7":"product_cat-bas","9":"first","10":"instock","11":"shipping-taxable","12":"purchasable","13":"product-type-simple"},"brands":[{"id":160,"name":"DIADORA","slug":"diadora"}],"_links":{"self":[{"href":"https:\/\/rrunning.tribalt.agency\/index.php?rest_route=\/wp\/v2\/product\/4253","targetHints":{"allow":["GET"]}}],"collection":[{"href":"https:\/\/rrunning.tribalt.agency\/index.php?rest_route=\/wp\/v2\/product"}],"about":[{"href":"https:\/\/rrunning.tribalt.agency\/index.php?rest_route=\/wp\/v2\/types\/product"}],"wp:featuredmedia":[{"embeddable":true,"href":"https:\/\/rrunning.tribalt.agency\/index.php?rest_route=\/wp\/v2\/media\/4254"}],"wp:attachment":[{"href":"https:\/\/rrunning.tribalt.agency\/index.php?rest_route=%2Fwp%2Fv2%2Fmedia&parent=4253"}],"wp:term":[{"taxonomy":"pwb-brand","embeddable":true,"href":"https:\/\/rrunning.tribalt.agency\/index.php?rest_route=%2Fwp%2Fv2%2Fpwb-brand&post=4253"},{"taxonomy":"product_brand","embeddable":true,"href":"https:\/\/rrunning.tribalt.agency\/index.php?rest_route=%2Fwp%2Fv2%2Fproduct_brand&post=4253"},{"taxonomy":"product_cat","embeddable":true,"href":"https:\/\/rrunning.tribalt.agency\/index.php?rest_route=%2Fwp%2Fv2%2Fproduct_cat&post=4253"},{"taxonomy":"product_tag","embeddable":true,"href":"https:\/\/rrunning.tribalt.agency\/index.php?rest_route=%2Fwp%2Fv2%2Fproduct_tag&post=4253"}],"curies":[{"name":"wp","href":"https:\/\/api.w.org\/{rel}","templated":true}]}}