{"id":4245,"date":"2025-10-16T19:00:38","date_gmt":"2025-10-16T17:00:38","guid":{"rendered":"https:\/\/rrunning.tribalt.agency\/?post_type=product&#038;p=4245"},"modified":"2025-10-16T19:05:48","modified_gmt":"2025-10-16T17:05:48","slug":"shorts-2in1-5-run-crew","status":"publish","type":"product","link":"https:\/\/rrunning.tribalt.agency\/?product=shorts-2in1-5-run-crew","title":{"rendered":"SHORTS 2IN1 5'' RUN CREW"},"content":{"rendered":"<p>Profitez encore plus de vos entra\u00eenements. Courez avec le<strong>\u00a0Shorts 2in1 Run Crew\u00a0<\/strong>- un mod\u00e8le de course 5\u2019 con\u00e7u pour ne plus ressentir la g\u00eane du frottement de la peau contre le v\u00eatement.<\/p>\n<p>Il pr\u00e9sente un ext\u00e9rieur en\u00a0<strong>polyester stretch<\/strong>, hyper l\u00e9ger et ajour\u00e9 avec \u00e0 l\u2019int\u00e9rieur\u00a0<strong>un cuissard thermique\u00a0<\/strong>en doux<strong>\u00a0interlock de polyamide<\/strong>. Il est ajust\u00e9 mais ne serre pas, tandis que le cordon de serrage permet de r\u00e9gler la taille.<\/p>\n<p>Ses\u00a0<strong>deux poches int\u00e9gr\u00e9es<\/strong>\u00a0permettent d\u2019emporter l\u2019essentiel partout\u00a0: une \u00e0 glissi\u00e8re au dos et une pour t\u00e9l\u00e9phone portable lat\u00e9rale sur le cuissard.\u00a0<strong>Design minimaliste, rendement maximum<\/strong><\/p>\n","protected":false},"excerpt":{"rendered":"<p>Profitez encore plus de vos entra\u00eenements. Courez avec le\u00a0Shorts 2in1 Run Crew\u00a0- un mod\u00e8le de course 5\u2019 con\u00e7u pour ne plus ressentir la g\u00eane du frottement de la peau contre le v\u00eatement. Il pr\u00e9sente un ext\u00e9rieur en\u00a0polyester stretch, hyper l\u00e9ger et ajour\u00e9 avec \u00e0 l\u2019int\u00e9rieur\u00a0un cuissard thermique\u00a0en doux\u00a0interlock de polyamide. Il est ajust\u00e9 mais ne [&hellip;]<\/p>\n","protected":false},"featured_media":4249,"template":"","meta":[],"pwb-brand":[160],"product_brand":[],"product_cat":[49],"product_tag":[],"class_list":{"0":"post-4245","1":"product","2":"type-product","3":"status-publish","4":"has-post-thumbnail","6":"pwb-brand-diadora","7":"product_cat-bas","9":"first","10":"instock","11":"shipping-taxable","12":"purchasable","13":"product-type-simple"},"brands":[{"id":160,"name":"DIADORA","slug":"diadora"}],"_links":{"self":[{"href":"https:\/\/rrunning.tribalt.agency\/index.php?rest_route=\/wp\/v2\/product\/4245","targetHints":{"allow":["GET"]}}],"collection":[{"href":"https:\/\/rrunning.tribalt.agency\/index.php?rest_route=\/wp\/v2\/product"}],"about":[{"href":"https:\/\/rrunning.tribalt.agency\/index.php?rest_route=\/wp\/v2\/types\/product"}],"wp:featuredmedia":[{"embeddable":true,"href":"https:\/\/rrunning.tribalt.agency\/index.php?rest_route=\/wp\/v2\/media\/4249"}],"wp:attachment":[{"href":"https:\/\/rrunning.tribalt.agency\/index.php?rest_route=%2Fwp%2Fv2%2Fmedia&parent=4245"}],"wp:term":[{"taxonomy":"pwb-brand","embeddable":true,"href":"https:\/\/rrunning.tribalt.agency\/index.php?rest_route=%2Fwp%2Fv2%2Fpwb-brand&post=4245"},{"taxonomy":"product_brand","embeddable":true,"href":"https:\/\/rrunning.tribalt.agency\/index.php?rest_route=%2Fwp%2Fv2%2Fproduct_brand&post=4245"},{"taxonomy":"product_cat","embeddable":true,"href":"https:\/\/rrunning.tribalt.agency\/index.php?rest_route=%2Fwp%2Fv2%2Fproduct_cat&post=4245"},{"taxonomy":"product_tag","embeddable":true,"href":"https:\/\/rrunning.tribalt.agency\/index.php?rest_route=%2Fwp%2Fv2%2Fproduct_tag&post=4245"}],"curies":[{"name":"wp","href":"https:\/\/api.w.org\/{rel}","templated":true}]}}