{"id":4229,"date":"2025-10-16T18:49:36","date_gmt":"2025-10-16T16:49:36","guid":{"rendered":"https:\/\/rrunning.tribalt.agency\/?post_type=product&#038;p=4229"},"modified":"2025-10-16T18:51:09","modified_gmt":"2025-10-16T16:51:09","slug":"tights-run-crew","status":"publish","type":"product","link":"https:\/\/rrunning.tribalt.agency\/?product=tights-run-crew","title":{"rendered":"TIGHTS RUN CREW"},"content":{"rendered":"<p><strong>All\u00e9gez le poids, optimisez vos performances - et prot\u00e9gez-vous du froid.<\/strong><\/p>\n<p>Les\u00a0<strong>leggings pour homme<\/strong>\u00a0<strong>Tights Run Crew<\/strong>\u00a0sont r\u00e9alis\u00e9s en tissu de polyamide. Tr\u00e8s doux et extensibles, ils pr\u00e9sentent un cordon de serrage \u00e0 la taille et un gousset qui les rendent encore plus confortables \u00e0 porter. Nous les avons actualis\u00e9s avec des d\u00e9coupes ergonomiques finies par des coutures plates, un petit d\u00e9tail qui fait toute la diff\u00e9rence pour ceux qui s\u2019entra\u00eenent quotidiennement.<\/p>\n<p>Deux<strong>\u00a0poches pour t\u00e9l\u00e9phone portable\u00a0<\/strong>sur les hanches et une\u00a0<strong>poche zipp\u00e9e<\/strong>\u00a0au dos. Vous pourrez ainsi emporter tout le n\u00e9cessaire.<\/p>\n","protected":false},"excerpt":{"rendered":"<p>All\u00e9gez le poids, optimisez vos performances - et prot\u00e9gez-vous du froid. Les\u00a0leggings pour homme\u00a0Tights Run Crew\u00a0sont r\u00e9alis\u00e9s en tissu de polyamide. Tr\u00e8s doux et extensibles, ils pr\u00e9sentent un cordon de serrage \u00e0 la taille et un gousset qui les rendent encore plus confortables \u00e0 porter. Nous les avons actualis\u00e9s avec des d\u00e9coupes ergonomiques finies par [&hellip;]<\/p>\n","protected":false},"featured_media":4230,"template":"","meta":[],"pwb-brand":[160],"product_brand":[],"product_cat":[57],"product_tag":[],"class_list":{"0":"post-4229","1":"product","2":"type-product","3":"status-publish","4":"has-post-thumbnail","6":"pwb-brand-diadora","7":"product_cat-bas-textile-homme","9":"first","10":"instock","11":"shipping-taxable","12":"purchasable","13":"product-type-simple"},"brands":[{"id":160,"name":"DIADORA","slug":"diadora"}],"_links":{"self":[{"href":"https:\/\/rrunning.tribalt.agency\/index.php?rest_route=\/wp\/v2\/product\/4229","targetHints":{"allow":["GET"]}}],"collection":[{"href":"https:\/\/rrunning.tribalt.agency\/index.php?rest_route=\/wp\/v2\/product"}],"about":[{"href":"https:\/\/rrunning.tribalt.agency\/index.php?rest_route=\/wp\/v2\/types\/product"}],"wp:featuredmedia":[{"embeddable":true,"href":"https:\/\/rrunning.tribalt.agency\/index.php?rest_route=\/wp\/v2\/media\/4230"}],"wp:attachment":[{"href":"https:\/\/rrunning.tribalt.agency\/index.php?rest_route=%2Fwp%2Fv2%2Fmedia&parent=4229"}],"wp:term":[{"taxonomy":"pwb-brand","embeddable":true,"href":"https:\/\/rrunning.tribalt.agency\/index.php?rest_route=%2Fwp%2Fv2%2Fpwb-brand&post=4229"},{"taxonomy":"product_brand","embeddable":true,"href":"https:\/\/rrunning.tribalt.agency\/index.php?rest_route=%2Fwp%2Fv2%2Fproduct_brand&post=4229"},{"taxonomy":"product_cat","embeddable":true,"href":"https:\/\/rrunning.tribalt.agency\/index.php?rest_route=%2Fwp%2Fv2%2Fproduct_cat&post=4229"},{"taxonomy":"product_tag","embeddable":true,"href":"https:\/\/rrunning.tribalt.agency\/index.php?rest_route=%2Fwp%2Fv2%2Fproduct_tag&post=4229"}],"curies":[{"name":"wp","href":"https:\/\/api.w.org\/{rel}","templated":true}]}}