{"id":4128,"date":"2025-09-26T10:03:59","date_gmt":"2025-09-26T08:03:59","guid":{"rendered":"https:\/\/rrunning.tribalt.agency\/?post_type=product&#038;p=4128"},"modified":"2025-09-26T10:05:13","modified_gmt":"2025-09-26T08:05:13","slug":"poudre-proteinee-vanille-chai-ultra-recovery-500g","status":"publish","type":"product","link":"https:\/\/rrunning.tribalt.agency\/?product=poudre-proteinee-vanille-chai-ultra-recovery-500g","title":{"rendered":"POUDRE PROT\u00c9IN\u00c9E VANILLE CHAI - ULTRA RECOVERY\u2122 (500G)"},"content":{"rendered":"<p>Offrez-vous une r\u00e9cup\u00e9ration douce avec la saveur Vanille Cha\u00ef du m\u00e9lange de r\u00e9cup\u00e9ration complet N\u00e4ak Recovery\u2122. Ce m\u00e9lange onctueux aux notes \u00e9pic\u00e9es rend votre r\u00e9cup\u00e9ration aussi agr\u00e9able qu'efficace apr\u00e8s toutes vos activit\u00e9s sportives.<\/p>\n<p>Le M\u00e9lange Complet N\u00e4ak Recovery\u2122 vous fournit tous les ingr\u00e9dients essentiels pour une r\u00e9cup\u00e9ration optimale apr\u00e8s l'effort. Compos\u00e9 de glucides naturels simples et complexes, de prot\u00e9ines v\u00e9g\u00e9tales et d'\u00e9lectrolytes, il vous aide \u00e0 reconstruire vos muscles, faire le plein d'\u00e9nergie et \u00e0 vous r\u00e9hydrater efficacement.<\/p>\n<p>&nbsp;<\/p>\n","protected":false},"excerpt":{"rendered":"<p>Offrez-vous une r\u00e9cup\u00e9ration douce avec la saveur Vanille Cha\u00ef du m\u00e9lange de r\u00e9cup\u00e9ration complet N\u00e4ak Recovery\u2122. Ce m\u00e9lange onctueux aux notes \u00e9pic\u00e9es rend votre r\u00e9cup\u00e9ration aussi agr\u00e9able qu'efficace apr\u00e8s toutes vos activit\u00e9s sportives. Le M\u00e9lange Complet N\u00e4ak Recovery\u2122 vous fournit tous les ingr\u00e9dients essentiels pour une r\u00e9cup\u00e9ration optimale apr\u00e8s l'effort. Compos\u00e9 de glucides naturels simples [&hellip;]<\/p>\n","protected":false},"featured_media":4129,"template":"","meta":[],"pwb-brand":[110],"product_brand":[],"product_cat":[84],"product_tag":[],"class_list":{"0":"post-4128","1":"product","2":"type-product","3":"status-publish","4":"has-post-thumbnail","6":"pwb-brand-naak","7":"product_cat-nutrition","9":"first","10":"instock","11":"shipping-taxable","12":"purchasable","13":"product-type-simple"},"brands":[{"id":110,"name":"NAAK","slug":"naak"}],"_links":{"self":[{"href":"https:\/\/rrunning.tribalt.agency\/index.php?rest_route=\/wp\/v2\/product\/4128","targetHints":{"allow":["GET"]}}],"collection":[{"href":"https:\/\/rrunning.tribalt.agency\/index.php?rest_route=\/wp\/v2\/product"}],"about":[{"href":"https:\/\/rrunning.tribalt.agency\/index.php?rest_route=\/wp\/v2\/types\/product"}],"wp:featuredmedia":[{"embeddable":true,"href":"https:\/\/rrunning.tribalt.agency\/index.php?rest_route=\/wp\/v2\/media\/4129"}],"wp:attachment":[{"href":"https:\/\/rrunning.tribalt.agency\/index.php?rest_route=%2Fwp%2Fv2%2Fmedia&parent=4128"}],"wp:term":[{"taxonomy":"pwb-brand","embeddable":true,"href":"https:\/\/rrunning.tribalt.agency\/index.php?rest_route=%2Fwp%2Fv2%2Fpwb-brand&post=4128"},{"taxonomy":"product_brand","embeddable":true,"href":"https:\/\/rrunning.tribalt.agency\/index.php?rest_route=%2Fwp%2Fv2%2Fproduct_brand&post=4128"},{"taxonomy":"product_cat","embeddable":true,"href":"https:\/\/rrunning.tribalt.agency\/index.php?rest_route=%2Fwp%2Fv2%2Fproduct_cat&post=4128"},{"taxonomy":"product_tag","embeddable":true,"href":"https:\/\/rrunning.tribalt.agency\/index.php?rest_route=%2Fwp%2Fv2%2Fproduct_tag&post=4128"}],"curies":[{"name":"wp","href":"https:\/\/api.w.org\/{rel}","templated":true}]}}