{"id":4124,"date":"2025-09-26T09:59:29","date_gmt":"2025-09-26T07:59:29","guid":{"rendered":"https:\/\/rrunning.tribalt.agency\/?post_type=product&#038;p=4124"},"modified":"2025-09-26T10:00:40","modified_gmt":"2025-09-26T08:00:40","slug":"poudre-proteinee-mangue-noix-de-coco-ultra-recovery-500g","status":"publish","type":"product","link":"https:\/\/rrunning.tribalt.agency\/?product=poudre-proteinee-mangue-noix-de-coco-ultra-recovery-500g","title":{"rendered":"POUDRE PROT\u00c9IN\u00c9E MANGUE NOIX DE COCO - ULTRA RECOVERY\u2122 (500G)"},"content":{"rendered":"<p>Offrez-vous une r\u00e9cup\u00e9ration tropicale avec la saveur Mangue Noix de coco. Ce m\u00e9lange rafra\u00eechissant et d\u00e9licieux rend votre r\u00e9cup\u00e9ration aussi agr\u00e9able qu'efficace apr\u00e8s toutes vos activit\u00e9s sportives.<\/p>\n","protected":false},"excerpt":{"rendered":"<p>Offrez-vous une r\u00e9cup\u00e9ration tropicale avec la saveur Mangue Noix de coco. Ce m\u00e9lange rafra\u00eechissant et d\u00e9licieux rend votre r\u00e9cup\u00e9ration aussi agr\u00e9able qu'efficace apr\u00e8s toutes vos activit\u00e9s sportives.<\/p>\n","protected":false},"featured_media":4125,"template":"","meta":[],"pwb-brand":[110],"product_brand":[],"product_cat":[84],"product_tag":[],"class_list":{"0":"post-4124","1":"product","2":"type-product","3":"status-publish","4":"has-post-thumbnail","6":"pwb-brand-naak","7":"product_cat-nutrition","9":"first","10":"instock","11":"shipping-taxable","12":"purchasable","13":"product-type-simple"},"brands":[{"id":110,"name":"NAAK","slug":"naak"}],"_links":{"self":[{"href":"https:\/\/rrunning.tribalt.agency\/index.php?rest_route=\/wp\/v2\/product\/4124","targetHints":{"allow":["GET"]}}],"collection":[{"href":"https:\/\/rrunning.tribalt.agency\/index.php?rest_route=\/wp\/v2\/product"}],"about":[{"href":"https:\/\/rrunning.tribalt.agency\/index.php?rest_route=\/wp\/v2\/types\/product"}],"wp:featuredmedia":[{"embeddable":true,"href":"https:\/\/rrunning.tribalt.agency\/index.php?rest_route=\/wp\/v2\/media\/4125"}],"wp:attachment":[{"href":"https:\/\/rrunning.tribalt.agency\/index.php?rest_route=%2Fwp%2Fv2%2Fmedia&parent=4124"}],"wp:term":[{"taxonomy":"pwb-brand","embeddable":true,"href":"https:\/\/rrunning.tribalt.agency\/index.php?rest_route=%2Fwp%2Fv2%2Fpwb-brand&post=4124"},{"taxonomy":"product_brand","embeddable":true,"href":"https:\/\/rrunning.tribalt.agency\/index.php?rest_route=%2Fwp%2Fv2%2Fproduct_brand&post=4124"},{"taxonomy":"product_cat","embeddable":true,"href":"https:\/\/rrunning.tribalt.agency\/index.php?rest_route=%2Fwp%2Fv2%2Fproduct_cat&post=4124"},{"taxonomy":"product_tag","embeddable":true,"href":"https:\/\/rrunning.tribalt.agency\/index.php?rest_route=%2Fwp%2Fv2%2Fproduct_tag&post=4124"}],"curies":[{"name":"wp","href":"https:\/\/api.w.org\/{rel}","templated":true}]}}