{"id":4122,"date":"2025-09-26T09:58:06","date_gmt":"2025-09-26T07:58:06","guid":{"rendered":"https:\/\/rrunning.tribalt.agency\/?post_type=product&#038;p=4122"},"modified":"2025-09-26T09:58:57","modified_gmt":"2025-09-26T07:58:57","slug":"poudre-proteinee-chocolat-noisette-ultra-recovery-500g","status":"publish","type":"product","link":"https:\/\/rrunning.tribalt.agency\/?product=poudre-proteinee-chocolat-noisette-ultra-recovery-500g","title":{"rendered":"POUDRE PROT\u00c9IN\u00c9E CHOCOLAT NOISETTE - ULTRA RECOVERY\u2122 (500G)"},"content":{"rendered":"<p>Offrez-vous une r\u00e9cup\u00e9ration gourmande avec la saveur Chocolat Noisette du m\u00e9lange complet N\u00e4ak\u00a0Recovery\u2122. Ce m\u00e9lange riche et r\u00e9confortant vous aide \u00e0 r\u00e9cup\u00e9rer de mani\u00e8re optimale apr\u00e8s toutes vos activit\u00e9s sportives.<\/p>\n","protected":false},"excerpt":{"rendered":"<p>Offrez-vous une r\u00e9cup\u00e9ration gourmande avec la saveur Chocolat Noisette du m\u00e9lange complet N\u00e4ak\u00a0Recovery\u2122. Ce m\u00e9lange riche et r\u00e9confortant vous aide \u00e0 r\u00e9cup\u00e9rer de mani\u00e8re optimale apr\u00e8s toutes vos activit\u00e9s sportives.<\/p>\n","protected":false},"featured_media":4123,"template":"","meta":[],"pwb-brand":[110],"product_brand":[],"product_cat":[84],"product_tag":[],"class_list":{"0":"post-4122","1":"product","2":"type-product","3":"status-publish","4":"has-post-thumbnail","6":"pwb-brand-naak","7":"product_cat-nutrition","9":"first","10":"instock","11":"shipping-taxable","12":"purchasable","13":"product-type-simple"},"brands":[{"id":110,"name":"NAAK","slug":"naak"}],"_links":{"self":[{"href":"https:\/\/rrunning.tribalt.agency\/index.php?rest_route=\/wp\/v2\/product\/4122","targetHints":{"allow":["GET"]}}],"collection":[{"href":"https:\/\/rrunning.tribalt.agency\/index.php?rest_route=\/wp\/v2\/product"}],"about":[{"href":"https:\/\/rrunning.tribalt.agency\/index.php?rest_route=\/wp\/v2\/types\/product"}],"wp:featuredmedia":[{"embeddable":true,"href":"https:\/\/rrunning.tribalt.agency\/index.php?rest_route=\/wp\/v2\/media\/4123"}],"wp:attachment":[{"href":"https:\/\/rrunning.tribalt.agency\/index.php?rest_route=%2Fwp%2Fv2%2Fmedia&parent=4122"}],"wp:term":[{"taxonomy":"pwb-brand","embeddable":true,"href":"https:\/\/rrunning.tribalt.agency\/index.php?rest_route=%2Fwp%2Fv2%2Fpwb-brand&post=4122"},{"taxonomy":"product_brand","embeddable":true,"href":"https:\/\/rrunning.tribalt.agency\/index.php?rest_route=%2Fwp%2Fv2%2Fproduct_brand&post=4122"},{"taxonomy":"product_cat","embeddable":true,"href":"https:\/\/rrunning.tribalt.agency\/index.php?rest_route=%2Fwp%2Fv2%2Fproduct_cat&post=4122"},{"taxonomy":"product_tag","embeddable":true,"href":"https:\/\/rrunning.tribalt.agency\/index.php?rest_route=%2Fwp%2Fv2%2Fproduct_tag&post=4122"}],"curies":[{"name":"wp","href":"https:\/\/api.w.org\/{rel}","templated":true}]}}