{"id":4120,"date":"2025-09-26T09:56:11","date_gmt":"2025-09-26T07:56:11","guid":{"rendered":"https:\/\/rrunning.tribalt.agency\/?post_type=product&#038;p=4120"},"modified":"2025-09-26T09:57:28","modified_gmt":"2025-09-26T07:57:28","slug":"poudre-proteinee-chocolat-ultra-recovery-500g","status":"publish","type":"product","link":"https:\/\/rrunning.tribalt.agency\/?product=poudre-proteinee-chocolat-ultra-recovery-500g","title":{"rendered":"POUDRE PROT\u00c9IN\u00c9E CHOCOLAT - ULTRA RECOVERY\u2122 (500G)"},"content":{"rendered":"<p>Faites le plein d'\u00e9nergie, r\u00e9hydratez-vous et r\u00e9cup\u00e9rez plus rapidement apr\u00e8s votre activit\u00e9 physique.<\/p>\n","protected":false},"excerpt":{"rendered":"<p>Faites le plein d'\u00e9nergie, r\u00e9hydratez-vous et r\u00e9cup\u00e9rez plus rapidement apr\u00e8s votre activit\u00e9 physique.<\/p>\n","protected":false},"featured_media":4121,"template":"","meta":[],"pwb-brand":[110],"product_brand":[],"product_cat":[84],"product_tag":[],"class_list":{"0":"post-4120","1":"product","2":"type-product","3":"status-publish","4":"has-post-thumbnail","6":"pwb-brand-naak","7":"product_cat-nutrition","9":"first","10":"instock","11":"shipping-taxable","12":"purchasable","13":"product-type-simple"},"brands":[{"id":110,"name":"NAAK","slug":"naak"}],"_links":{"self":[{"href":"https:\/\/rrunning.tribalt.agency\/index.php?rest_route=\/wp\/v2\/product\/4120","targetHints":{"allow":["GET"]}}],"collection":[{"href":"https:\/\/rrunning.tribalt.agency\/index.php?rest_route=\/wp\/v2\/product"}],"about":[{"href":"https:\/\/rrunning.tribalt.agency\/index.php?rest_route=\/wp\/v2\/types\/product"}],"wp:featuredmedia":[{"embeddable":true,"href":"https:\/\/rrunning.tribalt.agency\/index.php?rest_route=\/wp\/v2\/media\/4121"}],"wp:attachment":[{"href":"https:\/\/rrunning.tribalt.agency\/index.php?rest_route=%2Fwp%2Fv2%2Fmedia&parent=4120"}],"wp:term":[{"taxonomy":"pwb-brand","embeddable":true,"href":"https:\/\/rrunning.tribalt.agency\/index.php?rest_route=%2Fwp%2Fv2%2Fpwb-brand&post=4120"},{"taxonomy":"product_brand","embeddable":true,"href":"https:\/\/rrunning.tribalt.agency\/index.php?rest_route=%2Fwp%2Fv2%2Fproduct_brand&post=4120"},{"taxonomy":"product_cat","embeddable":true,"href":"https:\/\/rrunning.tribalt.agency\/index.php?rest_route=%2Fwp%2Fv2%2Fproduct_cat&post=4120"},{"taxonomy":"product_tag","embeddable":true,"href":"https:\/\/rrunning.tribalt.agency\/index.php?rest_route=%2Fwp%2Fv2%2Fproduct_tag&post=4120"}],"curies":[{"name":"wp","href":"https:\/\/api.w.org\/{rel}","templated":true}]}}