{"id":4118,"date":"2025-09-26T09:55:00","date_gmt":"2025-09-26T07:55:00","guid":{"rendered":"https:\/\/rrunning.tribalt.agency\/?post_type=product&#038;p=4118"},"modified":"2025-09-26T09:55:54","modified_gmt":"2025-09-26T07:55:54","slug":"mocha-barre-caffeinee-ultra-energy-50g","status":"publish","type":"product","link":"https:\/\/rrunning.tribalt.agency\/?product=mocha-barre-caffeinee-ultra-energy-50g","title":{"rendered":"MOCHA - BARRE CAFF\u00c9IN\u00c9E ULTRA ENERGY 50G"},"content":{"rendered":"<p>Le chocolat noir sucr\u00e9 et les grains de caf\u00e9 torr\u00e9fi\u00e9s se combinent pour cr\u00e9er la riche saveur de la barre de caf\u00e9ine Moka. Offrez-vous un d\u00e9licieux regain d'\u00e9nergie pendant l'entra\u00eenement, ou remplacez votre caf\u00e9 du matin par cette barre riche en \u00e9nergie.<\/p>\n","protected":false},"excerpt":{"rendered":"<p>Le chocolat noir sucr\u00e9 et les grains de caf\u00e9 torr\u00e9fi\u00e9s se combinent pour cr\u00e9er la riche saveur de la barre de caf\u00e9ine Moka. Offrez-vous un d\u00e9licieux regain d'\u00e9nergie pendant l'entra\u00eenement, ou remplacez votre caf\u00e9 du matin par cette barre riche en \u00e9nergie.<\/p>\n","protected":false},"featured_media":4119,"template":"","meta":[],"pwb-brand":[110],"product_brand":[],"product_cat":[84],"product_tag":[],"class_list":{"0":"post-4118","1":"product","2":"type-product","3":"status-publish","4":"has-post-thumbnail","6":"pwb-brand-naak","7":"product_cat-nutrition","9":"first","10":"instock","11":"shipping-taxable","12":"purchasable","13":"product-type-simple"},"brands":[{"id":110,"name":"NAAK","slug":"naak"}],"_links":{"self":[{"href":"https:\/\/rrunning.tribalt.agency\/index.php?rest_route=\/wp\/v2\/product\/4118","targetHints":{"allow":["GET"]}}],"collection":[{"href":"https:\/\/rrunning.tribalt.agency\/index.php?rest_route=\/wp\/v2\/product"}],"about":[{"href":"https:\/\/rrunning.tribalt.agency\/index.php?rest_route=\/wp\/v2\/types\/product"}],"wp:featuredmedia":[{"embeddable":true,"href":"https:\/\/rrunning.tribalt.agency\/index.php?rest_route=\/wp\/v2\/media\/4119"}],"wp:attachment":[{"href":"https:\/\/rrunning.tribalt.agency\/index.php?rest_route=%2Fwp%2Fv2%2Fmedia&parent=4118"}],"wp:term":[{"taxonomy":"pwb-brand","embeddable":true,"href":"https:\/\/rrunning.tribalt.agency\/index.php?rest_route=%2Fwp%2Fv2%2Fpwb-brand&post=4118"},{"taxonomy":"product_brand","embeddable":true,"href":"https:\/\/rrunning.tribalt.agency\/index.php?rest_route=%2Fwp%2Fv2%2Fproduct_brand&post=4118"},{"taxonomy":"product_cat","embeddable":true,"href":"https:\/\/rrunning.tribalt.agency\/index.php?rest_route=%2Fwp%2Fv2%2Fproduct_cat&post=4118"},{"taxonomy":"product_tag","embeddable":true,"href":"https:\/\/rrunning.tribalt.agency\/index.php?rest_route=%2Fwp%2Fv2%2Fproduct_tag&post=4118"}],"curies":[{"name":"wp","href":"https:\/\/api.w.org\/{rel}","templated":true}]}}