{"id":4107,"date":"2025-09-26T09:48:48","date_gmt":"2025-09-26T07:48:48","guid":{"rendered":"https:\/\/rrunning.tribalt.agency\/?post_type=product&#038;p=4107"},"modified":"2025-09-26T09:49:36","modified_gmt":"2025-09-26T07:49:36","slug":"energy-puree-apple-maple-syrup","status":"publish","type":"product","link":"https:\/\/rrunning.tribalt.agency\/?product=energy-puree-apple-maple-syrup","title":{"rendered":"ENERGY PUREE APPLE MAPLE SYRUP"},"content":{"rendered":"<p>Votre Ultra Energy\u2122 dans un nouveau format semi-liquide. Fabriqu\u00e9 \u00e0 partir d'aliments entiers, d'ingr\u00e9dients biologiques et revaloris\u00e9s. Alimentez votre ultra avec 200 calories par portion.<\/p>\n","protected":false},"excerpt":{"rendered":"<p>Votre Ultra Energy\u2122 dans un nouveau format semi-liquide. Fabriqu\u00e9 \u00e0 partir d'aliments entiers, d'ingr\u00e9dients biologiques et revaloris\u00e9s. Alimentez votre ultra avec 200 calories par portion.<\/p>\n","protected":false},"featured_media":4108,"template":"","meta":[],"pwb-brand":[110],"product_brand":[],"product_cat":[84],"product_tag":[],"class_list":{"0":"post-4107","1":"product","2":"type-product","3":"status-publish","4":"has-post-thumbnail","6":"pwb-brand-naak","7":"product_cat-nutrition","9":"first","10":"instock","11":"shipping-taxable","12":"purchasable","13":"product-type-simple"},"brands":[{"id":110,"name":"NAAK","slug":"naak"}],"_links":{"self":[{"href":"https:\/\/rrunning.tribalt.agency\/index.php?rest_route=\/wp\/v2\/product\/4107","targetHints":{"allow":["GET"]}}],"collection":[{"href":"https:\/\/rrunning.tribalt.agency\/index.php?rest_route=\/wp\/v2\/product"}],"about":[{"href":"https:\/\/rrunning.tribalt.agency\/index.php?rest_route=\/wp\/v2\/types\/product"}],"wp:featuredmedia":[{"embeddable":true,"href":"https:\/\/rrunning.tribalt.agency\/index.php?rest_route=\/wp\/v2\/media\/4108"}],"wp:attachment":[{"href":"https:\/\/rrunning.tribalt.agency\/index.php?rest_route=%2Fwp%2Fv2%2Fmedia&parent=4107"}],"wp:term":[{"taxonomy":"pwb-brand","embeddable":true,"href":"https:\/\/rrunning.tribalt.agency\/index.php?rest_route=%2Fwp%2Fv2%2Fpwb-brand&post=4107"},{"taxonomy":"product_brand","embeddable":true,"href":"https:\/\/rrunning.tribalt.agency\/index.php?rest_route=%2Fwp%2Fv2%2Fproduct_brand&post=4107"},{"taxonomy":"product_cat","embeddable":true,"href":"https:\/\/rrunning.tribalt.agency\/index.php?rest_route=%2Fwp%2Fv2%2Fproduct_cat&post=4107"},{"taxonomy":"product_tag","embeddable":true,"href":"https:\/\/rrunning.tribalt.agency\/index.php?rest_route=%2Fwp%2Fv2%2Fproduct_tag&post=4107"}],"curies":[{"name":"wp","href":"https:\/\/api.w.org\/{rel}","templated":true}]}}