{"id":4104,"date":"2025-09-26T09:47:29","date_gmt":"2025-09-26T07:47:29","guid":{"rendered":"https:\/\/rrunning.tribalt.agency\/?post_type=product&#038;p=4104"},"modified":"2025-09-26T09:48:27","modified_gmt":"2025-09-26T07:48:27","slug":"energy-gel-sirop-derable","status":"publish","type":"product","link":"https:\/\/rrunning.tribalt.agency\/?product=energy-gel-sirop-derable","title":{"rendered":"ENERGY GEL SIROP D'ERABLE"},"content":{"rendered":"<p>Formul\u00e9 pour les longues distances, le gel N\u00e4ak Ultra Energy\u2122 est sp\u00e9cialement con\u00e7u pour les efforts d'ultra endurance. Compos\u00e9 \u00e0 37% d'ingr\u00e9dients recycl\u00e9s, il fournit 200 calories par portion.<\/p>\n","protected":false},"excerpt":{"rendered":"<p>Formul\u00e9 pour les longues distances, le gel N\u00e4ak Ultra Energy\u2122 est sp\u00e9cialement con\u00e7u pour les efforts d'ultra endurance. Compos\u00e9 \u00e0 37% d'ingr\u00e9dients recycl\u00e9s, il fournit 200 calories par portion.<\/p>\n","protected":false},"featured_media":4106,"template":"","meta":[],"pwb-brand":[110],"product_brand":[],"product_cat":[84],"product_tag":[],"class_list":{"0":"post-4104","1":"product","2":"type-product","3":"status-publish","4":"has-post-thumbnail","6":"pwb-brand-naak","7":"product_cat-nutrition","9":"first","10":"instock","11":"shipping-taxable","12":"purchasable","13":"product-type-simple"},"brands":[{"id":110,"name":"NAAK","slug":"naak"}],"_links":{"self":[{"href":"https:\/\/rrunning.tribalt.agency\/index.php?rest_route=\/wp\/v2\/product\/4104","targetHints":{"allow":["GET"]}}],"collection":[{"href":"https:\/\/rrunning.tribalt.agency\/index.php?rest_route=\/wp\/v2\/product"}],"about":[{"href":"https:\/\/rrunning.tribalt.agency\/index.php?rest_route=\/wp\/v2\/types\/product"}],"wp:featuredmedia":[{"embeddable":true,"href":"https:\/\/rrunning.tribalt.agency\/index.php?rest_route=\/wp\/v2\/media\/4106"}],"wp:attachment":[{"href":"https:\/\/rrunning.tribalt.agency\/index.php?rest_route=%2Fwp%2Fv2%2Fmedia&parent=4104"}],"wp:term":[{"taxonomy":"pwb-brand","embeddable":true,"href":"https:\/\/rrunning.tribalt.agency\/index.php?rest_route=%2Fwp%2Fv2%2Fpwb-brand&post=4104"},{"taxonomy":"product_brand","embeddable":true,"href":"https:\/\/rrunning.tribalt.agency\/index.php?rest_route=%2Fwp%2Fv2%2Fproduct_brand&post=4104"},{"taxonomy":"product_cat","embeddable":true,"href":"https:\/\/rrunning.tribalt.agency\/index.php?rest_route=%2Fwp%2Fv2%2Fproduct_cat&post=4104"},{"taxonomy":"product_tag","embeddable":true,"href":"https:\/\/rrunning.tribalt.agency\/index.php?rest_route=%2Fwp%2Fv2%2Fproduct_tag&post=4104"}],"curies":[{"name":"wp","href":"https:\/\/api.w.org\/{rel}","templated":true}]}}