{"id":4098,"date":"2025-09-26T09:35:29","date_gmt":"2025-09-26T07:35:29","guid":{"rendered":"https:\/\/rrunning.tribalt.agency\/?post_type=product&#038;p=4098"},"modified":"2025-09-26T09:38:14","modified_gmt":"2025-09-26T07:38:14","slug":"ultralight-compression-socks-tall-femme","status":"publish","type":"product","link":"https:\/\/rrunning.tribalt.agency\/?product=ultralight-compression-socks-tall-femme","title":{"rendered":"ULTRALIGHT COMPRESSION SOCKS - TALL FEMME"},"content":{"rendered":"<h3 data-start=\"55\" data-end=\"142\">Les chaussettes de compression Run pour femme \u2013 ressentez une activation efficace<\/h3>\n<p data-start=\"144\" data-end=\"480\">Les chaussettes d\u2019entra\u00eenement id\u00e9ales pour toutes les femmes qui aiment bouger \u00e0 tout moment de la journ\u00e9e : les <strong data-start=\"258\" data-end=\"312\">Run Compression Socks de CEP Activating Sportswear<\/strong> sont les chaussettes de running incontournables, quelle que soit l\u2019occasion \u2013 que vous couriez sur un terrain accident\u00e9 ou donniez le maximum sur le tapis de course.<\/p>\n<hr data-start=\"482\" data-end=\"485\" \/>\n<h3 data-start=\"487\" data-end=\"537\">Courez plus longtemps et r\u00e9cup\u00e9rez plus vite<\/h3>\n<p data-start=\"538\" data-end=\"1048\">Le profil de compression red\u00e9fini agit avec encore plus de pr\u00e9cision et stimule l\u2019apport en nutriments dans vos pieds et vos mollets. Vos jambes paraissent ainsi plus fortes et plus l\u00e9g\u00e8res. De plus, l\u2019am\u00e9lioration de la circulation sanguine favorise l\u2019\u00e9limination des d\u00e9chets m\u00e9taboliques, pour une meilleure endurance et une r\u00e9cup\u00e9ration plus rapide \u2013 m\u00eame pendant l\u2019effort. La compression au niveau des mollets absorbe les \u00ab chocs \u00bb lors de l\u2019entra\u00eenement, vous offrant un regain d\u2019\u00e9nergie suppl\u00e9mentaire.<\/p>\n<hr data-start=\"1050\" data-end=\"1053\" \/>\n<h3 data-start=\"1055\" data-end=\"1100\">Plus de stabilit\u00e9 et moins de blessures<\/h3>\n<p data-start=\"1101\" data-end=\"1624\">Autre avantage majeur des <strong data-start=\"1127\" data-end=\"1163\">Run Compression Socks pour femme<\/strong> : elles am\u00e9liorent la pr\u00e9cision de vos appuis. La compression activante stimule vos muscles en profondeur pour un effet sensoriel marqu\u00e9. Vous ressentez mieux vos pieds, ce qui accro\u00eet votre assurance dans chaque mouvement. De plus, la compression stabilise le syst\u00e8me locomoteur et procure un soutien efficace. R\u00e9sultat : moins de risques de blessures. Les zones de rembourrage int\u00e9gr\u00e9es au niveau du pied amortissent vos pas et prot\u00e8gent vos articulations.<\/p>\n<hr data-start=\"1626\" data-end=\"1629\" \/>\n<h3 data-start=\"1631\" data-end=\"1674\">Confort sans ampoules et pieds au sec<\/h3>\n<p data-start=\"1675\" data-end=\"2269\">Les <strong data-start=\"1679\" data-end=\"1715\">Run Compression Socks pour femme<\/strong> associent un m\u00e9lange de mat\u00e9riaux \u00e9prouv\u00e9 \u00e0 des innovations de confort pour une gestion parfaite de la chaleur et de l\u2019humidit\u00e9. Leur structure en mesh au niveau des mollets assure une excellente ventilation et une sensation agr\u00e9able dans vos chaussures de course. Des canaux d\u2019a\u00e9ration innovants dans la semelle et des zones de ventilation au niveau des orteils viennent renforcer ce confort. Enfin, le design anatomique, la compression et le choix des mat\u00e9riaux garantissent un ajustement parfait, sans glissement, pour des kilom\u00e8tres sans ampoules.<\/p>\n","protected":false},"excerpt":{"rendered":"<p>Les chaussettes de compression Run pour femme \u2013 ressentez une activation efficace Les chaussettes d\u2019entra\u00eenement id\u00e9ales pour toutes les femmes qui aiment bouger \u00e0 tout moment de la journ\u00e9e : les Run Compression Socks de CEP Activating Sportswear sont les chaussettes de running incontournables, quelle que soit l\u2019occasion \u2013 que vous couriez sur un terrain [&hellip;]<\/p>\n","protected":false},"featured_media":4099,"template":"","meta":[],"pwb-brand":[95],"product_brand":[],"product_cat":[28],"product_tag":[],"class_list":{"0":"post-4098","1":"product","2":"type-product","3":"status-publish","4":"has-post-thumbnail","6":"pwb-brand-cep","7":"product_cat-chaussettes","9":"first","10":"instock","11":"shipping-taxable","12":"purchasable","13":"product-type-simple"},"brands":[{"id":95,"name":"CEP","slug":"cep"}],"_links":{"self":[{"href":"https:\/\/rrunning.tribalt.agency\/index.php?rest_route=\/wp\/v2\/product\/4098","targetHints":{"allow":["GET"]}}],"collection":[{"href":"https:\/\/rrunning.tribalt.agency\/index.php?rest_route=\/wp\/v2\/product"}],"about":[{"href":"https:\/\/rrunning.tribalt.agency\/index.php?rest_route=\/wp\/v2\/types\/product"}],"wp:featuredmedia":[{"embeddable":true,"href":"https:\/\/rrunning.tribalt.agency\/index.php?rest_route=\/wp\/v2\/media\/4099"}],"wp:attachment":[{"href":"https:\/\/rrunning.tribalt.agency\/index.php?rest_route=%2Fwp%2Fv2%2Fmedia&parent=4098"}],"wp:term":[{"taxonomy":"pwb-brand","embeddable":true,"href":"https:\/\/rrunning.tribalt.agency\/index.php?rest_route=%2Fwp%2Fv2%2Fpwb-brand&post=4098"},{"taxonomy":"product_brand","embeddable":true,"href":"https:\/\/rrunning.tribalt.agency\/index.php?rest_route=%2Fwp%2Fv2%2Fproduct_brand&post=4098"},{"taxonomy":"product_cat","embeddable":true,"href":"https:\/\/rrunning.tribalt.agency\/index.php?rest_route=%2Fwp%2Fv2%2Fproduct_cat&post=4098"},{"taxonomy":"product_tag","embeddable":true,"href":"https:\/\/rrunning.tribalt.agency\/index.php?rest_route=%2Fwp%2Fv2%2Fproduct_tag&post=4098"}],"curies":[{"name":"wp","href":"https:\/\/api.w.org\/{rel}","templated":true}]}}