{"id":4096,"date":"2025-09-26T09:32:51","date_gmt":"2025-09-26T07:32:51","guid":{"rendered":"https:\/\/rrunning.tribalt.agency\/?post_type=product&#038;p=4096"},"modified":"2025-09-26T09:33:16","modified_gmt":"2025-09-26T07:33:16","slug":"the-run-limited-compression-socks-tall-femme","status":"publish","type":"product","link":"https:\/\/rrunning.tribalt.agency\/?product=the-run-limited-compression-socks-tall-femme","title":{"rendered":"THE RUN LIMITED-COMPRESSION SOCKS-TALL FEMME"},"content":{"rendered":"<h3 data-start=\"55\" data-end=\"148\">es chaussettes de compression Run pour homme \u2013 une activation efficace \u00e0 chaque course<\/h3>\n<p data-start=\"150\" data-end=\"761\">Envie d\u2019un footing tranquille dans le parc, de battre de nouveaux records sur la piste ou simplement de rester actif \u00e0 la salle de sport ? Peu importe le moment, le lieu ou l\u2019intensit\u00e9 : les <strong data-start=\"341\" data-end=\"395\">Run Compression Socks de CEP Activating Sportswear<\/strong> sont vos chaussettes de running activantes pour toutes les situations. Leur profil de compression red\u00e9fini agit avec encore plus de pr\u00e9cision pour optimiser l\u2019apport en nutriments de vos muscles. Vos jambes paraissent plus l\u00e9g\u00e8res, vos muscles r\u00e9cup\u00e8rent plus rapidement et vous b\u00e9n\u00e9ficiez d\u2019une meilleure stabilit\u00e9 ainsi que d\u2019un confort maximal \u00e0 chaque foul\u00e9e.<\/p>\n<hr data-start=\"763\" data-end=\"766\" \/>\n<h3 data-start=\"768\" data-end=\"828\">Apport optimal en nutriments et r\u00e9cup\u00e9ration am\u00e9lior\u00e9e<\/h3>\n<p data-start=\"829\" data-end=\"1174\">La compression <strong data-start=\"844\" data-end=\"852\">medi<\/strong> \u00e9prouv\u00e9e rend chaque pas plus efficace. La compression cibl\u00e9e favorise la circulation sanguine et am\u00e9liore l\u2019apport en nutriments aux muscles, ce qui accro\u00eet votre endurance tout en acc\u00e9l\u00e9rant votre r\u00e9cup\u00e9ration. La compression au niveau des mollets r\u00e9duit les vibrations musculaires \u00e9nergivores pour plus de puissance.<\/p>\n<hr data-start=\"1176\" data-end=\"1179\" \/>\n<h3 data-start=\"1181\" data-end=\"1246\">Plus de stabilit\u00e9 et une exp\u00e9rience de course sans ampoules<\/h3>\n<p data-start=\"1247\" data-end=\"1703\">Un autre atout pour vos articulations : la compression stabilise le syst\u00e8me locomoteur et offre un soutien suppl\u00e9mentaire, tandis que l\u2019effet activant accro\u00eet la proprioception gr\u00e2ce \u00e0 une stimulation sensorielle en profondeur. Vous ressentez mieux vos appuis pour une foul\u00e9e plus pr\u00e9cise, ce qui r\u00e9duit le risque de blessure. De plus, les zones de rembourrage plac\u00e9es strat\u00e9giquement au niveau du pied amortissent vos pas et prot\u00e8gent vos articulations.<\/p>\n<hr data-start=\"1705\" data-end=\"1708\" \/>\n<h3 data-start=\"1710\" data-end=\"1770\">Des s\u00e9ances plus agr\u00e9ables et un confort sans ampoules<\/h3>\n<p data-start=\"1771\" data-end=\"2468\">La derni\u00e8re g\u00e9n\u00e9ration des <strong data-start=\"1798\" data-end=\"1834\">Run Compression Socks pour homme<\/strong> s\u2019appuie sur un m\u00e9lange de mat\u00e9riaux \u00e9prouv\u00e9 et des innovations de confort garantissant une gestion optimale de la chaleur et de l\u2019humidit\u00e9. Des canaux d\u2019a\u00e9ration innovants dans la semelle et une structure en mesh au niveau des mollets assurent une ventilation optimale. Des zones d\u2019a\u00e9ration suppl\u00e9mentaires sont \u00e9galement int\u00e9gr\u00e9es au niveau des orteils. Le design anatomique, la compression et le choix des mat\u00e9riaux travaillent ensemble pour vous mener jusqu\u2019\u00e0 la ligne d\u2019arriv\u00e9e : ces caract\u00e9ristiques garantissent un ajustement parfait dans vos chaussures de course, sans glissement, contribuant ainsi \u00e0 pr\u00e9venir les ampoules.<\/p>\n","protected":false},"excerpt":{"rendered":"<p>es chaussettes de compression Run pour homme \u2013 une activation efficace \u00e0 chaque course Envie d\u2019un footing tranquille dans le parc, de battre de nouveaux records sur la piste ou simplement de rester actif \u00e0 la salle de sport ? Peu importe le moment, le lieu ou l\u2019intensit\u00e9 : les Run Compression Socks de CEP [&hellip;]<\/p>\n","protected":false},"featured_media":4095,"template":"","meta":[],"pwb-brand":[95],"product_brand":[],"product_cat":[28],"product_tag":[],"class_list":{"0":"post-4096","1":"product","2":"type-product","3":"status-publish","4":"has-post-thumbnail","6":"pwb-brand-cep","7":"product_cat-chaussettes","9":"first","10":"instock","11":"shipping-taxable","12":"purchasable","13":"product-type-simple"},"brands":[{"id":95,"name":"CEP","slug":"cep"}],"_links":{"self":[{"href":"https:\/\/rrunning.tribalt.agency\/index.php?rest_route=\/wp\/v2\/product\/4096","targetHints":{"allow":["GET"]}}],"collection":[{"href":"https:\/\/rrunning.tribalt.agency\/index.php?rest_route=\/wp\/v2\/product"}],"about":[{"href":"https:\/\/rrunning.tribalt.agency\/index.php?rest_route=\/wp\/v2\/types\/product"}],"wp:featuredmedia":[{"embeddable":true,"href":"https:\/\/rrunning.tribalt.agency\/index.php?rest_route=\/wp\/v2\/media\/4095"}],"wp:attachment":[{"href":"https:\/\/rrunning.tribalt.agency\/index.php?rest_route=%2Fwp%2Fv2%2Fmedia&parent=4096"}],"wp:term":[{"taxonomy":"pwb-brand","embeddable":true,"href":"https:\/\/rrunning.tribalt.agency\/index.php?rest_route=%2Fwp%2Fv2%2Fpwb-brand&post=4096"},{"taxonomy":"product_brand","embeddable":true,"href":"https:\/\/rrunning.tribalt.agency\/index.php?rest_route=%2Fwp%2Fv2%2Fproduct_brand&post=4096"},{"taxonomy":"product_cat","embeddable":true,"href":"https:\/\/rrunning.tribalt.agency\/index.php?rest_route=%2Fwp%2Fv2%2Fproduct_cat&post=4096"},{"taxonomy":"product_tag","embeddable":true,"href":"https:\/\/rrunning.tribalt.agency\/index.php?rest_route=%2Fwp%2Fv2%2Fproduct_tag&post=4096"}],"curies":[{"name":"wp","href":"https:\/\/api.w.org\/{rel}","templated":true}]}}