{"id":4077,"date":"2025-09-26T08:55:38","date_gmt":"2025-09-26T06:55:38","guid":{"rendered":"https:\/\/rrunning.tribalt.agency\/?post_type=product&#038;p=4077"},"modified":"2025-09-26T08:57:08","modified_gmt":"2025-09-26T06:57:08","slug":"casque-kask-valegro-3","status":"publish","type":"product","link":"https:\/\/rrunning.tribalt.agency\/?product=casque-kask-valegro-3","title":{"rendered":"CASQUE KASK VALEGRO"},"content":{"rendered":"<p><strong>Taille S (50-56)<\/strong><\/p>\n<p>La libert\u00e9 absolue en pleine nature\u00a0: tous les athl\u00e8tes m\u00e9ritent un casque confortable et l\u00e9ger, m\u00eame en cas d'effort extr\u00eame. D\u00e9velopp\u00e9 en collaboration avec l'\u00e9quipe INEOS Grenadiers, le Valegro a \u00e9t\u00e9 con\u00e7u pour \u00eatre ultra-l\u00e9ger et offrir une a\u00e9ration optimale, y compris dans les mont\u00e9es les plus difficiles et dans les conditions les plus chaudes.<\/p>\n","protected":false},"excerpt":{"rendered":"<p>Taille S (50-56) La libert\u00e9 absolue en pleine nature\u00a0: tous les athl\u00e8tes m\u00e9ritent un casque confortable et l\u00e9ger, m\u00eame en cas d'effort extr\u00eame. D\u00e9velopp\u00e9 en collaboration avec l'\u00e9quipe INEOS Grenadiers, le Valegro a \u00e9t\u00e9 con\u00e7u pour \u00eatre ultra-l\u00e9ger et offrir une a\u00e9ration optimale, y compris dans les mont\u00e9es les plus difficiles et dans les conditions [&hellip;]<\/p>\n","protected":false},"featured_media":4078,"template":"","meta":[],"pwb-brand":[103],"product_brand":[],"product_cat":[61],"product_tag":[],"class_list":{"0":"post-4077","1":"product","2":"type-product","3":"status-publish","4":"has-post-thumbnail","6":"pwb-brand-kask","7":"product_cat-casques","9":"first","10":"instock","11":"shipping-taxable","12":"purchasable","13":"product-type-simple"},"brands":[{"id":103,"name":"KASK","slug":"kask"}],"_links":{"self":[{"href":"https:\/\/rrunning.tribalt.agency\/index.php?rest_route=\/wp\/v2\/product\/4077","targetHints":{"allow":["GET"]}}],"collection":[{"href":"https:\/\/rrunning.tribalt.agency\/index.php?rest_route=\/wp\/v2\/product"}],"about":[{"href":"https:\/\/rrunning.tribalt.agency\/index.php?rest_route=\/wp\/v2\/types\/product"}],"wp:featuredmedia":[{"embeddable":true,"href":"https:\/\/rrunning.tribalt.agency\/index.php?rest_route=\/wp\/v2\/media\/4078"}],"wp:attachment":[{"href":"https:\/\/rrunning.tribalt.agency\/index.php?rest_route=%2Fwp%2Fv2%2Fmedia&parent=4077"}],"wp:term":[{"taxonomy":"pwb-brand","embeddable":true,"href":"https:\/\/rrunning.tribalt.agency\/index.php?rest_route=%2Fwp%2Fv2%2Fpwb-brand&post=4077"},{"taxonomy":"product_brand","embeddable":true,"href":"https:\/\/rrunning.tribalt.agency\/index.php?rest_route=%2Fwp%2Fv2%2Fproduct_brand&post=4077"},{"taxonomy":"product_cat","embeddable":true,"href":"https:\/\/rrunning.tribalt.agency\/index.php?rest_route=%2Fwp%2Fv2%2Fproduct_cat&post=4077"},{"taxonomy":"product_tag","embeddable":true,"href":"https:\/\/rrunning.tribalt.agency\/index.php?rest_route=%2Fwp%2Fv2%2Fproduct_tag&post=4077"}],"curies":[{"name":"wp","href":"https:\/\/api.w.org\/{rel}","templated":true}]}}