{"id":4073,"date":"2025-09-24T08:52:07","date_gmt":"2025-09-24T06:52:07","guid":{"rendered":"https:\/\/rrunning.tribalt.agency\/?post_type=product&#038;p=4073"},"modified":"2025-09-26T08:57:46","modified_gmt":"2025-09-26T06:57:46","slug":"casque-mojito-bicolor-wg11-2","status":"publish","type":"product","link":"https:\/\/rrunning.tribalt.agency\/?product=casque-mojito-bicolor-wg11-2","title":{"rendered":"CASQUE MOJITO BICOLOR - WG11"},"content":{"rendered":"<p><strong>Taille M (52-58)<\/strong><\/p>\n<p>Reconnaissable par sa forme caract\u00e9ristique, le Mojito\u00b3 est l\u2019alliance id\u00e9ale entre performance, confort et style. Son design est pens\u00e9 pour offrir un confort sup\u00e9rieur et une respirabilit\u00e9 optimale, m\u00eame dans les conditions les plus difficiles. Lorsque vous enfilez le Mojito\u00b3, vous savez que vous portez un casque de l\u00e9gende.<\/p>\n","protected":false},"excerpt":{"rendered":"<p>Taille M (52-58) Reconnaissable par sa forme caract\u00e9ristique, le Mojito\u00b3 est l\u2019alliance id\u00e9ale entre performance, confort et style. Son design est pens\u00e9 pour offrir un confort sup\u00e9rieur et une respirabilit\u00e9 optimale, m\u00eame dans les conditions les plus difficiles. Lorsque vous enfilez le Mojito\u00b3, vous savez que vous portez un casque de l\u00e9gende.<\/p>\n","protected":false},"featured_media":4074,"template":"","meta":[],"pwb-brand":[103],"product_brand":[],"product_cat":[61],"product_tag":[],"class_list":{"0":"post-4073","1":"product","2":"type-product","3":"status-publish","4":"has-post-thumbnail","6":"pwb-brand-kask","7":"product_cat-casques","9":"first","10":"instock","11":"shipping-taxable","12":"purchasable","13":"product-type-simple"},"brands":[{"id":103,"name":"KASK","slug":"kask"}],"_links":{"self":[{"href":"https:\/\/rrunning.tribalt.agency\/index.php?rest_route=\/wp\/v2\/product\/4073","targetHints":{"allow":["GET"]}}],"collection":[{"href":"https:\/\/rrunning.tribalt.agency\/index.php?rest_route=\/wp\/v2\/product"}],"about":[{"href":"https:\/\/rrunning.tribalt.agency\/index.php?rest_route=\/wp\/v2\/types\/product"}],"wp:featuredmedia":[{"embeddable":true,"href":"https:\/\/rrunning.tribalt.agency\/index.php?rest_route=\/wp\/v2\/media\/4074"}],"wp:attachment":[{"href":"https:\/\/rrunning.tribalt.agency\/index.php?rest_route=%2Fwp%2Fv2%2Fmedia&parent=4073"}],"wp:term":[{"taxonomy":"pwb-brand","embeddable":true,"href":"https:\/\/rrunning.tribalt.agency\/index.php?rest_route=%2Fwp%2Fv2%2Fpwb-brand&post=4073"},{"taxonomy":"product_brand","embeddable":true,"href":"https:\/\/rrunning.tribalt.agency\/index.php?rest_route=%2Fwp%2Fv2%2Fproduct_brand&post=4073"},{"taxonomy":"product_cat","embeddable":true,"href":"https:\/\/rrunning.tribalt.agency\/index.php?rest_route=%2Fwp%2Fv2%2Fproduct_cat&post=4073"},{"taxonomy":"product_tag","embeddable":true,"href":"https:\/\/rrunning.tribalt.agency\/index.php?rest_route=%2Fwp%2Fv2%2Fproduct_tag&post=4073"}],"curies":[{"name":"wp","href":"https:\/\/api.w.org\/{rel}","templated":true}]}}