{"id":4067,"date":"2025-09-25T18:58:47","date_gmt":"2025-09-25T16:58:47","guid":{"rendered":"https:\/\/rrunning.tribalt.agency\/?post_type=product&#038;p=4067"},"modified":"2025-09-25T18:59:39","modified_gmt":"2025-09-25T16:59:39","slug":"casque-sintesi-wg11-3","status":"publish","type":"product","link":"https:\/\/rrunning.tribalt.agency\/?product=casque-sintesi-wg11-3","title":{"rendered":"CASQUE SINTESI - WG11"},"content":{"rendered":"<p><strong>Taille M (52-58)<\/strong><\/p>\n<p>Dans la nature, seuls ceux qui s'adaptent survivent. Et le Sintesi l\u2019a tout \u00e0 fait compris. Cyclistes urbains, aventuriers du gravel, amoureux de la route ou des sentiers : le Sintesi est fait pour vous, avec son design \u00e9pur\u00e9 associant performances, confort et protection maximale sur tous les terrains. Quel que soit votre itin\u00e9raire, le Sintesi sera votre partenaire id\u00e9al.<\/p>\n","protected":false},"excerpt":{"rendered":"<p>Taille M (52-58) Dans la nature, seuls ceux qui s'adaptent survivent. Et le Sintesi l\u2019a tout \u00e0 fait compris. Cyclistes urbains, aventuriers du gravel, amoureux de la route ou des sentiers : le Sintesi est fait pour vous, avec son design \u00e9pur\u00e9 associant performances, confort et protection maximale sur tous les terrains. Quel que soit [&hellip;]<\/p>\n","protected":false},"featured_media":4068,"template":"","meta":[],"pwb-brand":[103],"product_brand":[],"product_cat":[61],"product_tag":[],"class_list":{"0":"post-4067","1":"product","2":"type-product","3":"status-publish","4":"has-post-thumbnail","6":"pwb-brand-kask","7":"product_cat-casques","9":"first","10":"instock","11":"shipping-taxable","12":"purchasable","13":"product-type-simple"},"brands":[{"id":103,"name":"KASK","slug":"kask"}],"_links":{"self":[{"href":"https:\/\/rrunning.tribalt.agency\/index.php?rest_route=\/wp\/v2\/product\/4067","targetHints":{"allow":["GET"]}}],"collection":[{"href":"https:\/\/rrunning.tribalt.agency\/index.php?rest_route=\/wp\/v2\/product"}],"about":[{"href":"https:\/\/rrunning.tribalt.agency\/index.php?rest_route=\/wp\/v2\/types\/product"}],"wp:featuredmedia":[{"embeddable":true,"href":"https:\/\/rrunning.tribalt.agency\/index.php?rest_route=\/wp\/v2\/media\/4068"}],"wp:attachment":[{"href":"https:\/\/rrunning.tribalt.agency\/index.php?rest_route=%2Fwp%2Fv2%2Fmedia&parent=4067"}],"wp:term":[{"taxonomy":"pwb-brand","embeddable":true,"href":"https:\/\/rrunning.tribalt.agency\/index.php?rest_route=%2Fwp%2Fv2%2Fpwb-brand&post=4067"},{"taxonomy":"product_brand","embeddable":true,"href":"https:\/\/rrunning.tribalt.agency\/index.php?rest_route=%2Fwp%2Fv2%2Fproduct_brand&post=4067"},{"taxonomy":"product_cat","embeddable":true,"href":"https:\/\/rrunning.tribalt.agency\/index.php?rest_route=%2Fwp%2Fv2%2Fproduct_cat&post=4067"},{"taxonomy":"product_tag","embeddable":true,"href":"https:\/\/rrunning.tribalt.agency\/index.php?rest_route=%2Fwp%2Fv2%2Fproduct_tag&post=4067"}],"curies":[{"name":"wp","href":"https:\/\/api.w.org\/{rel}","templated":true}]}}