{"id":4058,"date":"2025-09-25T18:42:46","date_gmt":"2025-09-25T16:42:46","guid":{"rendered":"https:\/\/rrunning.tribalt.agency\/?post_type=product&#038;p=4058"},"modified":"2025-09-25T18:51:51","modified_gmt":"2025-09-25T16:51:51","slug":"casque-kask-protone-4","status":"publish","type":"product","link":"https:\/\/rrunning.tribalt.agency\/?product=casque-kask-protone-4","title":{"rendered":"CASQUE KASK PROTONE ICON - WG11"},"content":{"rendered":"<p><strong>Taille M (52-58)<\/strong><\/p>\n<p>L\u2019\u00e9quilibre parfait entre performance, a\u00e9rodynamisme et s\u00e9curit\u00e9. Son design ne laisse planer aucun doute\u00a0: le Protone Icon est le nouveau classique de KASK. Un casque unique en son genre pour la route, le gravel, le cyclo-cross et le cross-country. Chaque d\u00e9tail a \u00e9t\u00e9 repens\u00e9 pour repousser les limites de la performance.<\/p>\n","protected":false},"excerpt":{"rendered":"<p>Taille M (52-58) L\u2019\u00e9quilibre parfait entre performance, a\u00e9rodynamisme et s\u00e9curit\u00e9. Son design ne laisse planer aucun doute\u00a0: le Protone Icon est le nouveau classique de KASK. Un casque unique en son genre pour la route, le gravel, le cyclo-cross et le cross-country. Chaque d\u00e9tail a \u00e9t\u00e9 repens\u00e9 pour repousser les limites de la performance.<\/p>\n","protected":false},"featured_media":4059,"template":"","meta":[],"pwb-brand":[103],"product_brand":[],"product_cat":[61],"product_tag":[],"class_list":{"0":"post-4058","1":"product","2":"type-product","3":"status-publish","4":"has-post-thumbnail","6":"pwb-brand-kask","7":"product_cat-casques","9":"first","10":"instock","11":"shipping-taxable","12":"purchasable","13":"product-type-simple"},"brands":[{"id":103,"name":"KASK","slug":"kask"}],"_links":{"self":[{"href":"https:\/\/rrunning.tribalt.agency\/index.php?rest_route=\/wp\/v2\/product\/4058","targetHints":{"allow":["GET"]}}],"collection":[{"href":"https:\/\/rrunning.tribalt.agency\/index.php?rest_route=\/wp\/v2\/product"}],"about":[{"href":"https:\/\/rrunning.tribalt.agency\/index.php?rest_route=\/wp\/v2\/types\/product"}],"wp:featuredmedia":[{"embeddable":true,"href":"https:\/\/rrunning.tribalt.agency\/index.php?rest_route=\/wp\/v2\/media\/4059"}],"wp:attachment":[{"href":"https:\/\/rrunning.tribalt.agency\/index.php?rest_route=%2Fwp%2Fv2%2Fmedia&parent=4058"}],"wp:term":[{"taxonomy":"pwb-brand","embeddable":true,"href":"https:\/\/rrunning.tribalt.agency\/index.php?rest_route=%2Fwp%2Fv2%2Fpwb-brand&post=4058"},{"taxonomy":"product_brand","embeddable":true,"href":"https:\/\/rrunning.tribalt.agency\/index.php?rest_route=%2Fwp%2Fv2%2Fproduct_brand&post=4058"},{"taxonomy":"product_cat","embeddable":true,"href":"https:\/\/rrunning.tribalt.agency\/index.php?rest_route=%2Fwp%2Fv2%2Fproduct_cat&post=4058"},{"taxonomy":"product_tag","embeddable":true,"href":"https:\/\/rrunning.tribalt.agency\/index.php?rest_route=%2Fwp%2Fv2%2Fproduct_tag&post=4058"}],"curies":[{"name":"wp","href":"https:\/\/api.w.org\/{rel}","templated":true}]}}