{"id":4042,"date":"2025-09-25T11:09:46","date_gmt":"2025-09-25T09:09:46","guid":{"rendered":"https:\/\/rrunning.tribalt.agency\/?post_type=product&#038;p=4042"},"modified":"2025-09-25T11:12:11","modified_gmt":"2025-09-25T09:12:11","slug":"chaussures-speed","status":"publish","type":"product","link":"https:\/\/rrunning.tribalt.agency\/?product=chaussures-speed","title":{"rendered":"CHAUSSURES SPEED"},"content":{"rendered":"<p><strong>Taille : 44 \u00e0 46<\/strong><\/p>\n<div class=\"col-lg-20 col-md-20 col-sm-20 col-xs-20\">\n<p>Le tout-terrain n'a jamais \u00e9t\u00e9 aussi facile. La SPEED est une chaussure rapide, de nom et de fait. Gr\u00e2ce \u00e0 son syst\u00e8me de fermeture simple et rapide, vous serez pr\u00eat \u00e0 rouler en quelques instants sans sacrifier la performance et le style.<\/p>\n<p>D\u00e9tails:<\/p>\n<ul>\n<li>Chaussant en Politex sup\u00e9rieur<\/li>\n<li>Syst\u00e8me Tecno-3<\/li>\n<li>Semelle MTBN comp\u00e9tition<\/li>\n<li>Chaussant : Politex<\/li>\n<\/ul>\n<\/div>\n","protected":false},"excerpt":{"rendered":"<p>Taille : 44 \u00e0 46 Le tout-terrain n'a jamais \u00e9t\u00e9 aussi facile. La SPEED est une chaussure rapide, de nom et de fait. Gr\u00e2ce \u00e0 son syst\u00e8me de fermeture simple et rapide, vous serez pr\u00eat \u00e0 rouler en quelques instants sans sacrifier la performance et le style. D\u00e9tails: Chaussant en Politex sup\u00e9rieur Syst\u00e8me Tecno-3 Semelle [&hellip;]<\/p>\n","protected":false},"featured_media":4043,"template":"","meta":[],"pwb-brand":[123],"product_brand":[],"product_cat":[62],"product_tag":[],"class_list":{"0":"post-4042","1":"product","2":"type-product","3":"status-publish","4":"has-post-thumbnail","6":"pwb-brand-sidi","7":"product_cat-chaussure-velo-de-route","9":"first","10":"instock","11":"sale","12":"shipping-taxable","13":"purchasable","14":"product-type-simple"},"brands":[{"id":123,"name":"SIDI","slug":"sidi"}],"_links":{"self":[{"href":"https:\/\/rrunning.tribalt.agency\/index.php?rest_route=\/wp\/v2\/product\/4042","targetHints":{"allow":["GET"]}}],"collection":[{"href":"https:\/\/rrunning.tribalt.agency\/index.php?rest_route=\/wp\/v2\/product"}],"about":[{"href":"https:\/\/rrunning.tribalt.agency\/index.php?rest_route=\/wp\/v2\/types\/product"}],"wp:featuredmedia":[{"embeddable":true,"href":"https:\/\/rrunning.tribalt.agency\/index.php?rest_route=\/wp\/v2\/media\/4043"}],"wp:attachment":[{"href":"https:\/\/rrunning.tribalt.agency\/index.php?rest_route=%2Fwp%2Fv2%2Fmedia&parent=4042"}],"wp:term":[{"taxonomy":"pwb-brand","embeddable":true,"href":"https:\/\/rrunning.tribalt.agency\/index.php?rest_route=%2Fwp%2Fv2%2Fpwb-brand&post=4042"},{"taxonomy":"product_brand","embeddable":true,"href":"https:\/\/rrunning.tribalt.agency\/index.php?rest_route=%2Fwp%2Fv2%2Fproduct_brand&post=4042"},{"taxonomy":"product_cat","embeddable":true,"href":"https:\/\/rrunning.tribalt.agency\/index.php?rest_route=%2Fwp%2Fv2%2Fproduct_cat&post=4042"},{"taxonomy":"product_tag","embeddable":true,"href":"https:\/\/rrunning.tribalt.agency\/index.php?rest_route=%2Fwp%2Fv2%2Fproduct_tag&post=4042"}],"curies":[{"name":"wp","href":"https:\/\/api.w.org\/{rel}","templated":true}]}}