{"id":4040,"date":"2025-09-25T11:08:15","date_gmt":"2025-09-25T09:08:15","guid":{"rendered":"https:\/\/rrunning.tribalt.agency\/?post_type=product&#038;p=4040"},"modified":"2025-09-25T11:09:29","modified_gmt":"2025-09-25T09:09:29","slug":"chaussures-sixty","status":"publish","type":"product","link":"https:\/\/rrunning.tribalt.agency\/?product=chaussures-sixty","title":{"rendered":"CHAUSSURES SIXTY"},"content":{"rendered":"<p><strong>Taille : 44 \u00e0 45<\/strong><\/p>\n<div class=\"col-lg-20 col-md-20 col-sm-20 col-xs-20\">\n<p>Les Sidi Sixty marquent l\u2019anniversaire de la marque italienne. On retrouve donc des mat\u00e9riaux nobles \u00e0 commencer par une semelle carbone tr\u00e8s l\u00e9g\u00e8re et rigide. Elle va permettre de transmettre l\u2019int\u00e9gralit\u00e9 du coup de p\u00e9dale du cycliste. On retrouve \u00e9galement une tige microfibre Tecpro qui permet de laisser respirer la pied, d\u2019apporter de la ventilation et de la r\u00e9sistance dans le temps. Une mati\u00e8re qui respecte \u00e9galement l\u2019environnement. Elle est \u00e9galement d\u00e9perlante pour r\u00e9sister aux projections d\u2019eau.<\/p>\n<p><strong>D\u00e9tails :<\/strong><\/p>\n<ul>\n<li>Semelle carbone ventil\u00e9e (Technologie Vent Sole Carbon)<\/li>\n<li>Syst\u00e8me de serrage Tecno 4<\/li>\n<li>1 velcro sur l\u2019avant du pied<\/li>\n<li>Talon coque<\/li>\n<li>Talonnette rempla\u00e7able<\/li>\n<li>Rev\u00eatement Tecpro<\/li>\n<li>Poids 540g la paire en 42<\/li>\n<\/ul>\n<\/div>\n","protected":false},"excerpt":{"rendered":"<p>Taille : 44 \u00e0 45 Les Sidi Sixty marquent l\u2019anniversaire de la marque italienne. On retrouve donc des mat\u00e9riaux nobles \u00e0 commencer par une semelle carbone tr\u00e8s l\u00e9g\u00e8re et rigide. Elle va permettre de transmettre l\u2019int\u00e9gralit\u00e9 du coup de p\u00e9dale du cycliste. On retrouve \u00e9galement une tige microfibre Tecpro qui permet de laisser respirer la [&hellip;]<\/p>\n","protected":false},"featured_media":4041,"template":"","meta":[],"pwb-brand":[123],"product_brand":[],"product_cat":[62],"product_tag":[],"class_list":{"0":"post-4040","1":"product","2":"type-product","3":"status-publish","4":"has-post-thumbnail","6":"pwb-brand-sidi","7":"product_cat-chaussure-velo-de-route","9":"first","10":"instock","11":"sale","12":"shipping-taxable","13":"purchasable","14":"product-type-simple"},"brands":[{"id":123,"name":"SIDI","slug":"sidi"}],"_links":{"self":[{"href":"https:\/\/rrunning.tribalt.agency\/index.php?rest_route=\/wp\/v2\/product\/4040","targetHints":{"allow":["GET"]}}],"collection":[{"href":"https:\/\/rrunning.tribalt.agency\/index.php?rest_route=\/wp\/v2\/product"}],"about":[{"href":"https:\/\/rrunning.tribalt.agency\/index.php?rest_route=\/wp\/v2\/types\/product"}],"wp:featuredmedia":[{"embeddable":true,"href":"https:\/\/rrunning.tribalt.agency\/index.php?rest_route=\/wp\/v2\/media\/4041"}],"wp:attachment":[{"href":"https:\/\/rrunning.tribalt.agency\/index.php?rest_route=%2Fwp%2Fv2%2Fmedia&parent=4040"}],"wp:term":[{"taxonomy":"pwb-brand","embeddable":true,"href":"https:\/\/rrunning.tribalt.agency\/index.php?rest_route=%2Fwp%2Fv2%2Fpwb-brand&post=4040"},{"taxonomy":"product_brand","embeddable":true,"href":"https:\/\/rrunning.tribalt.agency\/index.php?rest_route=%2Fwp%2Fv2%2Fproduct_brand&post=4040"},{"taxonomy":"product_cat","embeddable":true,"href":"https:\/\/rrunning.tribalt.agency\/index.php?rest_route=%2Fwp%2Fv2%2Fproduct_cat&post=4040"},{"taxonomy":"product_tag","embeddable":true,"href":"https:\/\/rrunning.tribalt.agency\/index.php?rest_route=%2Fwp%2Fv2%2Fproduct_tag&post=4040"}],"curies":[{"name":"wp","href":"https:\/\/api.w.org\/{rel}","templated":true}]}}