{"id":4023,"date":"2025-09-25T10:43:30","date_gmt":"2025-09-25T08:43:30","guid":{"rendered":"https:\/\/rrunning.tribalt.agency\/?post_type=product&#038;p=4023"},"modified":"2025-09-25T10:54:40","modified_gmt":"2025-09-25T08:54:40","slug":"chaussures-genius-10","status":"publish","type":"product","link":"https:\/\/rrunning.tribalt.agency\/?product=chaussures-genius-10","title":{"rendered":"CHAUSSURES GENIUS 10"},"content":{"rendered":"<p><strong>Taille : 45<\/strong><\/p>\n<p>La\u00a0<strong>Sidi Genius 10<\/strong>\u00a0est r\u00e9put\u00e9e pour \u00eatre le meilleur rapport qualit\u00e9 prix de la gamme Sidi, la Genius \u00e0 travers\u00e9 un grand nombre d'ann\u00e9es pour s'installer comme \u00e9tant l'un des Best seller des chaussures de route.<br \/>\nElle est dot\u00e9e de la\u00a0semelle en composite carbone qui assure un excellent compromis entre rigidit\u00e9, confort et durabilit\u00e9.<\/p>\n<p>Les serrages \u00e0 C\u00e2ble assurent un ajustement parfait du m\u00e9dio pied, afin d'\u00e9viter les \u00e9chauffements et les ampoules.<\/p>\n<h4>D\u00e9tails:<\/h4>\n<ul>\n<li style=\"list-style-type: none;\">\n<ul>\n<li>Serrage: A c\u00e2ble microm\u00e9trique (interchangeable).<\/li>\n<li>Semelle: composite carbone<\/li>\n<li>Dessus : Microfibre Microtech<\/li>\n<li>Talonnette permettant de marcher avec plus de confort<\/li>\n<li>Usage: route comp\u00e9tition \/ Cyclo<\/li>\n<\/ul>\n<\/li>\n<\/ul>\n","protected":false},"excerpt":{"rendered":"<p>Taille : 45 La\u00a0Sidi Genius 10\u00a0est r\u00e9put\u00e9e pour \u00eatre le meilleur rapport qualit\u00e9 prix de la gamme Sidi, la Genius \u00e0 travers\u00e9 un grand nombre d'ann\u00e9es pour s'installer comme \u00e9tant l'un des Best seller des chaussures de route. Elle est dot\u00e9e de la\u00a0semelle en composite carbone qui assure un excellent compromis entre rigidit\u00e9, confort et [&hellip;]<\/p>\n","protected":false},"featured_media":4025,"template":"","meta":[],"pwb-brand":[123],"product_brand":[],"product_cat":[62],"product_tag":[],"class_list":{"0":"post-4023","1":"product","2":"type-product","3":"status-publish","4":"has-post-thumbnail","6":"pwb-brand-sidi","7":"product_cat-chaussure-velo-de-route","9":"first","10":"instock","11":"sale","12":"shipping-taxable","13":"purchasable","14":"product-type-simple"},"brands":[{"id":123,"name":"SIDI","slug":"sidi"}],"_links":{"self":[{"href":"https:\/\/rrunning.tribalt.agency\/index.php?rest_route=\/wp\/v2\/product\/4023","targetHints":{"allow":["GET"]}}],"collection":[{"href":"https:\/\/rrunning.tribalt.agency\/index.php?rest_route=\/wp\/v2\/product"}],"about":[{"href":"https:\/\/rrunning.tribalt.agency\/index.php?rest_route=\/wp\/v2\/types\/product"}],"wp:featuredmedia":[{"embeddable":true,"href":"https:\/\/rrunning.tribalt.agency\/index.php?rest_route=\/wp\/v2\/media\/4025"}],"wp:attachment":[{"href":"https:\/\/rrunning.tribalt.agency\/index.php?rest_route=%2Fwp%2Fv2%2Fmedia&parent=4023"}],"wp:term":[{"taxonomy":"pwb-brand","embeddable":true,"href":"https:\/\/rrunning.tribalt.agency\/index.php?rest_route=%2Fwp%2Fv2%2Fpwb-brand&post=4023"},{"taxonomy":"product_brand","embeddable":true,"href":"https:\/\/rrunning.tribalt.agency\/index.php?rest_route=%2Fwp%2Fv2%2Fproduct_brand&post=4023"},{"taxonomy":"product_cat","embeddable":true,"href":"https:\/\/rrunning.tribalt.agency\/index.php?rest_route=%2Fwp%2Fv2%2Fproduct_cat&post=4023"},{"taxonomy":"product_tag","embeddable":true,"href":"https:\/\/rrunning.tribalt.agency\/index.php?rest_route=%2Fwp%2Fv2%2Fproduct_tag&post=4023"}],"curies":[{"name":"wp","href":"https:\/\/api.w.org\/{rel}","templated":true}]}}