{"id":4021,"date":"2025-09-25T10:42:07","date_gmt":"2025-09-25T08:42:07","guid":{"rendered":"https:\/\/rrunning.tribalt.agency\/?post_type=product&#038;p=4021"},"modified":"2025-09-25T10:43:11","modified_gmt":"2025-09-25T08:43:11","slug":"chaussures-fast-2-2","status":"publish","type":"product","link":"https:\/\/rrunning.tribalt.agency\/?product=chaussures-fast-2-2","title":{"rendered":"CHAUSSURES FAST 2"},"content":{"rendered":"<p><strong>Taille : de 41 \u00e0 44<\/strong><\/p>\n<p>La chaussure rapide et efficace avec une r\u00e9sistance et un maintien test\u00e9 pour les actions les plus exigeantes. Un r\u00e9glage facile et un design \u00e9pur\u00e9 le rendent encore plus facile et plus imm\u00e9diat \u00e0 utiliser.<\/p>\n<p><strong>DETAILS<\/strong>\u00a0:<\/p>\n<ul>\n<li>Tige ultra-l\u00e9g\u00e8re en Politex Matt<\/li>\n<li>Tecno-3 :\u00a0TECNO-3 est un m\u00e9canisme de verrouillage Sidi qui utilise un c\u00e2ble pour permettre un r\u00e9glage microm\u00e9trique avec une extr\u00eame rapidit\u00e9. TECNO-3 est robuste et facilement rempla\u00e7able.<\/li>\n<li>Logo Reflex Sidi<\/li>\n<li>Talon\u00a0antid\u00e9rapant rempla\u00e7able<\/li>\n<li>Semelle Aerolite<\/li>\n<\/ul>\n","protected":false},"excerpt":{"rendered":"<p>Taille : de 41 \u00e0 44 La chaussure rapide et efficace avec une r\u00e9sistance et un maintien test\u00e9 pour les actions les plus exigeantes. Un r\u00e9glage facile et un design \u00e9pur\u00e9 le rendent encore plus facile et plus imm\u00e9diat \u00e0 utiliser. DETAILS\u00a0: Tige ultra-l\u00e9g\u00e8re en Politex Matt Tecno-3 :\u00a0TECNO-3 est un m\u00e9canisme de verrouillage Sidi [&hellip;]<\/p>\n","protected":false},"featured_media":4022,"template":"","meta":[],"pwb-brand":[123],"product_brand":[],"product_cat":[62],"product_tag":[],"class_list":{"0":"post-4021","1":"product","2":"type-product","3":"status-publish","4":"has-post-thumbnail","6":"pwb-brand-sidi","7":"product_cat-chaussure-velo-de-route","9":"first","10":"instock","11":"shipping-taxable","12":"purchasable","13":"product-type-simple"},"brands":[{"id":123,"name":"SIDI","slug":"sidi"}],"_links":{"self":[{"href":"https:\/\/rrunning.tribalt.agency\/index.php?rest_route=\/wp\/v2\/product\/4021","targetHints":{"allow":["GET"]}}],"collection":[{"href":"https:\/\/rrunning.tribalt.agency\/index.php?rest_route=\/wp\/v2\/product"}],"about":[{"href":"https:\/\/rrunning.tribalt.agency\/index.php?rest_route=\/wp\/v2\/types\/product"}],"wp:featuredmedia":[{"embeddable":true,"href":"https:\/\/rrunning.tribalt.agency\/index.php?rest_route=\/wp\/v2\/media\/4022"}],"wp:attachment":[{"href":"https:\/\/rrunning.tribalt.agency\/index.php?rest_route=%2Fwp%2Fv2%2Fmedia&parent=4021"}],"wp:term":[{"taxonomy":"pwb-brand","embeddable":true,"href":"https:\/\/rrunning.tribalt.agency\/index.php?rest_route=%2Fwp%2Fv2%2Fpwb-brand&post=4021"},{"taxonomy":"product_brand","embeddable":true,"href":"https:\/\/rrunning.tribalt.agency\/index.php?rest_route=%2Fwp%2Fv2%2Fproduct_brand&post=4021"},{"taxonomy":"product_cat","embeddable":true,"href":"https:\/\/rrunning.tribalt.agency\/index.php?rest_route=%2Fwp%2Fv2%2Fproduct_cat&post=4021"},{"taxonomy":"product_tag","embeddable":true,"href":"https:\/\/rrunning.tribalt.agency\/index.php?rest_route=%2Fwp%2Fv2%2Fproduct_tag&post=4021"}],"curies":[{"name":"wp","href":"https:\/\/api.w.org\/{rel}","templated":true}]}}