{"id":4017,"date":"2025-09-25T10:36:11","date_gmt":"2025-09-25T08:36:11","guid":{"rendered":"https:\/\/rrunning.tribalt.agency\/?post_type=product&#038;p=4017"},"modified":"2025-09-25T10:37:56","modified_gmt":"2025-09-25T08:37:56","slug":"chaussures-dust","status":"publish","type":"product","link":"https:\/\/rrunning.tribalt.agency\/?product=chaussures-dust","title":{"rendered":"CHAUSSURES DUST"},"content":{"rendered":"<p><strong>Taille de 43<\/strong><\/p>\n<p>Sidi monte en gamme avec sa nouvelle chaussure estampill\u00e9e \"Gravel\".Gr\u00e2ce \u00e0 l'utilisation de certains ingr\u00e9dients des chaussures des pros, comme la tige l\u00e9g\u00e8re et confortable en microfibre Techpro, ainsi que le renfort sur le bout du pied, mais en faisant le meilleur compromis confort\/rigidit\u00e9 avec sa semelle nylon avec insert, et un serrage simplifi\u00e9 qui s'adapte \u00e0 la forme du pied. Le tout avec la finition italienne de renom, une esth\u00e9tique soign\u00e9e, et facile \u00e0 nettoyer !<\/p>\n<h4>D\u00e9tails :<\/h4>\n<ul>\n<li>Semelle MTB SR17 en Nylon avec insert<\/li>\n<li>Boucle de serrage micro m\u00e9trique Tecno 3<\/li>\n<li>Protection orteils<\/li>\n<li>Tige haut de gamme en microfibre Techpro + mesh<\/li>\n<li>Coque de talon int\u00e9gr\u00e9e<\/li>\n<li>Crampons avant rempla\u00e7ables<\/li>\n<li>Possibilit\u00e9 d'ajouter des pointes<\/li>\n<\/ul>\n","protected":false},"excerpt":{"rendered":"<p>Taille de 43 Sidi monte en gamme avec sa nouvelle chaussure estampill\u00e9e \"Gravel\".Gr\u00e2ce \u00e0 l'utilisation de certains ingr\u00e9dients des chaussures des pros, comme la tige l\u00e9g\u00e8re et confortable en microfibre Techpro, ainsi que le renfort sur le bout du pied, mais en faisant le meilleur compromis confort\/rigidit\u00e9 avec sa semelle nylon avec insert, et un [&hellip;]<\/p>\n","protected":false},"featured_media":4018,"template":"","meta":[],"pwb-brand":[123],"product_brand":[],"product_cat":[62],"product_tag":[],"class_list":{"0":"post-4017","1":"product","2":"type-product","3":"status-publish","4":"has-post-thumbnail","6":"pwb-brand-sidi","7":"product_cat-chaussure-velo-de-route","9":"first","10":"instock","11":"shipping-taxable","12":"purchasable","13":"product-type-simple"},"brands":[{"id":123,"name":"SIDI","slug":"sidi"}],"_links":{"self":[{"href":"https:\/\/rrunning.tribalt.agency\/index.php?rest_route=\/wp\/v2\/product\/4017","targetHints":{"allow":["GET"]}}],"collection":[{"href":"https:\/\/rrunning.tribalt.agency\/index.php?rest_route=\/wp\/v2\/product"}],"about":[{"href":"https:\/\/rrunning.tribalt.agency\/index.php?rest_route=\/wp\/v2\/types\/product"}],"wp:featuredmedia":[{"embeddable":true,"href":"https:\/\/rrunning.tribalt.agency\/index.php?rest_route=\/wp\/v2\/media\/4018"}],"wp:attachment":[{"href":"https:\/\/rrunning.tribalt.agency\/index.php?rest_route=%2Fwp%2Fv2%2Fmedia&parent=4017"}],"wp:term":[{"taxonomy":"pwb-brand","embeddable":true,"href":"https:\/\/rrunning.tribalt.agency\/index.php?rest_route=%2Fwp%2Fv2%2Fpwb-brand&post=4017"},{"taxonomy":"product_brand","embeddable":true,"href":"https:\/\/rrunning.tribalt.agency\/index.php?rest_route=%2Fwp%2Fv2%2Fproduct_brand&post=4017"},{"taxonomy":"product_cat","embeddable":true,"href":"https:\/\/rrunning.tribalt.agency\/index.php?rest_route=%2Fwp%2Fv2%2Fproduct_cat&post=4017"},{"taxonomy":"product_tag","embeddable":true,"href":"https:\/\/rrunning.tribalt.agency\/index.php?rest_route=%2Fwp%2Fv2%2Fproduct_tag&post=4017"}],"curies":[{"name":"wp","href":"https:\/\/api.w.org\/{rel}","templated":true}]}}