{"id":4015,"date":"2025-09-25T10:35:09","date_gmt":"2025-09-25T08:35:09","guid":{"rendered":"https:\/\/rrunning.tribalt.agency\/?post_type=product&#038;p=4015"},"modified":"2025-09-25T10:35:27","modified_gmt":"2025-09-25T08:35:27","slug":"chaussures-aertis-woman","status":"publish","type":"product","link":"https:\/\/rrunning.tribalt.agency\/?product=chaussures-aertis-woman","title":{"rendered":"CHAUSSURES AERTIS WOMAN"},"content":{"rendered":"<p><strong>Taille de 37 \u00e0 40<\/strong><\/p>\n<p>Les chaussures de VTT AERTIS de SIDI allient l\u2019efficacit\u00e9 et la flexibilit\u00e9 au confort et \u00e0 la stabilit\u00e9.<\/p>\n<p><strong>DETAILS :<\/strong><\/p>\n<ul>\n<li>Chaussures l\u00e9g\u00e8res de v\u00e9lo pour des journ\u00e9es effr\u00e9n\u00e9es sur le sentier pour femmes<\/li>\n<li>Mati\u00e8re de dessus POLITEX r\u00e9sistante et a\u00e9r\u00e9e<\/li>\n<li>Syst\u00e8me de fermeture TECNO 3: adaptation individuelle et au millim\u00e8tre pr\u00e8s en un tour de main<\/li>\n<li>Syst\u00e8me FIRMOR CLOSURE pour un surplus d\u2019appui sur le c\u00f4t\u00e9<\/li>\n<li>Semelle MTB SR 17 adh\u00e9rente pour une traction et une transmission de force id\u00e9ales<\/li>\n<li>Renfort aux orteils<\/li>\n<\/ul>\n","protected":false},"excerpt":{"rendered":"<p>Taille de 37 \u00e0 40 Les chaussures de VTT AERTIS de SIDI allient l\u2019efficacit\u00e9 et la flexibilit\u00e9 au confort et \u00e0 la stabilit\u00e9. DETAILS : Chaussures l\u00e9g\u00e8res de v\u00e9lo pour des journ\u00e9es effr\u00e9n\u00e9es sur le sentier pour femmes Mati\u00e8re de dessus POLITEX r\u00e9sistante et a\u00e9r\u00e9e Syst\u00e8me de fermeture TECNO 3: adaptation individuelle et au millim\u00e8tre [&hellip;]<\/p>\n","protected":false},"featured_media":4016,"template":"","meta":[],"pwb-brand":[123],"product_brand":[],"product_cat":[62],"product_tag":[],"class_list":{"0":"post-4015","1":"product","2":"type-product","3":"status-publish","4":"has-post-thumbnail","6":"pwb-brand-sidi","7":"product_cat-chaussure-velo-de-route","9":"first","10":"instock","11":"shipping-taxable","12":"purchasable","13":"product-type-simple"},"brands":[{"id":123,"name":"SIDI","slug":"sidi"}],"_links":{"self":[{"href":"https:\/\/rrunning.tribalt.agency\/index.php?rest_route=\/wp\/v2\/product\/4015","targetHints":{"allow":["GET"]}}],"collection":[{"href":"https:\/\/rrunning.tribalt.agency\/index.php?rest_route=\/wp\/v2\/product"}],"about":[{"href":"https:\/\/rrunning.tribalt.agency\/index.php?rest_route=\/wp\/v2\/types\/product"}],"wp:featuredmedia":[{"embeddable":true,"href":"https:\/\/rrunning.tribalt.agency\/index.php?rest_route=\/wp\/v2\/media\/4016"}],"wp:attachment":[{"href":"https:\/\/rrunning.tribalt.agency\/index.php?rest_route=%2Fwp%2Fv2%2Fmedia&parent=4015"}],"wp:term":[{"taxonomy":"pwb-brand","embeddable":true,"href":"https:\/\/rrunning.tribalt.agency\/index.php?rest_route=%2Fwp%2Fv2%2Fpwb-brand&post=4015"},{"taxonomy":"product_brand","embeddable":true,"href":"https:\/\/rrunning.tribalt.agency\/index.php?rest_route=%2Fwp%2Fv2%2Fproduct_brand&post=4015"},{"taxonomy":"product_cat","embeddable":true,"href":"https:\/\/rrunning.tribalt.agency\/index.php?rest_route=%2Fwp%2Fv2%2Fproduct_cat&post=4015"},{"taxonomy":"product_tag","embeddable":true,"href":"https:\/\/rrunning.tribalt.agency\/index.php?rest_route=%2Fwp%2Fv2%2Fproduct_tag&post=4015"}],"curies":[{"name":"wp","href":"https:\/\/api.w.org\/{rel}","templated":true}]}}