{"id":4005,"date":"2025-09-25T09:58:25","date_gmt":"2025-09-25T07:58:25","guid":{"rendered":"https:\/\/rrunning.tribalt.agency\/?post_type=product&#038;p=4005"},"modified":"2025-09-25T10:01:01","modified_gmt":"2025-09-25T08:01:01","slug":"teammachine-slr-01-four","status":"publish","type":"product","link":"https:\/\/rrunning.tribalt.agency\/?product=teammachine-slr-01-four","title":{"rendered":"TEAMMACHINE SLR 01 FOUR"},"content":{"rendered":"<p><strong>Taille : 54 (M)<\/strong><\/p>\n<div class=\"specs__section\">\n<div class=\"specs__info\">\n<div class=\"specs__section\">\n<div class=\"specs__info\">\n<div class=\"specs__section\">\n<div class=\"specs__info\">\n<div class=\"specs__section\">\n<div class=\"specs__info\">\n<div class=\"specs__section\">\n<div class=\"specs__info\">\n<p>Red\u00e9finissez la gravit\u00e9 avec le tout nouveau Teammachine SLR 01. Avec sa structure en carbone 01, le cadre le plus l\u00e9ger de BMC vous offre une rigidit\u00e9 \u00e9lev\u00e9e pour transformer chaque watt en vitesse. Plus de vitesse, vous demandez-vous\u00a0? Nous avons con\u00e7u un a\u00e9rodynamisme sup\u00e9rieur qui le rend presque aussi rapide qu'un Teammachine R 01. Tout cela sans compromis\u00a0: nos ing\u00e9nieurs Impec Lab ont veill\u00e9 \u00e0 ce que nous vous offrions une exp\u00e9rience de pilotage BMC compl\u00e8te, avec la conformit\u00e9 TCC Race, une maniabilit\u00e9 pr\u00e9cise et une g\u00e9om\u00e9trie de v\u00e9lo adapt\u00e9e \u00e0 vos besoins. \u00c9quip\u00e9 du groupe SHIMANO Ultegra Di2, d'un capteur de puissance 4iiii, de notre cockpit monobloc ICS Carbon Evo et d'une paire de roues premium CR 40 SL. Les cols de montagne vous attendent\u00a0!<\/p>\n<\/div>\n<\/div>\n<\/div>\n<\/div>\n<\/div>\n<\/div>\n<\/div>\n<\/div>\n<\/div>\n<\/div>\n","protected":false},"excerpt":{"rendered":"<p>Taille : 54 (M) Red\u00e9finissez la gravit\u00e9 avec le tout nouveau Teammachine SLR 01. Avec sa structure en carbone 01, le cadre le plus l\u00e9ger de BMC vous offre une rigidit\u00e9 \u00e9lev\u00e9e pour transformer chaque watt en vitesse. Plus de vitesse, vous demandez-vous\u00a0? Nous avons con\u00e7u un a\u00e9rodynamisme sup\u00e9rieur qui le rend presque aussi rapide [&hellip;]<\/p>\n","protected":false},"featured_media":4006,"template":"","meta":[],"pwb-brand":[165],"product_brand":[],"product_cat":[69],"product_tag":[],"class_list":{"0":"post-4005","1":"product","2":"type-product","3":"status-publish","4":"has-post-thumbnail","6":"pwb-brand-bmc","7":"product_cat-velo-de-route","9":"first","10":"instock","11":"shipping-taxable","12":"purchasable","13":"product-type-simple"},"brands":[{"id":165,"name":"BMC","slug":"bmc"}],"_links":{"self":[{"href":"https:\/\/rrunning.tribalt.agency\/index.php?rest_route=\/wp\/v2\/product\/4005","targetHints":{"allow":["GET"]}}],"collection":[{"href":"https:\/\/rrunning.tribalt.agency\/index.php?rest_route=\/wp\/v2\/product"}],"about":[{"href":"https:\/\/rrunning.tribalt.agency\/index.php?rest_route=\/wp\/v2\/types\/product"}],"wp:featuredmedia":[{"embeddable":true,"href":"https:\/\/rrunning.tribalt.agency\/index.php?rest_route=\/wp\/v2\/media\/4006"}],"wp:attachment":[{"href":"https:\/\/rrunning.tribalt.agency\/index.php?rest_route=%2Fwp%2Fv2%2Fmedia&parent=4005"}],"wp:term":[{"taxonomy":"pwb-brand","embeddable":true,"href":"https:\/\/rrunning.tribalt.agency\/index.php?rest_route=%2Fwp%2Fv2%2Fpwb-brand&post=4005"},{"taxonomy":"product_brand","embeddable":true,"href":"https:\/\/rrunning.tribalt.agency\/index.php?rest_route=%2Fwp%2Fv2%2Fproduct_brand&post=4005"},{"taxonomy":"product_cat","embeddable":true,"href":"https:\/\/rrunning.tribalt.agency\/index.php?rest_route=%2Fwp%2Fv2%2Fproduct_cat&post=4005"},{"taxonomy":"product_tag","embeddable":true,"href":"https:\/\/rrunning.tribalt.agency\/index.php?rest_route=%2Fwp%2Fv2%2Fproduct_tag&post=4005"}],"curies":[{"name":"wp","href":"https:\/\/api.w.org\/{rel}","templated":true}]}}