{"id":4000,"date":"2025-09-25T09:54:00","date_gmt":"2025-09-25T07:54:00","guid":{"rendered":"https:\/\/rrunning.tribalt.agency\/?post_type=product&#038;p=4000"},"modified":"2025-09-25T09:56:56","modified_gmt":"2025-09-25T07:56:56","slug":"teammachine-slr-four","status":"publish","type":"product","link":"https:\/\/rrunning.tribalt.agency\/?product=teammachine-slr-four","title":{"rendered":"TEAMMACHINE SLR FOUR"},"content":{"rendered":"<p><strong>Taille : 54 (M)<\/strong><\/p>\n<div class=\"specs__section\">\n<div class=\"specs__info\">\n<div class=\"specs__section\">\n<div class=\"specs__info\">\n<div class=\"specs__section\">\n<div class=\"specs__info\">\n<div class=\"specs__section\">\n<div class=\"specs__info\">\n<p>Le Teammachine SLR \u2013 La pr\u00e9cision perfectionn\u00e9e. Entrez dans une nouvelle \u00e8re de la comp\u00e9tition sur route avec le Teammachine SLR, un v\u00e9lo qui incarne innovation et performance \u00e0 un niveau plus accessible. Son cadre en carbone Premium l\u00e9ger, con\u00e7u avec la technologie TCC Race et une tige de selle D-shape, offre un \u00e9quilibre parfait entre vitesse, contr\u00f4le et confort. Pens\u00e9 pour une efficacit\u00e9 maximale, il int\u00e8gre les porte-bidons Aerocore, la technologie ICS pour le passage des c\u00e2bles integr\u00e9s et les pattes de cadre Stealth pour une a\u00e9rodynamique sans faille. Des d\u00e9cennies de d\u00e9veloppement ont fa\u00e7onn\u00e9 chaque d\u00e9tail, livrant une machine \u00e9l\u00e9gante et performante, pr\u00eate pour vos d\u00e9fis les plus exigeants.<\/p>\n<div class=\"specs__section\">\n<h4 class=\"specs__section-title\">Kit cadre<\/h4>\n<div class=\"specs__info\">\n<p><b>Cadre:<\/b><br \/>\nTeammachine SLR Carbon with Aerocore Design | ICS Technology Stealth Cable Routing | Stealth Dropout Design | TCC Race compliance level | Flat Mount Disc | 12 x 142mm Thru-Axle | Optimized for Aerocore Bottle Cages<\/p>\n<p><b>Fourche:<\/b><br \/>\nTeammachine SLR Carbon | ICS Technology Stealth Cable Routing | TCC Race Compliance Level | Stealth Dropout Design | Flat Mount Disc | 12 x 100mm Thru-Axle | 48mm offset Size 47-51 | 43mm offset Size 54-61<\/p>\n<p>&nbsp;<\/p>\n<\/div>\n<\/div>\n<div class=\"specs__section\">\n<h4 class=\"specs__section-title\">Cockpit<\/h4>\n<div class=\"specs__info\">\n<p><b>Potence:<\/b><br \/>\nBMC RSM 01 | Integrated Cockpit System Technology<\/p>\n<p><b>Cintre:<\/b><br \/>\nBMC RAB 02 | Ergo Top Shape | Compact Bend [or] BMC HB D4 03, 0, 6 | Alloy 6061 | 135mm drop, 70mm reach, 6\u00b0 flare<\/p>\n<p>&nbsp;<\/p>\n<\/div>\n<\/div>\n<div class=\"specs__section\">\n<h4 class=\"specs__section-title\">Seat<\/h4>\n<div class=\"specs__info\">\n<p><b>Tige de Selle:<\/b><br \/>\nTeammachine SLR Carbon D-Shaped Seatpost | 15mm Offset<\/p>\n<p><b>Selle:<\/b><br \/>\nFizik Antares R7 | S-Alloy rail 140mm -or- Selle Italia Model X Superflow | FeC Alloy rail | 145mm<\/p>\n<p>&nbsp;<\/p>\n<\/div>\n<\/div>\n<div class=\"specs__section\">\n<h4 class=\"specs__section-title\">Transmission<\/h4>\n<div class=\"specs__info\">\n<p><b>P\u00e9dalier:<\/b><br \/>\nSHIMANO 105 FC-R7100<\/p>\n<p><b>Plateaux:<\/b><br \/>\n50-34T<\/p>\n<p><b>Cassette:<\/b><br \/>\nSHIMANO 105 CS-R7101<\/p>\n<p><b>Taille de cassette:<\/b><br \/>\n11-34T<\/p>\n<p><b>Cha\u00eene:<\/b><br \/>\nSHIMANO CN-M6100<\/p>\n<p><b>D\u00e9railleur Avant:<\/b><br \/>\nSHIMANO 105 FD-R7100<\/p>\n<p><b>D\u00e9railleur Arri\u00e8re:<\/b><br \/>\nSHIMANO 105 RD-R7100<\/p>\n<p><b>Leviers de Vitesses:<\/b><br \/>\nSHIMANO 105 ST-R7120<\/p>\n<p><b>Vitesses:<\/b><br \/>\n2 x 12<\/p>\n<p><b>Bo\u00eetier de p\u00e9dalier:<\/b><br \/>\nSHIMANO Press-Fit Bottom Bracket (BB-RS500-PB)<\/p>\n<p>&nbsp;<\/p>\n<\/div>\n<\/div>\n<div class=\"specs__section\">\n<h4 class=\"specs__section-title\">Freins<\/h4>\n<div class=\"specs__info\">\n<p><b>Leviers de Frein \/ \u00c9triers:<\/b><br \/>\nSHIMANO 105 BR-R7170<\/p>\n<p><b>Disques:<\/b><br \/>\nSHIMANO SM-RT70 | Centerlock<\/p>\n<p><b>Largeur de Pedalier:<\/b><br \/>\n160 \/ 160mm<\/p>\n<p>&nbsp;<\/p>\n<\/div>\n<\/div>\n<div class=\"specs__section\">\n<h4 class=\"specs__section-title\">Roues<\/h4>\n<div class=\"specs__info\">\n<p><b>Jantes:<\/b><br \/>\nPRD23 | 23mm<\/p>\n<p><b>Moyeux:<\/b><br \/>\nSHIMANO HB-TC500-12 &amp; FH-TC500-HL | Center Lock| 28H<\/p>\n<p><b>Pneus:<\/b><br \/>\nPirelli P7 Sport | 26mm<\/p>\n<p><b>Information Tubeless:<\/b><br \/>\nNon-Tubeless Rims | Non-Tubeless Clincher Tire<\/p>\n<p>&nbsp;<\/p>\n<\/div>\n<\/div>\n<div class=\"specs__section\">\n<h4 class=\"specs__section-title\">Informations suppl\u00e9mentaires<\/h4>\n<div class=\"specs__info\">\n<p><b>Espace pour les pneus:<\/b><br \/>\n30mm measured tire<\/p>\n<p><b>Poids sans P\u00e9dales:<\/b><br \/>\n8.5 kg<\/p>\n<p><b>Classification ASTM:<\/b><br \/>\nLevel 1<\/p>\n<p><b>Limite de poids du syst\u00e8me:<\/b><br \/>\n110kg<\/p>\n<\/div>\n<\/div>\n<\/div>\n<\/div>\n<\/div>\n<\/div>\n<\/div>\n<\/div>\n<\/div>\n<\/div>\n","protected":false},"excerpt":{"rendered":"<p>Taille : 54 (M) Le Teammachine SLR \u2013 La pr\u00e9cision perfectionn\u00e9e. Entrez dans une nouvelle \u00e8re de la comp\u00e9tition sur route avec le Teammachine SLR, un v\u00e9lo qui incarne innovation et performance \u00e0 un niveau plus accessible. Son cadre en carbone Premium l\u00e9ger, con\u00e7u avec la technologie TCC Race et une tige de selle D-shape, [&hellip;]<\/p>\n","protected":false},"featured_media":4001,"template":"","meta":[],"pwb-brand":[165],"product_brand":[],"product_cat":[69],"product_tag":[],"class_list":{"0":"post-4000","1":"product","2":"type-product","3":"status-publish","4":"has-post-thumbnail","6":"pwb-brand-bmc","7":"product_cat-velo-de-route","9":"first","10":"instock","11":"shipping-taxable","12":"purchasable","13":"product-type-simple"},"brands":[{"id":165,"name":"BMC","slug":"bmc"}],"_links":{"self":[{"href":"https:\/\/rrunning.tribalt.agency\/index.php?rest_route=\/wp\/v2\/product\/4000","targetHints":{"allow":["GET"]}}],"collection":[{"href":"https:\/\/rrunning.tribalt.agency\/index.php?rest_route=\/wp\/v2\/product"}],"about":[{"href":"https:\/\/rrunning.tribalt.agency\/index.php?rest_route=\/wp\/v2\/types\/product"}],"wp:featuredmedia":[{"embeddable":true,"href":"https:\/\/rrunning.tribalt.agency\/index.php?rest_route=\/wp\/v2\/media\/4001"}],"wp:attachment":[{"href":"https:\/\/rrunning.tribalt.agency\/index.php?rest_route=%2Fwp%2Fv2%2Fmedia&parent=4000"}],"wp:term":[{"taxonomy":"pwb-brand","embeddable":true,"href":"https:\/\/rrunning.tribalt.agency\/index.php?rest_route=%2Fwp%2Fv2%2Fpwb-brand&post=4000"},{"taxonomy":"product_brand","embeddable":true,"href":"https:\/\/rrunning.tribalt.agency\/index.php?rest_route=%2Fwp%2Fv2%2Fproduct_brand&post=4000"},{"taxonomy":"product_cat","embeddable":true,"href":"https:\/\/rrunning.tribalt.agency\/index.php?rest_route=%2Fwp%2Fv2%2Fproduct_cat&post=4000"},{"taxonomy":"product_tag","embeddable":true,"href":"https:\/\/rrunning.tribalt.agency\/index.php?rest_route=%2Fwp%2Fv2%2Fproduct_tag&post=4000"}],"curies":[{"name":"wp","href":"https:\/\/api.w.org\/{rel}","templated":true}]}}